{"id":5709,"date":"2024-09-30T10:45:21","date_gmt":"2024-09-30T08:45:21","guid":{"rendered":"https:\/\/www.orion-scientific.com\/orisci22\/?page_id=5709"},"modified":"2024-09-30T15:07:31","modified_gmt":"2024-09-30T13:07:31","slug":"ohio-valley","status":"publish","type":"page","link":"https:\/\/www.orion-scientific.com\/orisci22\/ohio-valley\/","title":{"rendered":"Ohio Valley"},"content":{"rendered":"\n<h4 class=\"wp-block-heading has-text-color\" id=\"h-siamo-distributori-di-prodotti-macherey-nagel-dalle-cartucce-spe-chromabond-alle-colonne-lc-nucleosil-nucleodur-e-nucleoshell\" style=\"color:#639f4c;font-size:25px\">Siamo distributori di prodotti Ohio Valley Specialty Company<\/h4>\n\n\n\n<div style=\"height:21px\" aria-hidden=\"true\" class=\"wp-block-spacer\"><\/div>\n\n\n\n<h4 class=\"wp-block-heading\">L&#8217; Azienda Ohio Valley<\/h4>\n\n\n\n<div style=\"height:9px\" aria-hidden=\"true\" class=\"wp-block-spacer\"><\/div>\n\n\n\n<p>Ohio Valley Specialty Company \u00e8 un&#8217;azienda privata situata in Ohio, con oltre 50 anni di esperienza nel campo della gascromatografia.<\/p>\n\n\n\n<p>Dal 1966 produce fasi gascromatografiche, come le note OV-1, OV-17 e OV-624, ampiamente utilizzate nei laboratori di tutto il mondo.<\/p>\n\n\n\n<p>Essendo una realt\u00e0 con uno staff altamente qualificato, l&#8217;azienda si impegna a offrire prodotti di altissima qualit\u00e0, garantendo di soddisfare o superare le aspettative dei clienti anche con soluzioni custom.<\/p>\n\n\n\n<div style=\"height:19px\" aria-hidden=\"true\" class=\"wp-block-spacer\"><\/div>\n\n\n\n<h4 class=\"wp-block-heading\"><strong>Colonne per gascromatografia<\/strong><\/h4>\n\n\n\n<p>Offre colonne capillari realizzate con fasi originali OV\u00ae, ciascuna testata singolarmente e accompagnata da un cromatogramma di prova. Su richiesta, \u00e8 possibile personalizzare lunghezze e spessori delle colonne per soddisfare esigenze specifiche. Inoltre, l&#8217;azienda fornisce colonne impaccate per gascromatografia (GC) in vetro, metallo, insieme a una vasta gamma di accessori per colonne GC, garantendo soluzioni flessibili e di alta qualit\u00e0 per i laboratori di analisi.<\/p>\n\n\n\n<div style=\"height:38px\" aria-hidden=\"true\" class=\"wp-block-spacer\"><\/div>\n\n\n\n<div class=\"wp-block-columns is-layout-flex wp-container-core-columns-is-layout-9d6595d7 wp-block-columns-is-layout-flex\">\n<div class=\"wp-block-column is-layout-flow wp-block-column-is-layout-flow\">\n<figure class=\"wp-block-image size-full\"><img fetchpriority=\"high\" decoding=\"async\" width=\"482\" height=\"350\" src=\"https:\/\/www.orion-scientific.com\/orisci22\/wp-content\/uploads\/2024\/09\/columns_capillarycatlg.jpg\" alt=\"\" class=\"wp-image-5714\" srcset=\"https:\/\/www.orion-scientific.com\/orisci22\/wp-content\/uploads\/2024\/09\/columns_capillarycatlg.jpg 482w, https:\/\/www.orion-scientific.com\/orisci22\/wp-content\/uploads\/2024\/09\/columns_capillarycatlg-300x218.jpg 300w\" sizes=\"(max-width: 482px) 100vw, 482px\" \/><\/figure>\n\n\n\n<p><strong>Colonne capillari<\/strong><\/p>\n\n\n\n<p>Colonne capillari GC con tubi di silice fusa, che garantiscono elevati standard di qualit\u00e0. Grazie a tecniche di disattivazione avanzate applicate a temperature estreme, le colonne capillari sono tra le pi\u00f9 inerti presenti sul mercato.<\/p>\n<\/div>\n\n\n\n<div class=\"wp-block-column is-layout-flow wp-block-column-is-layout-flow\">\n<figure class=\"wp-block-image size-full\"><img decoding=\"async\" width=\"482\" height=\"350\" src=\"https:\/\/www.orion-scientific.com\/orisci22\/wp-content\/uploads\/2024\/09\/columns_category.jpg\" alt=\"\" class=\"wp-image-5713\" srcset=\"https:\/\/www.orion-scientific.com\/orisci22\/wp-content\/uploads\/2024\/09\/columns_category.jpg 482w, https:\/\/www.orion-scientific.com\/orisci22\/wp-content\/uploads\/2024\/09\/columns_category-300x218.jpg 300w\" sizes=\"(max-width: 482px) 100vw, 482px\" \/><\/figure>\n\n\n\n<p><strong>Colonne impaccate<\/strong><\/p>\n\n\n\n<p>L\u2019azienda offre colonne impaccate GC in vari materiali, tra cui vetro, metallo, corredate di raccordi in funzione del gascromatografo in uso.<\/p>\n<\/div>\n\n\n\n<div class=\"wp-block-column is-layout-flow wp-block-column-is-layout-flow\">\n<figure class=\"wp-block-image size-full\"><img decoding=\"async\" width=\"482\" height=\"350\" src=\"https:\/\/www.orion-scientific.com\/orisci22\/wp-content\/uploads\/2024\/09\/columns_packingscatlg.jpg\" alt=\"\" class=\"wp-image-5712\" srcset=\"https:\/\/www.orion-scientific.com\/orisci22\/wp-content\/uploads\/2024\/09\/columns_packingscatlg.jpg 482w, https:\/\/www.orion-scientific.com\/orisci22\/wp-content\/uploads\/2024\/09\/columns_packingscatlg-300x218.jpg 300w\" sizes=\"(max-width: 482px) 100vw, 482px\" \/><\/figure>\n\n\n\n<p><strong>Imballaggi per colonne GC<\/strong><\/p>\n\n\n\n<p>Ohio Valley propone una variet\u00e0 di fasi per colonne GC. Le fasi sono disponibili in unit\u00e0 da 20 grammi, con possibilit\u00e0 di personalizzarli su richiesta.<\/p>\n<\/div>\n<\/div>\n\n\n\n<div style=\"height:42px\" aria-hidden=\"true\" class=\"wp-block-spacer\"><\/div>\n\n\n\n<p class=\"has-text-align-center\"><strong>Siamo distributori ufficiali dei prodotti Ohio Valley<\/strong><\/p>\n\n\n\n<div style=\"height:30px\" aria-hidden=\"true\" class=\"wp-block-spacer\"><\/div>\n\n\n\n<div class=\"wp-block-buttons is-content-justification-center is-layout-flex wp-container-core-buttons-is-layout-16018d1d wp-block-buttons-is-layout-flex\">\n<div class=\"wp-block-button has-custom-font-size has-small-font-size\"><a class=\"wp-block-button__link has-background wp-element-button\" href=\"https:\/\/www.orion-scientific.com\/orisci22\/richiedi-informazioni\/\" style=\"background-color:#639f4c\">Richiedi informazioni o un preventivo<\/a><\/div>\n<\/div>\n\n\n\n<div style=\"height:32px\" aria-hidden=\"true\" class=\"wp-block-spacer\"><\/div>\n\n\n\n<p class=\"has-text-align-center\">o invia una mail a<a href=\"mailto:marketing@orion-scientific.com?subject=Richiesta Macherey Nagel\"> marketing@orion-scientific.com<\/a><\/p>\n\n\n\n<div style=\"height:100px\" aria-hidden=\"true\" class=\"wp-block-spacer\"><\/div>\n","protected":false},"excerpt":{"rendered":"<p>Siamo distributori di prodotti Ohio Valley Specialty Company L&#8217; Azienda Ohio Valley Ohio Valley Specialty Company \u00e8 un&#8217;azienda privata situata in Ohio, con oltre 50 anni di esperienza nel campo della gascromatografia. Dal 1966 produce fasi gascromatografiche, come le note OV-1, OV-17 e OV-624, ampiamente utilizzate nei laboratori di tutto il mondo. Essendo una realt\u00e0&hellip;<\/p>\n","protected":false},"author":3,"featured_media":0,"parent":0,"menu_order":0,"comment_status":"closed","ping_status":"closed","template":"","meta":{"_themeisle_gutenberg_block_has_review":false,"footnotes":""},"class_list":["post-5709","page","type-page","status-publish","hentry"],"yoast_head":"<!-- This site is optimized with the Yoast SEO plugin v24.4 - https:\/\/yoast.com\/wordpress\/plugins\/seo\/ -->\n<title>Rivenditori Ohio Valley<\/title>\n<meta name=\"description\" content=\"Distribuiamo le hio Colonne per gascromatografia di Ohio Valley: colonne capillari e colonne impaccate in vetro, metallo e PTFE\" \/>\n<meta name=\"robots\" content=\"index, follow, max-snippet:-1, max-image-preview:large, max-video-preview:-1\" \/>\n<link rel=\"canonical\" href=\"https:\/\/www.orion-scientific.com\/orisci22\/ohio-valley\/\" \/>\n<meta property=\"og:locale\" content=\"it_IT\" \/>\n<meta property=\"og:type\" content=\"article\" \/>\n<meta property=\"og:title\" content=\"Rivenditori Ohio Valley\" \/>\n<meta property=\"og:description\" content=\"Distribuiamo le hio Colonne per gascromatografia di Ohio Valley: colonne capillari e colonne impaccate in vetro, metallo e PTFE\" \/>\n<meta property=\"og:url\" content=\"https:\/\/www.orion-scientific.com\/orisci22\/ohio-valley\/\" \/>\n<meta property=\"og:site_name\" content=\"Orion Scientific Srl\" \/>\n<meta property=\"article:modified_time\" content=\"2024-09-30T13:07:31+00:00\" \/>\n<meta property=\"og:image\" content=\"https:\/\/www.orion-scientific.com\/orisci22\/wp-content\/uploads\/2024\/09\/columns_capillarycatlg.jpg\" \/>\n<meta name=\"twitter:card\" content=\"summary_large_image\" \/>\n<meta name=\"twitter:label1\" content=\"Tempo di lettura stimato\" \/>\n\t<meta name=\"twitter:data1\" content=\"2 minuti\" \/>\n<script type=\"application\/ld+json\" class=\"yoast-schema-graph\">{\"@context\":\"https:\/\/schema.org\",\"@graph\":[{\"@type\":\"WebPage\",\"@id\":\"https:\/\/www.orion-scientific.com\/orisci22\/ohio-valley\/\",\"url\":\"https:\/\/www.orion-scientific.com\/orisci22\/ohio-valley\/\",\"name\":\"Rivenditori Ohio Valley\",\"isPartOf\":{\"@id\":\"https:\/\/www.orion-scientific.com\/orisci22\/#website\"},\"primaryImageOfPage\":{\"@id\":\"https:\/\/www.orion-scientific.com\/orisci22\/ohio-valley\/#primaryimage\"},\"image\":{\"@id\":\"https:\/\/www.orion-scientific.com\/orisci22\/ohio-valley\/#primaryimage\"},\"thumbnailUrl\":\"https:\/\/www.orion-scientific.com\/orisci22\/wp-content\/uploads\/2024\/09\/columns_capillarycatlg.jpg\",\"datePublished\":\"2024-09-30T08:45:21+00:00\",\"dateModified\":\"2024-09-30T13:07:31+00:00\",\"description\":\"Distribuiamo le hio Colonne per gascromatografia di Ohio Valley: colonne capillari e colonne impaccate in vetro, metallo e PTFE\",\"breadcrumb\":{\"@id\":\"https:\/\/www.orion-scientific.com\/orisci22\/ohio-valley\/#breadcrumb\"},\"inLanguage\":\"it-IT\",\"potentialAction\":[{\"@type\":\"ReadAction\",\"target\":[\"https:\/\/www.orion-scientific.com\/orisci22\/ohio-valley\/\"]}]},{\"@type\":\"ImageObject\",\"inLanguage\":\"it-IT\",\"@id\":\"https:\/\/www.orion-scientific.com\/orisci22\/ohio-valley\/#primaryimage\",\"url\":\"https:\/\/www.orion-scientific.com\/orisci22\/wp-content\/uploads\/2024\/09\/columns_capillarycatlg.jpg\",\"contentUrl\":\"https:\/\/www.orion-scientific.com\/orisci22\/wp-content\/uploads\/2024\/09\/columns_capillarycatlg.jpg\",\"width\":482,\"height\":350,\"caption\":\"ohio valley\"},{\"@type\":\"BreadcrumbList\",\"@id\":\"https:\/\/www.orion-scientific.com\/orisci22\/ohio-valley\/#breadcrumb\",\"itemListElement\":[{\"@type\":\"ListItem\",\"position\":1,\"name\":\"Home\",\"item\":\"https:\/\/www.orion-scientific.com\/orisci22\/\"},{\"@type\":\"ListItem\",\"position\":2,\"name\":\"Ohio Valley\"}]},{\"@type\":\"WebSite\",\"@id\":\"https:\/\/www.orion-scientific.com\/orisci22\/#website\",\"url\":\"https:\/\/www.orion-scientific.com\/orisci22\/\",\"name\":\"Orion Scientific Srl\",\"description\":\"The Laboratory World\",\"publisher\":{\"@id\":\"https:\/\/www.orion-scientific.com\/orisci22\/#organization\"},\"potentialAction\":[{\"@type\":\"SearchAction\",\"target\":{\"@type\":\"EntryPoint\",\"urlTemplate\":\"https:\/\/www.orion-scientific.com\/orisci22\/?s={search_term_string}\"},\"query-input\":{\"@type\":\"PropertyValueSpecification\",\"valueRequired\":true,\"valueName\":\"search_term_string\"}}],\"inLanguage\":\"it-IT\"},{\"@type\":\"Organization\",\"@id\":\"https:\/\/www.orion-scientific.com\/orisci22\/#organization\",\"name\":\"Orion Scientific Srl\",\"url\":\"https:\/\/www.orion-scientific.com\/orisci22\/\",\"logo\":{\"@type\":\"ImageObject\",\"inLanguage\":\"it-IT\",\"@id\":\"https:\/\/www.orion-scientific.com\/orisci22\/#\/schema\/logo\/image\/\",\"url\":\"https:\/\/orion-scientific.com\/orisci22\/wp-content\/uploads\/2021\/12\/logo_orion_scientific_011.png\",\"contentUrl\":\"https:\/\/orion-scientific.com\/orisci22\/wp-content\/uploads\/2021\/12\/logo_orion_scientific_011.png\",\"width\":896,\"height\":350,\"caption\":\"Orion Scientific Srl\"},\"image\":{\"@id\":\"https:\/\/www.orion-scientific.com\/orisci22\/#\/schema\/logo\/image\/\"},\"sameAs\":[\"https:\/\/it.linkedin.com\/company\/orion-scientific-srl\"]}]}<\/script>\n<!-- \/ Yoast SEO plugin. -->","yoast_head_json":{"title":"Rivenditori Ohio Valley","description":"Distribuiamo le hio Colonne per gascromatografia di Ohio Valley: colonne capillari e colonne impaccate in vetro, metallo e PTFE","robots":{"index":"index","follow":"follow","max-snippet":"max-snippet:-1","max-image-preview":"max-image-preview:large","max-video-preview":"max-video-preview:-1"},"canonical":"https:\/\/www.orion-scientific.com\/orisci22\/ohio-valley\/","og_locale":"it_IT","og_type":"article","og_title":"Rivenditori Ohio Valley","og_description":"Distribuiamo le hio Colonne per gascromatografia di Ohio Valley: colonne capillari e colonne impaccate in vetro, metallo e PTFE","og_url":"https:\/\/www.orion-scientific.com\/orisci22\/ohio-valley\/","og_site_name":"Orion Scientific Srl","article_modified_time":"2024-09-30T13:07:31+00:00","og_image":[{"url":"https:\/\/www.orion-scientific.com\/orisci22\/wp-content\/uploads\/2024\/09\/columns_capillarycatlg.jpg","type":"","width":"","height":""}],"twitter_card":"summary_large_image","twitter_misc":{"Tempo di lettura stimato":"2 minuti"},"schema":{"@context":"https:\/\/schema.org","@graph":[{"@type":"WebPage","@id":"https:\/\/www.orion-scientific.com\/orisci22\/ohio-valley\/","url":"https:\/\/www.orion-scientific.com\/orisci22\/ohio-valley\/","name":"Rivenditori Ohio Valley","isPartOf":{"@id":"https:\/\/www.orion-scientific.com\/orisci22\/#website"},"primaryImageOfPage":{"@id":"https:\/\/www.orion-scientific.com\/orisci22\/ohio-valley\/#primaryimage"},"image":{"@id":"https:\/\/www.orion-scientific.com\/orisci22\/ohio-valley\/#primaryimage"},"thumbnailUrl":"https:\/\/www.orion-scientific.com\/orisci22\/wp-content\/uploads\/2024\/09\/columns_capillarycatlg.jpg","datePublished":"2024-09-30T08:45:21+00:00","dateModified":"2024-09-30T13:07:31+00:00","description":"Distribuiamo le hio Colonne per gascromatografia di Ohio Valley: colonne capillari e colonne impaccate in vetro, metallo e PTFE","breadcrumb":{"@id":"https:\/\/www.orion-scientific.com\/orisci22\/ohio-valley\/#breadcrumb"},"inLanguage":"it-IT","potentialAction":[{"@type":"ReadAction","target":["https:\/\/www.orion-scientific.com\/orisci22\/ohio-valley\/"]}]},{"@type":"ImageObject","inLanguage":"it-IT","@id":"https:\/\/www.orion-scientific.com\/orisci22\/ohio-valley\/#primaryimage","url":"https:\/\/www.orion-scientific.com\/orisci22\/wp-content\/uploads\/2024\/09\/columns_capillarycatlg.jpg","contentUrl":"https:\/\/www.orion-scientific.com\/orisci22\/wp-content\/uploads\/2024\/09\/columns_capillarycatlg.jpg","width":482,"height":350,"caption":"ohio valley"},{"@type":"BreadcrumbList","@id":"https:\/\/www.orion-scientific.com\/orisci22\/ohio-valley\/#breadcrumb","itemListElement":[{"@type":"ListItem","position":1,"name":"Home","item":"https:\/\/www.orion-scientific.com\/orisci22\/"},{"@type":"ListItem","position":2,"name":"Ohio Valley"}]},{"@type":"WebSite","@id":"https:\/\/www.orion-scientific.com\/orisci22\/#website","url":"https:\/\/www.orion-scientific.com\/orisci22\/","name":"Orion Scientific Srl","description":"The Laboratory World","publisher":{"@id":"https:\/\/www.orion-scientific.com\/orisci22\/#organization"},"potentialAction":[{"@type":"SearchAction","target":{"@type":"EntryPoint","urlTemplate":"https:\/\/www.orion-scientific.com\/orisci22\/?s={search_term_string}"},"query-input":{"@type":"PropertyValueSpecification","valueRequired":true,"valueName":"search_term_string"}}],"inLanguage":"it-IT"},{"@type":"Organization","@id":"https:\/\/www.orion-scientific.com\/orisci22\/#organization","name":"Orion Scientific Srl","url":"https:\/\/www.orion-scientific.com\/orisci22\/","logo":{"@type":"ImageObject","inLanguage":"it-IT","@id":"https:\/\/www.orion-scientific.com\/orisci22\/#\/schema\/logo\/image\/","url":"https:\/\/orion-scientific.com\/orisci22\/wp-content\/uploads\/2021\/12\/logo_orion_scientific_011.png","contentUrl":"https:\/\/orion-scientific.com\/orisci22\/wp-content\/uploads\/2021\/12\/logo_orion_scientific_011.png","width":896,"height":350,"caption":"Orion Scientific Srl"},"image":{"@id":"https:\/\/www.orion-scientific.com\/orisci22\/#\/schema\/logo\/image\/"},"sameAs":["https:\/\/it.linkedin.com\/company\/orion-scientific-srl"]}]}},"_links":{"self":[{"href":"https:\/\/www.orion-scientific.com\/orisci22\/wp-json\/wp\/v2\/pages\/5709","targetHints":{"allow":["GET"]}}],"collection":[{"href":"https:\/\/www.orion-scientific.com\/orisci22\/wp-json\/wp\/v2\/pages"}],"about":[{"href":"https:\/\/www.orion-scientific.com\/orisci22\/wp-json\/wp\/v2\/types\/page"}],"author":[{"embeddable":true,"href":"https:\/\/www.orion-scientific.com\/orisci22\/wp-json\/wp\/v2\/users\/3"}],"replies":[{"embeddable":true,"href":"https:\/\/www.orion-scientific.com\/orisci22\/wp-json\/wp\/v2\/comments?post=5709"}],"version-history":[{"count":9,"href":"https:\/\/www.orion-scientific.com\/orisci22\/wp-json\/wp\/v2\/pages\/5709\/revisions"}],"predecessor-version":[{"id":5728,"href":"https:\/\/www.orion-scientific.com\/orisci22\/wp-json\/wp\/v2\/pages\/5709\/revisions\/5728"}],"wp:attachment":[{"href":"https:\/\/www.orion-scientific.com\/orisci22\/wp-json\/wp\/v2\/media?parent=5709"}],"curies":[{"name":"wp","href":"https:\/\/api.w.org\/{rel}","templated":true}]}}