{"id":5259,"date":"2024-01-24T12:15:56","date_gmt":"2024-01-24T11:15:56","guid":{"rendered":"https:\/\/www.orion-scientific.com\/orisci22\/?page_id=5259"},"modified":"2024-01-24T12:45:54","modified_gmt":"2024-01-24T11:45:54","slug":"supporto-magazzino","status":"publish","type":"page","link":"https:\/\/www.orion-scientific.com\/orisci22\/supporto-magazzino\/","title":{"rendered":"Supporto Magazzino"},"content":{"rendered":"\n<h3 class=\"wp-block-heading has-text-align-center has-text-color\" id=\"h-posizione-aperta-supporto-magazzino\" style=\"color:#006a3b\">Posizione aperta: Supporto Magazzino<\/h3>\n\n\n\n<div style=\"height:23px\" aria-hidden=\"true\" class=\"wp-block-spacer\"><\/div>\n\n\n\n<p><p style=\"text-align: justify;\">Siamo alla ricerca di una risorsa da inserire nel nostro comparto logistica, per rafforzare le attivit\u00e0 legate alla gestione del magazzino.<\/p><\/p>\n\n\n\n<div style=\"height:19px\" aria-hidden=\"true\" class=\"wp-block-spacer\"><\/div>\n\n\n\n<p class=\"has-text-color\" style=\"color:#006a3b\"><strong>Mansioni:<\/strong><\/p>\n\n\n\n<p><p style=\"text-align: justify;\">La risorsa, in affiancamento al Responsabile del magazzino, si occuper\u00e0 di supportarlo nella ricezione, controllo e smistamento della merce in entrata. Collaborer\u00e0 con il collega per la preparazione delle spedizioni e per la predisposizione dei documenti di trasporto. Inoltre, dar\u00e0 supporto per il reintegro del materiale e per tutte le attivit\u00e0 concernenti il magazzino.<\/p><\/p>\n\n\n\n<div style=\"height:24px\" aria-hidden=\"true\" class=\"wp-block-spacer\"><\/div>\n\n\n\n<p class=\"has-text-color\" style=\"color:#006a3b\"><strong>Il candidato ideale deve possedere i seguenti requisiti:<\/strong><\/p>\n\n\n\n<p><\/p>\n\n\n\n<ul class=\"wp-block-list\">\n<li>Ottimo utilizzo del Pacchetto Office.<\/li>\n\n\n\n<li>Conoscenza della lingua inglese.<\/li>\n\n\n\n<li>Buon utilizzo del transpallet manuale ed elettrico.<\/li>\n\n\n\n<li>Ottimo utilizzo di software per l\u2019inserimento ordini; preferenziale sar\u00e0 l\u2019uso di SAP<\/li>\n\n\n\n<li>Residenza limitrofa alla sede dell\u2019azienda (Padova).<\/li>\n<\/ul>\n\n\n\n<p><\/p>\n\n\n\n<div style=\"height:24px\" aria-hidden=\"true\" class=\"wp-block-spacer\"><\/div>\n\n\n\n<p>Sede di lavoro: Padova<\/p>\n\n\n\n<p><\/p>\n\n\n\n<p>Offriamo: contratto di assunzione con condizioni contrattuali commisurate all\u2019esperienza del candidato.<\/p>\n\n\n\n<div style=\"height:54px\" aria-hidden=\"true\" class=\"wp-block-spacer\"><\/div>\n\n\n\n<div class=\"wp-block-buttons is-content-justification-center is-layout-flex wp-container-core-buttons-is-layout-16018d1d wp-block-buttons-is-layout-flex\">\n<div class=\"wp-block-button\"><a class=\"wp-block-button__link has-white-color has-text-color has-background wp-element-button\" href=\"mailto:cv@orion-scientific.com?subject=Supporto Magazzino\" style=\"background-color:#006a3b\">Invia la tua candidatura<\/a><\/div>\n<\/div>\n\n\n\n\n\n<div style=\"height:54px\" aria-hidden=\"true\" class=\"wp-block-spacer\"><\/div>\n\n\n\n<p class=\"has-text-align-center\">o invia una mail, comprensiva di CV, all&#8217;indirizzo <a href=\"mailto:cv@orion-scientific.com\"><em>cv@orion-scientific.com<\/em><\/a><em> &nbsp;<\/em><\/p>\n\n\n\n<div style=\"height:91px\" aria-hidden=\"true\" class=\"wp-block-spacer\"><\/div>\n","protected":false},"excerpt":{"rendered":"<p>Posizione aperta: Supporto Magazzino Siamo alla ricerca di una risorsa da inserire nel nostro comparto logistica, per rafforzare le attivit\u00e0 legate alla gestione del magazzino. Mansioni: La risorsa, in affiancamento al Responsabile del magazzino, si occuper\u00e0 di supportarlo nella ricezione, controllo e smistamento della merce in entrata. Collaborer\u00e0 con il collega per la preparazione delle&hellip;<\/p>\n","protected":false},"author":3,"featured_media":0,"parent":0,"menu_order":0,"comment_status":"closed","ping_status":"closed","template":"","meta":{"_themeisle_gutenberg_block_has_review":false,"footnotes":""},"class_list":["post-5259","page","type-page","status-publish","hentry"],"yoast_head":"<!-- This site is optimized with the Yoast SEO plugin v24.4 - https:\/\/yoast.com\/wordpress\/plugins\/seo\/ -->\n<title>Supporto Magazzino - Orion Scientific Srl<\/title>\n<meta name=\"robots\" content=\"index, follow, max-snippet:-1, max-image-preview:large, max-video-preview:-1\" \/>\n<link rel=\"canonical\" href=\"https:\/\/www.orion-scientific.com\/orisci22\/supporto-magazzino\/\" \/>\n<meta property=\"og:locale\" content=\"it_IT\" \/>\n<meta property=\"og:type\" content=\"article\" \/>\n<meta property=\"og:title\" content=\"Supporto Magazzino - Orion Scientific Srl\" \/>\n<meta property=\"og:description\" content=\"Posizione aperta: Supporto Magazzino Siamo alla ricerca di una risorsa da inserire nel nostro comparto logistica, per rafforzare le attivit\u00e0 legate alla gestione del magazzino. Mansioni: La risorsa, in affiancamento al Responsabile del magazzino, si occuper\u00e0 di supportarlo nella ricezione, controllo e smistamento della merce in entrata. Collaborer\u00e0 con il collega per la preparazione delle&hellip;\" \/>\n<meta property=\"og:url\" content=\"https:\/\/www.orion-scientific.com\/orisci22\/supporto-magazzino\/\" \/>\n<meta property=\"og:site_name\" content=\"Orion Scientific Srl\" \/>\n<meta property=\"article:modified_time\" content=\"2024-01-24T11:45:54+00:00\" \/>\n<meta name=\"twitter:card\" content=\"summary_large_image\" \/>\n<meta name=\"twitter:label1\" content=\"Tempo di lettura stimato\" \/>\n\t<meta name=\"twitter:data1\" content=\"1 minuto\" \/>\n<script type=\"application\/ld+json\" class=\"yoast-schema-graph\">{\"@context\":\"https:\/\/schema.org\",\"@graph\":[{\"@type\":\"WebPage\",\"@id\":\"https:\/\/www.orion-scientific.com\/orisci22\/supporto-magazzino\/\",\"url\":\"https:\/\/www.orion-scientific.com\/orisci22\/supporto-magazzino\/\",\"name\":\"Supporto Magazzino - Orion Scientific Srl\",\"isPartOf\":{\"@id\":\"https:\/\/www.orion-scientific.com\/orisci22\/#website\"},\"datePublished\":\"2024-01-24T11:15:56+00:00\",\"dateModified\":\"2024-01-24T11:45:54+00:00\",\"breadcrumb\":{\"@id\":\"https:\/\/www.orion-scientific.com\/orisci22\/supporto-magazzino\/#breadcrumb\"},\"inLanguage\":\"it-IT\",\"potentialAction\":[{\"@type\":\"ReadAction\",\"target\":[\"https:\/\/www.orion-scientific.com\/orisci22\/supporto-magazzino\/\"]}]},{\"@type\":\"BreadcrumbList\",\"@id\":\"https:\/\/www.orion-scientific.com\/orisci22\/supporto-magazzino\/#breadcrumb\",\"itemListElement\":[{\"@type\":\"ListItem\",\"position\":1,\"name\":\"Home\",\"item\":\"https:\/\/www.orion-scientific.com\/orisci22\/\"},{\"@type\":\"ListItem\",\"position\":2,\"name\":\"Supporto Magazzino\"}]},{\"@type\":\"WebSite\",\"@id\":\"https:\/\/www.orion-scientific.com\/orisci22\/#website\",\"url\":\"https:\/\/www.orion-scientific.com\/orisci22\/\",\"name\":\"Orion Scientific Srl\",\"description\":\"The Laboratory World\",\"publisher\":{\"@id\":\"https:\/\/www.orion-scientific.com\/orisci22\/#organization\"},\"potentialAction\":[{\"@type\":\"SearchAction\",\"target\":{\"@type\":\"EntryPoint\",\"urlTemplate\":\"https:\/\/www.orion-scientific.com\/orisci22\/?s={search_term_string}\"},\"query-input\":{\"@type\":\"PropertyValueSpecification\",\"valueRequired\":true,\"valueName\":\"search_term_string\"}}],\"inLanguage\":\"it-IT\"},{\"@type\":\"Organization\",\"@id\":\"https:\/\/www.orion-scientific.com\/orisci22\/#organization\",\"name\":\"Orion Scientific Srl\",\"url\":\"https:\/\/www.orion-scientific.com\/orisci22\/\",\"logo\":{\"@type\":\"ImageObject\",\"inLanguage\":\"it-IT\",\"@id\":\"https:\/\/www.orion-scientific.com\/orisci22\/#\/schema\/logo\/image\/\",\"url\":\"https:\/\/orion-scientific.com\/orisci22\/wp-content\/uploads\/2021\/12\/logo_orion_scientific_011.png\",\"contentUrl\":\"https:\/\/orion-scientific.com\/orisci22\/wp-content\/uploads\/2021\/12\/logo_orion_scientific_011.png\",\"width\":896,\"height\":350,\"caption\":\"Orion Scientific Srl\"},\"image\":{\"@id\":\"https:\/\/www.orion-scientific.com\/orisci22\/#\/schema\/logo\/image\/\"},\"sameAs\":[\"https:\/\/it.linkedin.com\/company\/orion-scientific-srl\"]}]}<\/script>\n<!-- \/ Yoast SEO plugin. -->","yoast_head_json":{"title":"Supporto Magazzino - Orion Scientific Srl","robots":{"index":"index","follow":"follow","max-snippet":"max-snippet:-1","max-image-preview":"max-image-preview:large","max-video-preview":"max-video-preview:-1"},"canonical":"https:\/\/www.orion-scientific.com\/orisci22\/supporto-magazzino\/","og_locale":"it_IT","og_type":"article","og_title":"Supporto Magazzino - Orion Scientific Srl","og_description":"Posizione aperta: Supporto Magazzino Siamo alla ricerca di una risorsa da inserire nel nostro comparto logistica, per rafforzare le attivit\u00e0 legate alla gestione del magazzino. Mansioni: La risorsa, in affiancamento al Responsabile del magazzino, si occuper\u00e0 di supportarlo nella ricezione, controllo e smistamento della merce in entrata. Collaborer\u00e0 con il collega per la preparazione delle&hellip;","og_url":"https:\/\/www.orion-scientific.com\/orisci22\/supporto-magazzino\/","og_site_name":"Orion Scientific Srl","article_modified_time":"2024-01-24T11:45:54+00:00","twitter_card":"summary_large_image","twitter_misc":{"Tempo di lettura stimato":"1 minuto"},"schema":{"@context":"https:\/\/schema.org","@graph":[{"@type":"WebPage","@id":"https:\/\/www.orion-scientific.com\/orisci22\/supporto-magazzino\/","url":"https:\/\/www.orion-scientific.com\/orisci22\/supporto-magazzino\/","name":"Supporto Magazzino - Orion Scientific Srl","isPartOf":{"@id":"https:\/\/www.orion-scientific.com\/orisci22\/#website"},"datePublished":"2024-01-24T11:15:56+00:00","dateModified":"2024-01-24T11:45:54+00:00","breadcrumb":{"@id":"https:\/\/www.orion-scientific.com\/orisci22\/supporto-magazzino\/#breadcrumb"},"inLanguage":"it-IT","potentialAction":[{"@type":"ReadAction","target":["https:\/\/www.orion-scientific.com\/orisci22\/supporto-magazzino\/"]}]},{"@type":"BreadcrumbList","@id":"https:\/\/www.orion-scientific.com\/orisci22\/supporto-magazzino\/#breadcrumb","itemListElement":[{"@type":"ListItem","position":1,"name":"Home","item":"https:\/\/www.orion-scientific.com\/orisci22\/"},{"@type":"ListItem","position":2,"name":"Supporto Magazzino"}]},{"@type":"WebSite","@id":"https:\/\/www.orion-scientific.com\/orisci22\/#website","url":"https:\/\/www.orion-scientific.com\/orisci22\/","name":"Orion Scientific Srl","description":"The Laboratory World","publisher":{"@id":"https:\/\/www.orion-scientific.com\/orisci22\/#organization"},"potentialAction":[{"@type":"SearchAction","target":{"@type":"EntryPoint","urlTemplate":"https:\/\/www.orion-scientific.com\/orisci22\/?s={search_term_string}"},"query-input":{"@type":"PropertyValueSpecification","valueRequired":true,"valueName":"search_term_string"}}],"inLanguage":"it-IT"},{"@type":"Organization","@id":"https:\/\/www.orion-scientific.com\/orisci22\/#organization","name":"Orion Scientific Srl","url":"https:\/\/www.orion-scientific.com\/orisci22\/","logo":{"@type":"ImageObject","inLanguage":"it-IT","@id":"https:\/\/www.orion-scientific.com\/orisci22\/#\/schema\/logo\/image\/","url":"https:\/\/orion-scientific.com\/orisci22\/wp-content\/uploads\/2021\/12\/logo_orion_scientific_011.png","contentUrl":"https:\/\/orion-scientific.com\/orisci22\/wp-content\/uploads\/2021\/12\/logo_orion_scientific_011.png","width":896,"height":350,"caption":"Orion Scientific Srl"},"image":{"@id":"https:\/\/www.orion-scientific.com\/orisci22\/#\/schema\/logo\/image\/"},"sameAs":["https:\/\/it.linkedin.com\/company\/orion-scientific-srl"]}]}},"_links":{"self":[{"href":"https:\/\/www.orion-scientific.com\/orisci22\/wp-json\/wp\/v2\/pages\/5259","targetHints":{"allow":["GET"]}}],"collection":[{"href":"https:\/\/www.orion-scientific.com\/orisci22\/wp-json\/wp\/v2\/pages"}],"about":[{"href":"https:\/\/www.orion-scientific.com\/orisci22\/wp-json\/wp\/v2\/types\/page"}],"author":[{"embeddable":true,"href":"https:\/\/www.orion-scientific.com\/orisci22\/wp-json\/wp\/v2\/users\/3"}],"replies":[{"embeddable":true,"href":"https:\/\/www.orion-scientific.com\/orisci22\/wp-json\/wp\/v2\/comments?post=5259"}],"version-history":[{"count":5,"href":"https:\/\/www.orion-scientific.com\/orisci22\/wp-json\/wp\/v2\/pages\/5259\/revisions"}],"predecessor-version":[{"id":5270,"href":"https:\/\/www.orion-scientific.com\/orisci22\/wp-json\/wp\/v2\/pages\/5259\/revisions\/5270"}],"wp:attachment":[{"href":"https:\/\/www.orion-scientific.com\/orisci22\/wp-json\/wp\/v2\/media?parent=5259"}],"curies":[{"name":"wp","href":"https:\/\/api.w.org\/{rel}","templated":true}]}}