{"id":4907,"date":"2023-07-10T14:57:59","date_gmt":"2023-07-10T12:57:59","guid":{"rendered":"https:\/\/www.orion-scientific.com\/orisci22\/?page_id=4907"},"modified":"2023-07-17T14:03:59","modified_gmt":"2023-07-17T12:03:59","slug":"strumentazione-microscopi-raman","status":"publish","type":"page","link":"https:\/\/www.orion-scientific.com\/orisci22\/strumentazione-microscopi-raman\/","title":{"rendered":"Strumentazione &#8211; Microscopi Raman"},"content":{"rendered":"\n<div style=\"height:25px\" aria-hidden=\"true\" class=\"wp-block-spacer\"><\/div>\n\n\n\n<h2 class=\"wp-block-heading has-text-align-center\" id=\"h-microscopi-raman-nel-nostro-portfolio\">Microscopi Raman nel nostro portfolio<\/h2>\n\n\n\n<div style=\"height:16px\" aria-hidden=\"true\" class=\"wp-block-spacer\"><\/div>\n\n\n\n<p style=\"text-align: justify;\">Thermo Scientific offre una completa gamma di microscopi: Thermo DXR3 Raman Microscope e DXR3xi Raman Imaging Microscope. Sistemi innovativi, ad alte prestazioni, con software user-friendly, per analisi accurate in aula, in produzione, o nei laboratori di ricerca e controllo qualit\u00e0.<\/p>\n\n\n\n<div style=\"height:36px\" aria-hidden=\"true\" class=\"wp-block-spacer\"><\/div>\n\n\n\n<div class=\"wp-block-columns is-layout-flex wp-container-core-columns-is-layout-9d6595d7 wp-block-columns-is-layout-flex\">\n<div class=\"wp-block-column is-layout-flow wp-block-column-is-layout-flow\">\n<h4 class=\"wp-block-heading has-text-align-center\">Thermo DXR3 Raman<\/h4>\n\n\n<div class=\"wp-block-image\">\n<figure class=\"aligncenter size-full\"><img fetchpriority=\"high\" decoding=\"async\" width=\"400\" height=\"400\" src=\"https:\/\/www.orion-scientific.com\/orisci22\/wp-content\/uploads\/2021\/11\/15-DXR-Raman-Microscope.png\" alt=\"microscopio raman\" class=\"wp-image-1792\" srcset=\"https:\/\/www.orion-scientific.com\/orisci22\/wp-content\/uploads\/2021\/11\/15-DXR-Raman-Microscope.png 400w, https:\/\/www.orion-scientific.com\/orisci22\/wp-content\/uploads\/2021\/11\/15-DXR-Raman-Microscope-300x300.png 300w, https:\/\/www.orion-scientific.com\/orisci22\/wp-content\/uploads\/2021\/11\/15-DXR-Raman-Microscope-150x150.png 150w\" sizes=\"(max-width: 400px) 100vw, 400px\" \/><\/figure>\n<\/div>\n\n\n<p style=\"text-align: justify;\">Accedete ai dati Raman pi\u00f9 velocemente che mai con questo microscopio Raman point-and-shoot di facile utilizzo. Le capacit\u00e0 di imaging avanzate rendono il microscopio Thermo Scientific DXR 3 pi\u00f9 veloce e affidabile che mai. Gli utilizzatori possono usare con maggiore sicurezza i propri dati Raman grazie alla calibrazione automatica dell\u2019asse X che migliora l\u2019affidabilit\u00e0 e la stabilit\u00e0. Con la velocit\u00e0 e la flessibilit\u00e0 dei nuovi laser e reticoli, il microscopio DXR3 \u00e8 ideale per applicazioni come polimeri farmaceutici, accademici, avanzati, microplastiche e molti altri.<\/p>\n<\/div>\n\n\n\n<div class=\"wp-block-column is-layout-flow wp-block-column-is-layout-flow\">\n<h4 class=\"wp-block-heading has-text-align-center\">Thermo DXR3xi Raman Imaging <\/h4>\n\n\n\n<div style=\"height:27px\" aria-hidden=\"true\" class=\"wp-block-spacer\"><\/div>\n\n\n<div class=\"wp-block-image\">\n<figure class=\"aligncenter size-medium\"><img decoding=\"async\" width=\"300\" height=\"300\" src=\"https:\/\/www.orion-scientific.com\/orisci22\/wp-content\/uploads\/2021\/12\/16-DXR3xi-Raman-Imaging-Microscope-300x300.png\" alt=\"DXR3xi Raman Imaging Microscope\" class=\"wp-image-1810\" srcset=\"https:\/\/www.orion-scientific.com\/orisci22\/wp-content\/uploads\/2021\/12\/16-DXR3xi-Raman-Imaging-Microscope-300x300.png 300w, https:\/\/www.orion-scientific.com\/orisci22\/wp-content\/uploads\/2021\/12\/16-DXR3xi-Raman-Imaging-Microscope-150x150.png 150w, https:\/\/www.orion-scientific.com\/orisci22\/wp-content\/uploads\/2021\/12\/16-DXR3xi-Raman-Imaging-Microscope.png 600w\" sizes=\"(max-width: 300px) 100vw, 300px\" \/><\/figure>\n<\/div>\n\n\n<div style=\"height:75px\" aria-hidden=\"true\" class=\"wp-block-spacer\"><\/div>\n\n\n\n<p style=\"text-align: justify;\">Il microscopio per imaging Raman Thermo Scientific DXR 3xi rivela immagini di livello di ricerca pi\u00f9 velocemente che mai. Con funzionalit\u00e0 software avanzate e una risoluzione spaziale pi\u00f9 elevata, l\u2019utilizzatore pu\u00f2 ottenere informazioni visive istantaneamente. Le capacit\u00e0 di imaging avanzate abbinate a una preparazione minima del campione e un software intuitivo offrono agli utenti la potenza del microscopio alle velocit\u00e0 di cui i ricercatori hanno bisogno\u201d.<\/p>\n<\/div>\n<\/div>\n\n\n\n<div style=\"height:50px\" aria-hidden=\"true\" class=\"wp-block-spacer\"><\/div>\n\n\n\n<div class=\"wp-block-buttons is-content-justification-center is-layout-flex wp-container-core-buttons-is-layout-16018d1d wp-block-buttons-is-layout-flex\">\n<div class=\"wp-block-button has-custom-font-size is-style-fill\" style=\"font-size:18px\"><a class=\"wp-block-button__link has-white-color has-text-color has-background wp-element-button\" href=\"https:\/\/www.orion-scientific.com\/orisci22\/contatti-strumentazione-analitica\/\" style=\"border-radius:5px;background-color:#396a3a\" target=\"_blank\" rel=\"noreferrer noopener\">Richiedi maggiori informazioni<\/a><\/div>\n<\/div>\n\n\n\n<div style=\"height:35px\" aria-hidden=\"true\" class=\"wp-block-spacer\"><\/div>\n\n\n\n<p class=\"has-text-align-center\">In alternativa puoi inviare una mail all\u2019indirizzo&nbsp;<a href=\"mailto:marketing@orion-scientific.com?subject=Informazioni Microscopi Raman\" target=\"_blank\" rel=\"noreferrer noopener\">marketing@orion-scientific.com<\/a><\/p>\n\n\n\n<div style=\"height:126px\" aria-hidden=\"true\" class=\"wp-block-spacer\"><\/div>\n","protected":false},"excerpt":{"rendered":"<p>Microscopi Raman nel nostro portfolio Thermo Scientific offre una completa gamma di microscopi: Thermo DXR3 Raman Microscope e DXR3xi Raman Imaging Microscope. Sistemi innovativi, ad alte prestazioni, con software user-friendly, per analisi accurate in aula, in produzione, o nei laboratori di ricerca e controllo qualit\u00e0. Thermo DXR3 Raman Accedete ai dati Raman pi\u00f9 velocemente che&hellip;<\/p>\n","protected":false},"author":3,"featured_media":0,"parent":0,"menu_order":0,"comment_status":"closed","ping_status":"closed","template":"","meta":{"_themeisle_gutenberg_block_has_review":false,"footnotes":""},"class_list":["post-4907","page","type-page","status-publish","hentry"],"yoast_head":"<!-- This site is optimized with the Yoast SEO plugin v24.4 - https:\/\/yoast.com\/wordpress\/plugins\/seo\/ -->\n<title>Microscopio Raman: DXR3 e DXR3xi<\/title>\n<meta name=\"description\" content=\"Thermo Scientific offre una completa gamma di microscopi: Thermo DXR3 Raman Microscope e DXR3xi Raman Imaging Microscope.\" \/>\n<meta name=\"robots\" content=\"index, follow, max-snippet:-1, max-image-preview:large, max-video-preview:-1\" \/>\n<link rel=\"canonical\" href=\"https:\/\/www.orion-scientific.com\/orisci22\/strumentazione-microscopi-raman\/\" \/>\n<meta property=\"og:locale\" content=\"it_IT\" \/>\n<meta property=\"og:type\" content=\"article\" \/>\n<meta property=\"og:title\" content=\"Microscopio Raman: DXR3 e DXR3xi\" \/>\n<meta property=\"og:description\" content=\"Thermo Scientific offre una completa gamma di microscopi: Thermo DXR3 Raman Microscope e DXR3xi Raman Imaging Microscope.\" \/>\n<meta property=\"og:url\" content=\"https:\/\/www.orion-scientific.com\/orisci22\/strumentazione-microscopi-raman\/\" \/>\n<meta property=\"og:site_name\" content=\"Orion Scientific Srl\" \/>\n<meta property=\"article:modified_time\" content=\"2023-07-17T12:03:59+00:00\" \/>\n<meta property=\"og:image\" content=\"https:\/\/www.orion-scientific.com\/orisci22\/wp-content\/uploads\/2021\/11\/15-DXR-Raman-Microscope.png\" \/>\n<meta name=\"twitter:card\" content=\"summary_large_image\" \/>\n<meta name=\"twitter:label1\" content=\"Tempo di lettura stimato\" \/>\n\t<meta name=\"twitter:data1\" content=\"2 minuti\" \/>\n<script type=\"application\/ld+json\" class=\"yoast-schema-graph\">{\"@context\":\"https:\/\/schema.org\",\"@graph\":[{\"@type\":\"WebPage\",\"@id\":\"https:\/\/www.orion-scientific.com\/orisci22\/strumentazione-microscopi-raman\/\",\"url\":\"https:\/\/www.orion-scientific.com\/orisci22\/strumentazione-microscopi-raman\/\",\"name\":\"Microscopio Raman: DXR3 e DXR3xi\",\"isPartOf\":{\"@id\":\"https:\/\/www.orion-scientific.com\/orisci22\/#website\"},\"primaryImageOfPage\":{\"@id\":\"https:\/\/www.orion-scientific.com\/orisci22\/strumentazione-microscopi-raman\/#primaryimage\"},\"image\":{\"@id\":\"https:\/\/www.orion-scientific.com\/orisci22\/strumentazione-microscopi-raman\/#primaryimage\"},\"thumbnailUrl\":\"https:\/\/www.orion-scientific.com\/orisci22\/wp-content\/uploads\/2021\/11\/15-DXR-Raman-Microscope.png\",\"datePublished\":\"2023-07-10T12:57:59+00:00\",\"dateModified\":\"2023-07-17T12:03:59+00:00\",\"description\":\"Thermo Scientific offre una completa gamma di microscopi: Thermo DXR3 Raman Microscope e DXR3xi Raman Imaging Microscope.\",\"breadcrumb\":{\"@id\":\"https:\/\/www.orion-scientific.com\/orisci22\/strumentazione-microscopi-raman\/#breadcrumb\"},\"inLanguage\":\"it-IT\",\"potentialAction\":[{\"@type\":\"ReadAction\",\"target\":[\"https:\/\/www.orion-scientific.com\/orisci22\/strumentazione-microscopi-raman\/\"]}]},{\"@type\":\"ImageObject\",\"inLanguage\":\"it-IT\",\"@id\":\"https:\/\/www.orion-scientific.com\/orisci22\/strumentazione-microscopi-raman\/#primaryimage\",\"url\":\"https:\/\/www.orion-scientific.com\/orisci22\/wp-content\/uploads\/2021\/11\/15-DXR-Raman-Microscope.png\",\"contentUrl\":\"https:\/\/www.orion-scientific.com\/orisci22\/wp-content\/uploads\/2021\/11\/15-DXR-Raman-Microscope.png\",\"width\":400,\"height\":400},{\"@type\":\"BreadcrumbList\",\"@id\":\"https:\/\/www.orion-scientific.com\/orisci22\/strumentazione-microscopi-raman\/#breadcrumb\",\"itemListElement\":[{\"@type\":\"ListItem\",\"position\":1,\"name\":\"Home\",\"item\":\"https:\/\/www.orion-scientific.com\/orisci22\/\"},{\"@type\":\"ListItem\",\"position\":2,\"name\":\"Strumentazione &#8211; Microscopi Raman\"}]},{\"@type\":\"WebSite\",\"@id\":\"https:\/\/www.orion-scientific.com\/orisci22\/#website\",\"url\":\"https:\/\/www.orion-scientific.com\/orisci22\/\",\"name\":\"Orion Scientific Srl\",\"description\":\"The Laboratory World\",\"publisher\":{\"@id\":\"https:\/\/www.orion-scientific.com\/orisci22\/#organization\"},\"potentialAction\":[{\"@type\":\"SearchAction\",\"target\":{\"@type\":\"EntryPoint\",\"urlTemplate\":\"https:\/\/www.orion-scientific.com\/orisci22\/?s={search_term_string}\"},\"query-input\":{\"@type\":\"PropertyValueSpecification\",\"valueRequired\":true,\"valueName\":\"search_term_string\"}}],\"inLanguage\":\"it-IT\"},{\"@type\":\"Organization\",\"@id\":\"https:\/\/www.orion-scientific.com\/orisci22\/#organization\",\"name\":\"Orion Scientific Srl\",\"url\":\"https:\/\/www.orion-scientific.com\/orisci22\/\",\"logo\":{\"@type\":\"ImageObject\",\"inLanguage\":\"it-IT\",\"@id\":\"https:\/\/www.orion-scientific.com\/orisci22\/#\/schema\/logo\/image\/\",\"url\":\"https:\/\/orion-scientific.com\/orisci22\/wp-content\/uploads\/2021\/12\/logo_orion_scientific_011.png\",\"contentUrl\":\"https:\/\/orion-scientific.com\/orisci22\/wp-content\/uploads\/2021\/12\/logo_orion_scientific_011.png\",\"width\":896,\"height\":350,\"caption\":\"Orion Scientific Srl\"},\"image\":{\"@id\":\"https:\/\/www.orion-scientific.com\/orisci22\/#\/schema\/logo\/image\/\"},\"sameAs\":[\"https:\/\/it.linkedin.com\/company\/orion-scientific-srl\"]}]}<\/script>\n<!-- \/ Yoast SEO plugin. -->","yoast_head_json":{"title":"Microscopio Raman: DXR3 e DXR3xi","description":"Thermo Scientific offre una completa gamma di microscopi: Thermo DXR3 Raman Microscope e DXR3xi Raman Imaging Microscope.","robots":{"index":"index","follow":"follow","max-snippet":"max-snippet:-1","max-image-preview":"max-image-preview:large","max-video-preview":"max-video-preview:-1"},"canonical":"https:\/\/www.orion-scientific.com\/orisci22\/strumentazione-microscopi-raman\/","og_locale":"it_IT","og_type":"article","og_title":"Microscopio Raman: DXR3 e DXR3xi","og_description":"Thermo Scientific offre una completa gamma di microscopi: Thermo DXR3 Raman Microscope e DXR3xi Raman Imaging Microscope.","og_url":"https:\/\/www.orion-scientific.com\/orisci22\/strumentazione-microscopi-raman\/","og_site_name":"Orion Scientific Srl","article_modified_time":"2023-07-17T12:03:59+00:00","og_image":[{"url":"https:\/\/www.orion-scientific.com\/orisci22\/wp-content\/uploads\/2021\/11\/15-DXR-Raman-Microscope.png","type":"","width":"","height":""}],"twitter_card":"summary_large_image","twitter_misc":{"Tempo di lettura stimato":"2 minuti"},"schema":{"@context":"https:\/\/schema.org","@graph":[{"@type":"WebPage","@id":"https:\/\/www.orion-scientific.com\/orisci22\/strumentazione-microscopi-raman\/","url":"https:\/\/www.orion-scientific.com\/orisci22\/strumentazione-microscopi-raman\/","name":"Microscopio Raman: DXR3 e DXR3xi","isPartOf":{"@id":"https:\/\/www.orion-scientific.com\/orisci22\/#website"},"primaryImageOfPage":{"@id":"https:\/\/www.orion-scientific.com\/orisci22\/strumentazione-microscopi-raman\/#primaryimage"},"image":{"@id":"https:\/\/www.orion-scientific.com\/orisci22\/strumentazione-microscopi-raman\/#primaryimage"},"thumbnailUrl":"https:\/\/www.orion-scientific.com\/orisci22\/wp-content\/uploads\/2021\/11\/15-DXR-Raman-Microscope.png","datePublished":"2023-07-10T12:57:59+00:00","dateModified":"2023-07-17T12:03:59+00:00","description":"Thermo Scientific offre una completa gamma di microscopi: Thermo DXR3 Raman Microscope e DXR3xi Raman Imaging Microscope.","breadcrumb":{"@id":"https:\/\/www.orion-scientific.com\/orisci22\/strumentazione-microscopi-raman\/#breadcrumb"},"inLanguage":"it-IT","potentialAction":[{"@type":"ReadAction","target":["https:\/\/www.orion-scientific.com\/orisci22\/strumentazione-microscopi-raman\/"]}]},{"@type":"ImageObject","inLanguage":"it-IT","@id":"https:\/\/www.orion-scientific.com\/orisci22\/strumentazione-microscopi-raman\/#primaryimage","url":"https:\/\/www.orion-scientific.com\/orisci22\/wp-content\/uploads\/2021\/11\/15-DXR-Raman-Microscope.png","contentUrl":"https:\/\/www.orion-scientific.com\/orisci22\/wp-content\/uploads\/2021\/11\/15-DXR-Raman-Microscope.png","width":400,"height":400},{"@type":"BreadcrumbList","@id":"https:\/\/www.orion-scientific.com\/orisci22\/strumentazione-microscopi-raman\/#breadcrumb","itemListElement":[{"@type":"ListItem","position":1,"name":"Home","item":"https:\/\/www.orion-scientific.com\/orisci22\/"},{"@type":"ListItem","position":2,"name":"Strumentazione &#8211; Microscopi Raman"}]},{"@type":"WebSite","@id":"https:\/\/www.orion-scientific.com\/orisci22\/#website","url":"https:\/\/www.orion-scientific.com\/orisci22\/","name":"Orion Scientific Srl","description":"The Laboratory World","publisher":{"@id":"https:\/\/www.orion-scientific.com\/orisci22\/#organization"},"potentialAction":[{"@type":"SearchAction","target":{"@type":"EntryPoint","urlTemplate":"https:\/\/www.orion-scientific.com\/orisci22\/?s={search_term_string}"},"query-input":{"@type":"PropertyValueSpecification","valueRequired":true,"valueName":"search_term_string"}}],"inLanguage":"it-IT"},{"@type":"Organization","@id":"https:\/\/www.orion-scientific.com\/orisci22\/#organization","name":"Orion Scientific Srl","url":"https:\/\/www.orion-scientific.com\/orisci22\/","logo":{"@type":"ImageObject","inLanguage":"it-IT","@id":"https:\/\/www.orion-scientific.com\/orisci22\/#\/schema\/logo\/image\/","url":"https:\/\/orion-scientific.com\/orisci22\/wp-content\/uploads\/2021\/12\/logo_orion_scientific_011.png","contentUrl":"https:\/\/orion-scientific.com\/orisci22\/wp-content\/uploads\/2021\/12\/logo_orion_scientific_011.png","width":896,"height":350,"caption":"Orion Scientific Srl"},"image":{"@id":"https:\/\/www.orion-scientific.com\/orisci22\/#\/schema\/logo\/image\/"},"sameAs":["https:\/\/it.linkedin.com\/company\/orion-scientific-srl"]}]}},"_links":{"self":[{"href":"https:\/\/www.orion-scientific.com\/orisci22\/wp-json\/wp\/v2\/pages\/4907","targetHints":{"allow":["GET"]}}],"collection":[{"href":"https:\/\/www.orion-scientific.com\/orisci22\/wp-json\/wp\/v2\/pages"}],"about":[{"href":"https:\/\/www.orion-scientific.com\/orisci22\/wp-json\/wp\/v2\/types\/page"}],"author":[{"embeddable":true,"href":"https:\/\/www.orion-scientific.com\/orisci22\/wp-json\/wp\/v2\/users\/3"}],"replies":[{"embeddable":true,"href":"https:\/\/www.orion-scientific.com\/orisci22\/wp-json\/wp\/v2\/comments?post=4907"}],"version-history":[{"count":8,"href":"https:\/\/www.orion-scientific.com\/orisci22\/wp-json\/wp\/v2\/pages\/4907\/revisions"}],"predecessor-version":[{"id":4935,"href":"https:\/\/www.orion-scientific.com\/orisci22\/wp-json\/wp\/v2\/pages\/4907\/revisions\/4935"}],"wp:attachment":[{"href":"https:\/\/www.orion-scientific.com\/orisci22\/wp-json\/wp\/v2\/media?parent=4907"}],"curies":[{"name":"wp","href":"https:\/\/api.w.org\/{rel}","templated":true}]}}