{"id":4900,"date":"2023-07-10T14:47:31","date_gmt":"2023-07-10T12:47:31","guid":{"rendered":"https:\/\/www.orion-scientific.com\/orisci22\/?page_id=4900"},"modified":"2023-07-17T13:31:46","modified_gmt":"2023-07-17T11:31:46","slug":"strumentazione-microscopio-a-infrarossi","status":"publish","type":"page","link":"https:\/\/www.orion-scientific.com\/orisci22\/strumentazione-microscopio-a-infrarossi\/","title":{"rendered":"Strumentazione &#8211; \u00a0Microscopio a infrarossi\u00a0"},"content":{"rendered":"\n<div style=\"height:25px\" aria-hidden=\"true\" class=\"wp-block-spacer\"><\/div>\n\n\n\n<h2 class=\"wp-block-heading has-text-align-center\" id=\"h-microscopio-per-imaging-a-infrarossi-microscopia-ftir\">Microscopio per imaging a infrarossi&nbsp;(Microscopia FTIR)<\/h2>\n\n\n\n<div style=\"height:16px\" aria-hidden=\"true\" class=\"wp-block-spacer\"><\/div>\n\n\n\n<p style=\"text-align: justify;\">Thermo Scientific offre una completa gamma di spettrometri FTIR e micro FTIR. Sistemi innovativi, ad alte prestazioni, con software user-friendly, per analisi accurate in aula, in produzione, o nei laboratori di ricerca e controllo qualit\u00e0.<\/p>\n\n\n\n<div style=\"height:17px\" aria-hidden=\"true\" class=\"wp-block-spacer\"><\/div>\n\n\n\n<div class=\"wp-block-columns is-layout-flex wp-container-core-columns-is-layout-9d6595d7 wp-block-columns-is-layout-flex\">\n<div class=\"wp-block-column is-layout-flow wp-block-column-is-layout-flow\">\n<h4 class=\"wp-block-heading has-text-align-center\">Nicolet iN 10 Infrared Microscope &#8211; Microscopia FTIR<\/h4>\n\n\n<div class=\"wp-block-image\">\n<figure class=\"aligncenter size-full\"><img fetchpriority=\"high\" decoding=\"async\" width=\"400\" height=\"400\" src=\"https:\/\/www.orion-scientific.com\/orisci22\/wp-content\/uploads\/2021\/11\/12-Nicolet-iN10.png\" alt=\"Microscopia FTIR\" class=\"wp-image-1784\" srcset=\"https:\/\/www.orion-scientific.com\/orisci22\/wp-content\/uploads\/2021\/11\/12-Nicolet-iN10.png 400w, https:\/\/www.orion-scientific.com\/orisci22\/wp-content\/uploads\/2021\/11\/12-Nicolet-iN10-300x300.png 300w, https:\/\/www.orion-scientific.com\/orisci22\/wp-content\/uploads\/2021\/11\/12-Nicolet-iN10-150x150.png 150w\" sizes=\"(max-width: 400px) 100vw, 400px\" \/><\/figure>\n<\/div>\n\n\n<div style=\"height:28px\" aria-hidden=\"true\" class=\"wp-block-spacer\"><\/div>\n\n\n\n<p style=\"text-align: justify;\">Sfruttate la potenza eccezionale e il software di nuova generazione in un pacchetto di microspettroscopia produttivo ed economico con il microscopio per imaging a infrarossi Thermo Scientific Nicolet iN10 MX (Microscopia FTIR). Il microscopio per imaging a infrarossi Nicolet iN10 MX \u00e8 facile da usare e fornisce la potenza necessaria per acquisire e analizzare rapidamente le immagini chimiche al fine di migliorare la comprensione della distribuzione chimica dei materiali in campioni eterogenei. Progettato per professionisti con qualsiasi livello di esperienza in microscopia o spettroscopia, il microscopio per imaging a infrarossi Nicolet iN10 MX incorpora il software Thermo Scientific OMNIC Picta per ottenere risultati coerenti e affidabili. Inoltre, il design ottico integrato e altamente efficiente di Nicolet in 10 infrared microscope migliora la velocit\u00e0 e la sensibilit\u00e0 delle misurazioni di routine a punto singolo, nonch\u00e9 la qualit\u00e0 dei set di dati di imaging chimico.<\/p>\n<\/div>\n<\/div>\n\n\n\n<div style=\"height:50px\" aria-hidden=\"true\" class=\"wp-block-spacer\"><\/div>\n\n\n\n<div class=\"wp-block-buttons is-content-justification-center is-layout-flex wp-container-core-buttons-is-layout-16018d1d wp-block-buttons-is-layout-flex\">\n<div class=\"wp-block-button has-custom-font-size is-style-fill\" style=\"font-size:18px\"><a class=\"wp-block-button__link has-white-color has-text-color has-background wp-element-button\" href=\"https:\/\/www.orion-scientific.com\/orisci22\/contatti-strumentazione-analitica\/\" style=\"border-radius:5px;background-color:#396a3a\" target=\"_blank\" rel=\"noreferrer noopener\">Richiedi maggiori informazioni<\/a><\/div>\n<\/div>\n\n\n\n<div style=\"height:35px\" aria-hidden=\"true\" class=\"wp-block-spacer\"><\/div>\n\n\n\n<p class=\"has-text-align-center\">In alternativa puoi inviare una mail all\u2019indirizzo&nbsp;<a href=\"mailto:marketing@orion-scientific.com?subject=Informazioni Microscopio a infrarossi\" target=\"_blank\" rel=\"noreferrer noopener\">marketing@orion-scientific.com<\/a><\/p>\n\n\n\n<div style=\"height:126px\" aria-hidden=\"true\" class=\"wp-block-spacer\"><\/div>\n","protected":false},"excerpt":{"rendered":"<p>Microscopio per imaging a infrarossi&nbsp;(Microscopia FTIR) Thermo Scientific offre una completa gamma di spettrometri FTIR e micro FTIR. Sistemi innovativi, ad alte prestazioni, con software user-friendly, per analisi accurate in aula, in produzione, o nei laboratori di ricerca e controllo qualit\u00e0. Nicolet iN 10 Infrared Microscope &#8211; Microscopia FTIR Sfruttate la potenza eccezionale e il&hellip;<\/p>\n","protected":false},"author":3,"featured_media":0,"parent":0,"menu_order":0,"comment_status":"closed","ping_status":"closed","template":"","meta":{"_themeisle_gutenberg_block_has_review":false,"footnotes":""},"class_list":["post-4900","page","type-page","status-publish","hentry"],"yoast_head":"<!-- This site is optimized with the Yoast SEO plugin v24.4 - https:\/\/yoast.com\/wordpress\/plugins\/seo\/ -->\n<title>Microscopio a infrarossi\u00a0Nicolet iN10 MX (Microscopia FTIR)<\/title>\n<meta name=\"description\" content=\"Il microscopio a infrarossi (Microscopia FTIR) Nicolet in10 mx consente di acquisire e analizzare rapidamente le immagini chimiche.\" \/>\n<meta name=\"robots\" content=\"index, follow, max-snippet:-1, max-image-preview:large, max-video-preview:-1\" \/>\n<link rel=\"canonical\" href=\"https:\/\/www.orion-scientific.com\/orisci22\/strumentazione-microscopio-a-infrarossi\/\" \/>\n<meta property=\"og:locale\" content=\"it_IT\" \/>\n<meta property=\"og:type\" content=\"article\" \/>\n<meta property=\"og:title\" content=\"Microscopio a infrarossi\u00a0Nicolet iN10 MX (Microscopia FTIR)\" \/>\n<meta property=\"og:description\" content=\"Il microscopio a infrarossi (Microscopia FTIR) Nicolet in10 mx consente di acquisire e analizzare rapidamente le immagini chimiche.\" \/>\n<meta property=\"og:url\" content=\"https:\/\/www.orion-scientific.com\/orisci22\/strumentazione-microscopio-a-infrarossi\/\" \/>\n<meta property=\"og:site_name\" content=\"Orion Scientific Srl\" \/>\n<meta property=\"article:modified_time\" content=\"2023-07-17T11:31:46+00:00\" \/>\n<meta property=\"og:image\" content=\"https:\/\/www.orion-scientific.com\/orisci22\/wp-content\/uploads\/2021\/11\/12-Nicolet-iN10.png\" \/>\n<meta name=\"twitter:card\" content=\"summary_large_image\" \/>\n<meta name=\"twitter:label1\" content=\"Tempo di lettura stimato\" \/>\n\t<meta name=\"twitter:data1\" content=\"2 minuti\" \/>\n<script type=\"application\/ld+json\" class=\"yoast-schema-graph\">{\"@context\":\"https:\/\/schema.org\",\"@graph\":[{\"@type\":\"WebPage\",\"@id\":\"https:\/\/www.orion-scientific.com\/orisci22\/strumentazione-microscopio-a-infrarossi\/\",\"url\":\"https:\/\/www.orion-scientific.com\/orisci22\/strumentazione-microscopio-a-infrarossi\/\",\"name\":\"Microscopio a infrarossi\u00a0Nicolet iN10 MX (Microscopia FTIR)\",\"isPartOf\":{\"@id\":\"https:\/\/www.orion-scientific.com\/orisci22\/#website\"},\"primaryImageOfPage\":{\"@id\":\"https:\/\/www.orion-scientific.com\/orisci22\/strumentazione-microscopio-a-infrarossi\/#primaryimage\"},\"image\":{\"@id\":\"https:\/\/www.orion-scientific.com\/orisci22\/strumentazione-microscopio-a-infrarossi\/#primaryimage\"},\"thumbnailUrl\":\"https:\/\/www.orion-scientific.com\/orisci22\/wp-content\/uploads\/2021\/11\/12-Nicolet-iN10.png\",\"datePublished\":\"2023-07-10T12:47:31+00:00\",\"dateModified\":\"2023-07-17T11:31:46+00:00\",\"description\":\"Il microscopio a infrarossi (Microscopia FTIR) Nicolet in10 mx consente di acquisire e analizzare rapidamente le immagini chimiche.\",\"breadcrumb\":{\"@id\":\"https:\/\/www.orion-scientific.com\/orisci22\/strumentazione-microscopio-a-infrarossi\/#breadcrumb\"},\"inLanguage\":\"it-IT\",\"potentialAction\":[{\"@type\":\"ReadAction\",\"target\":[\"https:\/\/www.orion-scientific.com\/orisci22\/strumentazione-microscopio-a-infrarossi\/\"]}]},{\"@type\":\"ImageObject\",\"inLanguage\":\"it-IT\",\"@id\":\"https:\/\/www.orion-scientific.com\/orisci22\/strumentazione-microscopio-a-infrarossi\/#primaryimage\",\"url\":\"https:\/\/www.orion-scientific.com\/orisci22\/wp-content\/uploads\/2021\/11\/12-Nicolet-iN10.png\",\"contentUrl\":\"https:\/\/www.orion-scientific.com\/orisci22\/wp-content\/uploads\/2021\/11\/12-Nicolet-iN10.png\",\"width\":400,\"height\":400},{\"@type\":\"BreadcrumbList\",\"@id\":\"https:\/\/www.orion-scientific.com\/orisci22\/strumentazione-microscopio-a-infrarossi\/#breadcrumb\",\"itemListElement\":[{\"@type\":\"ListItem\",\"position\":1,\"name\":\"Home\",\"item\":\"https:\/\/www.orion-scientific.com\/orisci22\/\"},{\"@type\":\"ListItem\",\"position\":2,\"name\":\"Strumentazione &#8211; \u00a0Microscopio a infrarossi\u00a0\"}]},{\"@type\":\"WebSite\",\"@id\":\"https:\/\/www.orion-scientific.com\/orisci22\/#website\",\"url\":\"https:\/\/www.orion-scientific.com\/orisci22\/\",\"name\":\"Orion Scientific Srl\",\"description\":\"The Laboratory World\",\"publisher\":{\"@id\":\"https:\/\/www.orion-scientific.com\/orisci22\/#organization\"},\"potentialAction\":[{\"@type\":\"SearchAction\",\"target\":{\"@type\":\"EntryPoint\",\"urlTemplate\":\"https:\/\/www.orion-scientific.com\/orisci22\/?s={search_term_string}\"},\"query-input\":{\"@type\":\"PropertyValueSpecification\",\"valueRequired\":true,\"valueName\":\"search_term_string\"}}],\"inLanguage\":\"it-IT\"},{\"@type\":\"Organization\",\"@id\":\"https:\/\/www.orion-scientific.com\/orisci22\/#organization\",\"name\":\"Orion Scientific Srl\",\"url\":\"https:\/\/www.orion-scientific.com\/orisci22\/\",\"logo\":{\"@type\":\"ImageObject\",\"inLanguage\":\"it-IT\",\"@id\":\"https:\/\/www.orion-scientific.com\/orisci22\/#\/schema\/logo\/image\/\",\"url\":\"https:\/\/orion-scientific.com\/orisci22\/wp-content\/uploads\/2021\/12\/logo_orion_scientific_011.png\",\"contentUrl\":\"https:\/\/orion-scientific.com\/orisci22\/wp-content\/uploads\/2021\/12\/logo_orion_scientific_011.png\",\"width\":896,\"height\":350,\"caption\":\"Orion Scientific Srl\"},\"image\":{\"@id\":\"https:\/\/www.orion-scientific.com\/orisci22\/#\/schema\/logo\/image\/\"},\"sameAs\":[\"https:\/\/it.linkedin.com\/company\/orion-scientific-srl\"]}]}<\/script>\n<!-- \/ Yoast SEO plugin. -->","yoast_head_json":{"title":"Microscopio a infrarossi\u00a0Nicolet iN10 MX (Microscopia FTIR)","description":"Il microscopio a infrarossi (Microscopia FTIR) Nicolet in10 mx consente di acquisire e analizzare rapidamente le immagini chimiche.","robots":{"index":"index","follow":"follow","max-snippet":"max-snippet:-1","max-image-preview":"max-image-preview:large","max-video-preview":"max-video-preview:-1"},"canonical":"https:\/\/www.orion-scientific.com\/orisci22\/strumentazione-microscopio-a-infrarossi\/","og_locale":"it_IT","og_type":"article","og_title":"Microscopio a infrarossi\u00a0Nicolet iN10 MX (Microscopia FTIR)","og_description":"Il microscopio a infrarossi (Microscopia FTIR) Nicolet in10 mx consente di acquisire e analizzare rapidamente le immagini chimiche.","og_url":"https:\/\/www.orion-scientific.com\/orisci22\/strumentazione-microscopio-a-infrarossi\/","og_site_name":"Orion Scientific Srl","article_modified_time":"2023-07-17T11:31:46+00:00","og_image":[{"url":"https:\/\/www.orion-scientific.com\/orisci22\/wp-content\/uploads\/2021\/11\/12-Nicolet-iN10.png","type":"","width":"","height":""}],"twitter_card":"summary_large_image","twitter_misc":{"Tempo di lettura stimato":"2 minuti"},"schema":{"@context":"https:\/\/schema.org","@graph":[{"@type":"WebPage","@id":"https:\/\/www.orion-scientific.com\/orisci22\/strumentazione-microscopio-a-infrarossi\/","url":"https:\/\/www.orion-scientific.com\/orisci22\/strumentazione-microscopio-a-infrarossi\/","name":"Microscopio a infrarossi\u00a0Nicolet iN10 MX (Microscopia FTIR)","isPartOf":{"@id":"https:\/\/www.orion-scientific.com\/orisci22\/#website"},"primaryImageOfPage":{"@id":"https:\/\/www.orion-scientific.com\/orisci22\/strumentazione-microscopio-a-infrarossi\/#primaryimage"},"image":{"@id":"https:\/\/www.orion-scientific.com\/orisci22\/strumentazione-microscopio-a-infrarossi\/#primaryimage"},"thumbnailUrl":"https:\/\/www.orion-scientific.com\/orisci22\/wp-content\/uploads\/2021\/11\/12-Nicolet-iN10.png","datePublished":"2023-07-10T12:47:31+00:00","dateModified":"2023-07-17T11:31:46+00:00","description":"Il microscopio a infrarossi (Microscopia FTIR) Nicolet in10 mx consente di acquisire e analizzare rapidamente le immagini chimiche.","breadcrumb":{"@id":"https:\/\/www.orion-scientific.com\/orisci22\/strumentazione-microscopio-a-infrarossi\/#breadcrumb"},"inLanguage":"it-IT","potentialAction":[{"@type":"ReadAction","target":["https:\/\/www.orion-scientific.com\/orisci22\/strumentazione-microscopio-a-infrarossi\/"]}]},{"@type":"ImageObject","inLanguage":"it-IT","@id":"https:\/\/www.orion-scientific.com\/orisci22\/strumentazione-microscopio-a-infrarossi\/#primaryimage","url":"https:\/\/www.orion-scientific.com\/orisci22\/wp-content\/uploads\/2021\/11\/12-Nicolet-iN10.png","contentUrl":"https:\/\/www.orion-scientific.com\/orisci22\/wp-content\/uploads\/2021\/11\/12-Nicolet-iN10.png","width":400,"height":400},{"@type":"BreadcrumbList","@id":"https:\/\/www.orion-scientific.com\/orisci22\/strumentazione-microscopio-a-infrarossi\/#breadcrumb","itemListElement":[{"@type":"ListItem","position":1,"name":"Home","item":"https:\/\/www.orion-scientific.com\/orisci22\/"},{"@type":"ListItem","position":2,"name":"Strumentazione &#8211; \u00a0Microscopio a infrarossi\u00a0"}]},{"@type":"WebSite","@id":"https:\/\/www.orion-scientific.com\/orisci22\/#website","url":"https:\/\/www.orion-scientific.com\/orisci22\/","name":"Orion Scientific Srl","description":"The Laboratory World","publisher":{"@id":"https:\/\/www.orion-scientific.com\/orisci22\/#organization"},"potentialAction":[{"@type":"SearchAction","target":{"@type":"EntryPoint","urlTemplate":"https:\/\/www.orion-scientific.com\/orisci22\/?s={search_term_string}"},"query-input":{"@type":"PropertyValueSpecification","valueRequired":true,"valueName":"search_term_string"}}],"inLanguage":"it-IT"},{"@type":"Organization","@id":"https:\/\/www.orion-scientific.com\/orisci22\/#organization","name":"Orion Scientific Srl","url":"https:\/\/www.orion-scientific.com\/orisci22\/","logo":{"@type":"ImageObject","inLanguage":"it-IT","@id":"https:\/\/www.orion-scientific.com\/orisci22\/#\/schema\/logo\/image\/","url":"https:\/\/orion-scientific.com\/orisci22\/wp-content\/uploads\/2021\/12\/logo_orion_scientific_011.png","contentUrl":"https:\/\/orion-scientific.com\/orisci22\/wp-content\/uploads\/2021\/12\/logo_orion_scientific_011.png","width":896,"height":350,"caption":"Orion Scientific Srl"},"image":{"@id":"https:\/\/www.orion-scientific.com\/orisci22\/#\/schema\/logo\/image\/"},"sameAs":["https:\/\/it.linkedin.com\/company\/orion-scientific-srl"]}]}},"_links":{"self":[{"href":"https:\/\/www.orion-scientific.com\/orisci22\/wp-json\/wp\/v2\/pages\/4900","targetHints":{"allow":["GET"]}}],"collection":[{"href":"https:\/\/www.orion-scientific.com\/orisci22\/wp-json\/wp\/v2\/pages"}],"about":[{"href":"https:\/\/www.orion-scientific.com\/orisci22\/wp-json\/wp\/v2\/types\/page"}],"author":[{"embeddable":true,"href":"https:\/\/www.orion-scientific.com\/orisci22\/wp-json\/wp\/v2\/users\/3"}],"replies":[{"embeddable":true,"href":"https:\/\/www.orion-scientific.com\/orisci22\/wp-json\/wp\/v2\/comments?post=4900"}],"version-history":[{"count":4,"href":"https:\/\/www.orion-scientific.com\/orisci22\/wp-json\/wp\/v2\/pages\/4900\/revisions"}],"predecessor-version":[{"id":4926,"href":"https:\/\/www.orion-scientific.com\/orisci22\/wp-json\/wp\/v2\/pages\/4900\/revisions\/4926"}],"wp:attachment":[{"href":"https:\/\/www.orion-scientific.com\/orisci22\/wp-json\/wp\/v2\/media?parent=4900"}],"curies":[{"name":"wp","href":"https:\/\/api.w.org\/{rel}","templated":true}]}}