{"id":4690,"date":"2023-06-26T10:59:28","date_gmt":"2023-06-26T08:59:28","guid":{"rendered":"https:\/\/www.orion-scientific.com\/orisci22\/?page_id=4690"},"modified":"2023-07-10T10:59:28","modified_gmt":"2023-07-10T08:59:28","slug":"back-office-vendite","status":"publish","type":"page","link":"https:\/\/www.orion-scientific.com\/orisci22\/back-office-vendite\/","title":{"rendered":"Back Office Vendite"},"content":{"rendered":"\n<h3 class=\"wp-block-heading has-text-align-center has-text-color\" id=\"h-posizione-aperta-back-office-vendite\" style=\"color:#006a3b\">Posizione aperta: Back Office Vendite<\/h3>\n\n\n\n<div style=\"height:23px\" aria-hidden=\"true\" class=\"wp-block-spacer\"><\/div>\n\n\n\n<p><p style=\"text-align: justify;\">Siamo alla ricerca di una risorsa da inserire all&#8217;interno del nostro ufficio vendite che, in qualit\u00e0 di back office commerciale, si occuper\u00e0 della gestione del front office, offrir\u00e0 supporto ai venditori nella gestione della documentazione, realizzer\u00e0 offerte commerciali di varia entit\u00e0 e seguir\u00e0 la gestione delle gare.<\/p><\/p>\n\n\n\n<div style=\"height:19px\" aria-hidden=\"true\" class=\"wp-block-spacer\"><\/div>\n\n\n\n<p class=\"has-text-color\" style=\"color:#006a3b\"><strong>Attivit\u00e0:<\/strong><\/p>\n\n\n\n<p>La risorsa si occuper\u00e0 di:<\/p>\n\n\n\n<ul class=\"wp-block-list\">\n<li>Predisporre la documentazione commerciale di vario tipo, come gli ordini;<\/li>\n\n\n\n<li>Elaborare offerte commerciali per i clienti;<\/li>\n\n\n\n<li>Svolgere attivit\u00e0 di data entry: inserimento e gestione degli ordini di acquisito e degli ordini di vendita;<\/li>\n\n\n\n<li>Monitorare e gestite le condizioni commerciali degli ordini, le date di consegna e la verifica dei pagamenti;<\/li>\n\n\n\n<li>Svolgere attivit\u00e0 amministrative, come il controllo mensile dei dati di fatturato;<\/li>\n\n\n\n<li>Gestione della comunicazione con fornitori, clienti e team di vendite;<\/li>\n\n\n\n<li>Organizzazione e archiviazione dei documenti commerciali, che comprendono documenti, e-mail e file digitali, che andranno gestiti e catalogati per essere reperibili facilmente e dovranno essere costantemente aggiornati.<\/li>\n\n\n\n<li>Gestione del completo ciclo di attivazione delle gare: ricerca gara, studio fattibilit\u00e0, gestione della documentazione secondo le normative da adottare, predisposizione della documentazione amministrativa, tecnica ed economica, gestione contatti con la forza commerciale per l&#8217;attivazione della gara stessa.<\/li>\n<\/ul>\n\n\n\n<div style=\"height:24px\" aria-hidden=\"true\" class=\"wp-block-spacer\"><\/div>\n\n\n\n<p class=\"has-text-color\" style=\"color:#006a3b\"><strong>Il candidato ideale possiede i seguenti requisiti:<\/strong><\/p>\n\n\n\n<ul class=\"wp-block-list\">\n<li>Diploma o laurea ad indirizzo scientifico, ingegneristico o chimico<\/li>\n\n\n\n<li>Buon utilizzo della lingua inglese<\/li>\n\n\n\n<li>Ottimo utilizzo del Pacchetto Office<\/li>\n<\/ul>\n\n\n\n<div style=\"height:24px\" aria-hidden=\"true\" class=\"wp-block-spacer\"><\/div>\n\n\n\n<p>Sede di lavoro: Padova<\/p>\n\n\n\n<p><\/p>\n\n\n\n<p>Offriamo: contratto di assunzione con condizioni contrattuali commisurate all\u2019esperienza del candidato.<\/p>\n\n\n\n<div style=\"height:54px\" aria-hidden=\"true\" class=\"wp-block-spacer\"><\/div>\n\n\n\n<div class=\"wp-block-buttons is-content-justification-center is-layout-flex wp-container-core-buttons-is-layout-16018d1d wp-block-buttons-is-layout-flex\">\n<div class=\"wp-block-button\"><a class=\"wp-block-button__link has-white-color has-text-color has-background wp-element-button\" href=\"mailto:cv@orion-scientific.com?subject=Back Office Vendite\" style=\"background-color:#006a3b\">Invia la tua candidatura<\/a><\/div>\n<\/div>\n\n\n\n\n\n<div style=\"height:54px\" aria-hidden=\"true\" class=\"wp-block-spacer\"><\/div>\n\n\n\n<p class=\"has-text-align-center\">o invia una mail, comprensiva di CV, all&#8217;indirizzo <a href=\"mailto:cv@orion-scientific.com\"><em>cv@orion-scientific.com<\/em><\/a><em> &nbsp;<\/em><\/p>\n\n\n\n<div style=\"height:91px\" aria-hidden=\"true\" class=\"wp-block-spacer\"><\/div>\n","protected":false},"excerpt":{"rendered":"<p>Posizione aperta: Back Office Vendite Siamo alla ricerca di una risorsa da inserire all&#8217;interno del nostro ufficio vendite che, in qualit\u00e0 di back office commerciale, si occuper\u00e0 della gestione del front office, offrir\u00e0 supporto ai venditori nella gestione della documentazione, realizzer\u00e0 offerte commerciali di varia entit\u00e0 e seguir\u00e0 la gestione delle gare. Attivit\u00e0: La risorsa&hellip;<\/p>\n","protected":false},"author":3,"featured_media":0,"parent":0,"menu_order":0,"comment_status":"closed","ping_status":"closed","template":"","meta":{"_themeisle_gutenberg_block_has_review":false,"footnotes":""},"class_list":["post-4690","page","type-page","status-publish","hentry"],"yoast_head":"<!-- This site is optimized with the Yoast SEO plugin v24.4 - https:\/\/yoast.com\/wordpress\/plugins\/seo\/ -->\n<title>Back Office Vendite - Orion Scientific Srl<\/title>\n<meta name=\"robots\" content=\"index, follow, max-snippet:-1, max-image-preview:large, max-video-preview:-1\" \/>\n<link rel=\"canonical\" href=\"https:\/\/www.orion-scientific.com\/orisci22\/back-office-vendite\/\" \/>\n<meta property=\"og:locale\" content=\"it_IT\" \/>\n<meta property=\"og:type\" content=\"article\" \/>\n<meta property=\"og:title\" content=\"Back Office Vendite - Orion Scientific Srl\" \/>\n<meta property=\"og:description\" content=\"Posizione aperta: Back Office Vendite Siamo alla ricerca di una risorsa da inserire all&#8217;interno del nostro ufficio vendite che, in qualit\u00e0 di back office commerciale, si occuper\u00e0 della gestione del front office, offrir\u00e0 supporto ai venditori nella gestione della documentazione, realizzer\u00e0 offerte commerciali di varia entit\u00e0 e seguir\u00e0 la gestione delle gare. Attivit\u00e0: La risorsa&hellip;\" \/>\n<meta property=\"og:url\" content=\"https:\/\/www.orion-scientific.com\/orisci22\/back-office-vendite\/\" \/>\n<meta property=\"og:site_name\" content=\"Orion Scientific Srl\" \/>\n<meta property=\"article:modified_time\" content=\"2023-07-10T08:59:28+00:00\" \/>\n<meta name=\"twitter:card\" content=\"summary_large_image\" \/>\n<meta name=\"twitter:label1\" content=\"Tempo di lettura stimato\" \/>\n\t<meta name=\"twitter:data1\" content=\"2 minuti\" \/>\n<script type=\"application\/ld+json\" class=\"yoast-schema-graph\">{\"@context\":\"https:\/\/schema.org\",\"@graph\":[{\"@type\":\"WebPage\",\"@id\":\"https:\/\/www.orion-scientific.com\/orisci22\/back-office-vendite\/\",\"url\":\"https:\/\/www.orion-scientific.com\/orisci22\/back-office-vendite\/\",\"name\":\"Back Office Vendite - Orion Scientific Srl\",\"isPartOf\":{\"@id\":\"https:\/\/www.orion-scientific.com\/orisci22\/#website\"},\"datePublished\":\"2023-06-26T08:59:28+00:00\",\"dateModified\":\"2023-07-10T08:59:28+00:00\",\"breadcrumb\":{\"@id\":\"https:\/\/www.orion-scientific.com\/orisci22\/back-office-vendite\/#breadcrumb\"},\"inLanguage\":\"it-IT\",\"potentialAction\":[{\"@type\":\"ReadAction\",\"target\":[\"https:\/\/www.orion-scientific.com\/orisci22\/back-office-vendite\/\"]}]},{\"@type\":\"BreadcrumbList\",\"@id\":\"https:\/\/www.orion-scientific.com\/orisci22\/back-office-vendite\/#breadcrumb\",\"itemListElement\":[{\"@type\":\"ListItem\",\"position\":1,\"name\":\"Home\",\"item\":\"https:\/\/www.orion-scientific.com\/orisci22\/\"},{\"@type\":\"ListItem\",\"position\":2,\"name\":\"Back Office Vendite\"}]},{\"@type\":\"WebSite\",\"@id\":\"https:\/\/www.orion-scientific.com\/orisci22\/#website\",\"url\":\"https:\/\/www.orion-scientific.com\/orisci22\/\",\"name\":\"Orion Scientific Srl\",\"description\":\"The Laboratory World\",\"publisher\":{\"@id\":\"https:\/\/www.orion-scientific.com\/orisci22\/#organization\"},\"potentialAction\":[{\"@type\":\"SearchAction\",\"target\":{\"@type\":\"EntryPoint\",\"urlTemplate\":\"https:\/\/www.orion-scientific.com\/orisci22\/?s={search_term_string}\"},\"query-input\":{\"@type\":\"PropertyValueSpecification\",\"valueRequired\":true,\"valueName\":\"search_term_string\"}}],\"inLanguage\":\"it-IT\"},{\"@type\":\"Organization\",\"@id\":\"https:\/\/www.orion-scientific.com\/orisci22\/#organization\",\"name\":\"Orion Scientific Srl\",\"url\":\"https:\/\/www.orion-scientific.com\/orisci22\/\",\"logo\":{\"@type\":\"ImageObject\",\"inLanguage\":\"it-IT\",\"@id\":\"https:\/\/www.orion-scientific.com\/orisci22\/#\/schema\/logo\/image\/\",\"url\":\"https:\/\/orion-scientific.com\/orisci22\/wp-content\/uploads\/2021\/12\/logo_orion_scientific_011.png\",\"contentUrl\":\"https:\/\/orion-scientific.com\/orisci22\/wp-content\/uploads\/2021\/12\/logo_orion_scientific_011.png\",\"width\":896,\"height\":350,\"caption\":\"Orion Scientific Srl\"},\"image\":{\"@id\":\"https:\/\/www.orion-scientific.com\/orisci22\/#\/schema\/logo\/image\/\"},\"sameAs\":[\"https:\/\/it.linkedin.com\/company\/orion-scientific-srl\"]}]}<\/script>\n<!-- \/ Yoast SEO plugin. -->","yoast_head_json":{"title":"Back Office Vendite - Orion Scientific Srl","robots":{"index":"index","follow":"follow","max-snippet":"max-snippet:-1","max-image-preview":"max-image-preview:large","max-video-preview":"max-video-preview:-1"},"canonical":"https:\/\/www.orion-scientific.com\/orisci22\/back-office-vendite\/","og_locale":"it_IT","og_type":"article","og_title":"Back Office Vendite - Orion Scientific Srl","og_description":"Posizione aperta: Back Office Vendite Siamo alla ricerca di una risorsa da inserire all&#8217;interno del nostro ufficio vendite che, in qualit\u00e0 di back office commerciale, si occuper\u00e0 della gestione del front office, offrir\u00e0 supporto ai venditori nella gestione della documentazione, realizzer\u00e0 offerte commerciali di varia entit\u00e0 e seguir\u00e0 la gestione delle gare. Attivit\u00e0: La risorsa&hellip;","og_url":"https:\/\/www.orion-scientific.com\/orisci22\/back-office-vendite\/","og_site_name":"Orion Scientific Srl","article_modified_time":"2023-07-10T08:59:28+00:00","twitter_card":"summary_large_image","twitter_misc":{"Tempo di lettura stimato":"2 minuti"},"schema":{"@context":"https:\/\/schema.org","@graph":[{"@type":"WebPage","@id":"https:\/\/www.orion-scientific.com\/orisci22\/back-office-vendite\/","url":"https:\/\/www.orion-scientific.com\/orisci22\/back-office-vendite\/","name":"Back Office Vendite - Orion Scientific Srl","isPartOf":{"@id":"https:\/\/www.orion-scientific.com\/orisci22\/#website"},"datePublished":"2023-06-26T08:59:28+00:00","dateModified":"2023-07-10T08:59:28+00:00","breadcrumb":{"@id":"https:\/\/www.orion-scientific.com\/orisci22\/back-office-vendite\/#breadcrumb"},"inLanguage":"it-IT","potentialAction":[{"@type":"ReadAction","target":["https:\/\/www.orion-scientific.com\/orisci22\/back-office-vendite\/"]}]},{"@type":"BreadcrumbList","@id":"https:\/\/www.orion-scientific.com\/orisci22\/back-office-vendite\/#breadcrumb","itemListElement":[{"@type":"ListItem","position":1,"name":"Home","item":"https:\/\/www.orion-scientific.com\/orisci22\/"},{"@type":"ListItem","position":2,"name":"Back Office Vendite"}]},{"@type":"WebSite","@id":"https:\/\/www.orion-scientific.com\/orisci22\/#website","url":"https:\/\/www.orion-scientific.com\/orisci22\/","name":"Orion Scientific Srl","description":"The Laboratory World","publisher":{"@id":"https:\/\/www.orion-scientific.com\/orisci22\/#organization"},"potentialAction":[{"@type":"SearchAction","target":{"@type":"EntryPoint","urlTemplate":"https:\/\/www.orion-scientific.com\/orisci22\/?s={search_term_string}"},"query-input":{"@type":"PropertyValueSpecification","valueRequired":true,"valueName":"search_term_string"}}],"inLanguage":"it-IT"},{"@type":"Organization","@id":"https:\/\/www.orion-scientific.com\/orisci22\/#organization","name":"Orion Scientific Srl","url":"https:\/\/www.orion-scientific.com\/orisci22\/","logo":{"@type":"ImageObject","inLanguage":"it-IT","@id":"https:\/\/www.orion-scientific.com\/orisci22\/#\/schema\/logo\/image\/","url":"https:\/\/orion-scientific.com\/orisci22\/wp-content\/uploads\/2021\/12\/logo_orion_scientific_011.png","contentUrl":"https:\/\/orion-scientific.com\/orisci22\/wp-content\/uploads\/2021\/12\/logo_orion_scientific_011.png","width":896,"height":350,"caption":"Orion Scientific Srl"},"image":{"@id":"https:\/\/www.orion-scientific.com\/orisci22\/#\/schema\/logo\/image\/"},"sameAs":["https:\/\/it.linkedin.com\/company\/orion-scientific-srl"]}]}},"_links":{"self":[{"href":"https:\/\/www.orion-scientific.com\/orisci22\/wp-json\/wp\/v2\/pages\/4690","targetHints":{"allow":["GET"]}}],"collection":[{"href":"https:\/\/www.orion-scientific.com\/orisci22\/wp-json\/wp\/v2\/pages"}],"about":[{"href":"https:\/\/www.orion-scientific.com\/orisci22\/wp-json\/wp\/v2\/types\/page"}],"author":[{"embeddable":true,"href":"https:\/\/www.orion-scientific.com\/orisci22\/wp-json\/wp\/v2\/users\/3"}],"replies":[{"embeddable":true,"href":"https:\/\/www.orion-scientific.com\/orisci22\/wp-json\/wp\/v2\/comments?post=4690"}],"version-history":[{"count":22,"href":"https:\/\/www.orion-scientific.com\/orisci22\/wp-json\/wp\/v2\/pages\/4690\/revisions"}],"predecessor-version":[{"id":4821,"href":"https:\/\/www.orion-scientific.com\/orisci22\/wp-json\/wp\/v2\/pages\/4690\/revisions\/4821"}],"wp:attachment":[{"href":"https:\/\/www.orion-scientific.com\/orisci22\/wp-json\/wp\/v2\/media?parent=4690"}],"curies":[{"name":"wp","href":"https:\/\/api.w.org\/{rel}","templated":true}]}}