{"id":4677,"date":"2023-06-26T09:55:36","date_gmt":"2023-06-26T07:55:36","guid":{"rendered":"https:\/\/www.orion-scientific.com\/orisci22\/?page_id=4677"},"modified":"2024-05-23T14:23:22","modified_gmt":"2024-05-23T12:23:22","slug":"lavora-con-noi","status":"publish","type":"page","link":"https:\/\/www.orion-scientific.com\/orisci22\/lavora-con-noi\/","title":{"rendered":"Lavora con noi"},"content":{"rendered":"\n<figure class=\"wp-block-image size-full\"><img fetchpriority=\"high\" decoding=\"async\" width=\"1024\" height=\"281\" src=\"https:\/\/www.orion-scientific.com\/orisci22\/wp-content\/uploads\/2023\/06\/lavora_con_noi-1024x281-1.jpg\" alt=\"\" class=\"wp-image-4675\" srcset=\"https:\/\/www.orion-scientific.com\/orisci22\/wp-content\/uploads\/2023\/06\/lavora_con_noi-1024x281-1.jpg 1024w, https:\/\/www.orion-scientific.com\/orisci22\/wp-content\/uploads\/2023\/06\/lavora_con_noi-1024x281-1-300x82.jpg 300w, https:\/\/www.orion-scientific.com\/orisci22\/wp-content\/uploads\/2023\/06\/lavora_con_noi-1024x281-1-768x211.jpg 768w\" sizes=\"(max-width: 1024px) 100vw, 1024px\" \/><\/figure>\n\n\n\n<div style=\"height:20px\" aria-hidden=\"true\" class=\"wp-block-spacer\"><\/div>\n\n\n\n<h3 style=\"text-align: center;\">Ti piacerebbe lavorare in Orion Scientific SRL?<\/h3>\n&nbsp;\n<p style=\"text-align: center;\"><big>Invia il tuo CV ed entra a far parte della nostra squadra!<\/big><\/p>\n<p style=\"text-align: center;\"><big> Ricerchiamo persone dinamiche, brillanti con estrazione scientifica per garantire la migliore qualit\u00e0 in termini di presenza territoriale, supporto tecnico-analitico, professionalit\u00e0 e affidabilit\u00e0 ponendo le necessit\u00e0 dei nostri clienti al centro del nostro processo aziendale. Siamo sempre alla ricerca di talenti in grado di fare la differenza, apportare il loro valore aggiunto e contribuire al nostro successo.<\/big><\/p>\n\n\n\n<div style=\"height:35px\" aria-hidden=\"true\" class=\"wp-block-spacer\"><\/div>\n\n\n\n<h3 class=\"wp-block-heading has-text-align-center has-text-color\" id=\"h-posizioni-attualmente-aperte\" style=\"color:#649e4c\">Posizioni attualmente aperte<\/h3>\n\n\n\n<div style=\"height:45px\" aria-hidden=\"true\" class=\"wp-block-spacer\"><\/div>\n\n\n\n<div class=\"wp-block-columns is-layout-flex wp-container-core-columns-is-layout-9d6595d7 wp-block-columns-is-layout-flex\">\n<div class=\"wp-block-column is-layout-flow wp-block-column-is-layout-flow\">\n<h4 class=\"wp-block-heading has-text-align-center\" id=\"h-back-office-vendite\">Back Office Vendite<\/h4>\n\n\n\n<div style=\"height:20px\" aria-hidden=\"true\" class=\"wp-block-spacer\"><\/div>\n\n\n\n<p><p style=\"text-align: justify;\">Siamo alla ricerca di una risorsa da inserire all\u2019interno del nostro ufficio vendite che, in qualit\u00e0 di back office commerciale, si occuper\u00e0 della gestione del front office, offrir\u00e0 supporto ai venditori nella gestione della documentazione, realizzer\u00e0 offerte commerciali di varia entit\u00e0 e seguir\u00e0 la gestione delle gare.<\/p><\/p>\n\n\n\n<div style=\"height:24px\" aria-hidden=\"true\" class=\"wp-block-spacer\"><\/div>\n\n\n\n<div class=\"wp-block-buttons has-custom-font-size has-small-font-size is-content-justification-center is-layout-flex wp-container-core-buttons-is-layout-16018d1d wp-block-buttons-is-layout-flex\">\n<div class=\"wp-block-button has-custom-width wp-block-button__width-50\"><a class=\"wp-block-button__link has-white-color has-text-color has-background wp-element-button\" href=\"https:\/\/www.orion-scientific.com\/orisci22\/back-office-vendite\/\" style=\"background-color:#006a3b\" target=\"_blank\" rel=\"noreferrer noopener\">Scopri di pi\u00f9<\/a><\/div>\n<\/div>\n<\/div>\n\n\n\n<div class=\"wp-block-column is-layout-flow wp-block-column-is-layout-flow\">\n<h4 class=\"wp-block-heading has-text-align-center\" id=\"h-tecnico-commerciale\">Tecnico Commerciale<\/h4>\n\n\n\n<div style=\"height:28px\" aria-hidden=\"true\" class=\"wp-block-spacer\"><\/div>\n\n\n\n<p style=\"text-align: justify;\">Siamo alla ricerca di una risorsa da inserire all\u2019interno del nostro ufficio vendite che, in qualit\u00e0 di tecnico commerciale, si occuper\u00e0 di gestire e sviluppare il portafoglio clienti dell\u2019area di competenza, costruire e mantenere relazioni solide e durature con i clienti; Promuovere i prodotti di interesse per orientare i clienti all\u2019acquisto. <\/p style\">\n\n\n\n<div style=\"height:24px\" aria-hidden=\"true\" class=\"wp-block-spacer\"><\/div>\n\n\n\n<div class=\"wp-block-buttons is-content-justification-center is-layout-flex wp-container-core-buttons-is-layout-16018d1d wp-block-buttons-is-layout-flex\">\n<div class=\"wp-block-button has-custom-width wp-block-button__width-50 has-custom-font-size is-style-fill has-small-font-size\"><a class=\"wp-block-button__link has-white-color has-text-color has-background wp-element-button\" href=\"https:\/\/www.orion-scientific.com\/orisci22\/tecnico-commerciale\/\" style=\"background-color:#006a3b\" target=\"_blank\" rel=\"noreferrer noopener\">Scopri di pi\u00f9<\/a><\/div>\n<\/div>\n<\/div>\n<\/div>\n\n\n\n<div class=\"wp-block-columns is-layout-flex wp-container-core-columns-is-layout-9d6595d7 wp-block-columns-is-layout-flex\">\n<div class=\"wp-block-column is-layout-flow wp-block-column-is-layout-flow\">\n<div style=\"height:78px\" aria-hidden=\"true\" class=\"wp-block-spacer\"><\/div>\n\n\n\n<h4 class=\"wp-block-heading has-text-align-center\" id=\"h-back-office-vendite\">Supporto Magazzino<\/h4>\n\n\n\n<div style=\"height:20px\" aria-hidden=\"true\" class=\"wp-block-spacer\"><\/div>\n\n\n\n<p style=\"text-align: justify;\">Siamo alla ricerca di una risorsa da inserire nel nostro comparto logistica, per rafforzare le attivit\u00e0 legate alla gestione del magazzino. La risorsa, si occuper\u00e0 di supportarlo nella ricezione, controllo e smistamento della merce in entrata<\/p>\n\n\n\n<div style=\"height:24px\" aria-hidden=\"true\" class=\"wp-block-spacer\"><\/div>\n\n\n\n<div class=\"wp-block-buttons has-custom-font-size has-small-font-size is-content-justification-center is-layout-flex wp-container-core-buttons-is-layout-16018d1d wp-block-buttons-is-layout-flex\">\n<div class=\"wp-block-button has-custom-width wp-block-button__width-50\"><a class=\"wp-block-button__link has-white-color has-text-color has-background wp-element-button\" href=\"https:\/\/www.orion-scientific.com\/orisci22\/supporto-magazzino\/\" style=\"background-color:#006a3b\" target=\"_blank\" rel=\"noreferrer noopener\">Scopri di pi\u00f9<\/a><\/div>\n<\/div>\n<\/div>\n\n\n\n<div class=\"wp-block-column is-layout-flow wp-block-column-is-layout-flow\">\n<h4 class=\"wp-block-heading has-text-align-center\" id=\"h-tecnico-commerciale\"><\/h4>\n\n\n\n<div style=\"height:28px\" aria-hidden=\"true\" class=\"wp-block-spacer\"><\/div>\n\n\n\n\n\n<div style=\"height:24px\" aria-hidden=\"true\" class=\"wp-block-spacer\"><\/div>\n<\/div>\n<\/div>\n\n\n\n<div style=\"height:62px\" aria-hidden=\"true\" class=\"wp-block-spacer\"><\/div>\n\n\n\n<div class=\"wp-block-columns is-layout-flex wp-container-core-columns-is-layout-9d6595d7 wp-block-columns-is-layout-flex\">\n<div class=\"wp-block-column is-layout-flow wp-block-column-is-layout-flow\">\n<div style=\"height:20px\" aria-hidden=\"true\" class=\"wp-block-spacer\"><\/div>\n\n\n\n<h4 class=\"wp-block-heading has-text-align-center\" id=\"h-\"><\/h4>\n\n\n\n<div style=\"height:24px\" aria-hidden=\"true\" class=\"wp-block-spacer\"><\/div>\n<\/div>\n<\/div>\n\n\n\n<div style=\"height:120px\" aria-hidden=\"true\" class=\"wp-block-spacer\"><\/div>\n","protected":false},"excerpt":{"rendered":"<p>Ti piacerebbe lavorare in Orion Scientific SRL? &nbsp; Invia il tuo CV ed entra a far parte della nostra squadra! Ricerchiamo persone dinamiche, brillanti con estrazione scientifica per garantire la migliore qualit\u00e0 in termini di presenza territoriale, supporto tecnico-analitico, professionalit\u00e0 e affidabilit\u00e0 ponendo le necessit\u00e0 dei nostri clienti al centro del nostro processo aziendale. Siamo&hellip;<\/p>\n","protected":false},"author":3,"featured_media":0,"parent":0,"menu_order":0,"comment_status":"closed","ping_status":"closed","template":"","meta":{"_themeisle_gutenberg_block_has_review":false,"footnotes":""},"class_list":["post-4677","page","type-page","status-publish","hentry"],"yoast_head":"<!-- This site is optimized with the Yoast SEO plugin v24.4 - https:\/\/yoast.com\/wordpress\/plugins\/seo\/ -->\n<title>Lavora con noi - Orion Scientific Srl<\/title>\n<meta name=\"robots\" content=\"index, follow, max-snippet:-1, max-image-preview:large, max-video-preview:-1\" \/>\n<link rel=\"canonical\" href=\"https:\/\/www.orion-scientific.com\/orisci22\/lavora-con-noi\/\" \/>\n<meta property=\"og:locale\" content=\"it_IT\" \/>\n<meta property=\"og:type\" content=\"article\" \/>\n<meta property=\"og:title\" content=\"Lavora con noi - Orion Scientific Srl\" \/>\n<meta property=\"og:description\" content=\"Ti piacerebbe lavorare in Orion Scientific SRL? &nbsp; Invia il tuo CV ed entra a far parte della nostra squadra! Ricerchiamo persone dinamiche, brillanti con estrazione scientifica per garantire la migliore qualit\u00e0 in termini di presenza territoriale, supporto tecnico-analitico, professionalit\u00e0 e affidabilit\u00e0 ponendo le necessit\u00e0 dei nostri clienti al centro del nostro processo aziendale. Siamo&hellip;\" \/>\n<meta property=\"og:url\" content=\"https:\/\/www.orion-scientific.com\/orisci22\/lavora-con-noi\/\" \/>\n<meta property=\"og:site_name\" content=\"Orion Scientific Srl\" \/>\n<meta property=\"article:modified_time\" content=\"2024-05-23T12:23:22+00:00\" \/>\n<meta property=\"og:image\" content=\"https:\/\/www.orion-scientific.com\/orisci22\/wp-content\/uploads\/2023\/06\/lavora_con_noi-1024x281-1.jpg\" \/>\n<meta name=\"twitter:card\" content=\"summary_large_image\" \/>\n<meta name=\"twitter:label1\" content=\"Tempo di lettura stimato\" \/>\n\t<meta name=\"twitter:data1\" content=\"2 minuti\" \/>\n<script type=\"application\/ld+json\" class=\"yoast-schema-graph\">{\"@context\":\"https:\/\/schema.org\",\"@graph\":[{\"@type\":\"WebPage\",\"@id\":\"https:\/\/www.orion-scientific.com\/orisci22\/lavora-con-noi\/\",\"url\":\"https:\/\/www.orion-scientific.com\/orisci22\/lavora-con-noi\/\",\"name\":\"Lavora con noi - Orion Scientific Srl\",\"isPartOf\":{\"@id\":\"https:\/\/www.orion-scientific.com\/orisci22\/#website\"},\"primaryImageOfPage\":{\"@id\":\"https:\/\/www.orion-scientific.com\/orisci22\/lavora-con-noi\/#primaryimage\"},\"image\":{\"@id\":\"https:\/\/www.orion-scientific.com\/orisci22\/lavora-con-noi\/#primaryimage\"},\"thumbnailUrl\":\"https:\/\/www.orion-scientific.com\/orisci22\/wp-content\/uploads\/2023\/06\/lavora_con_noi-1024x281-1.jpg\",\"datePublished\":\"2023-06-26T07:55:36+00:00\",\"dateModified\":\"2024-05-23T12:23:22+00:00\",\"breadcrumb\":{\"@id\":\"https:\/\/www.orion-scientific.com\/orisci22\/lavora-con-noi\/#breadcrumb\"},\"inLanguage\":\"it-IT\",\"potentialAction\":[{\"@type\":\"ReadAction\",\"target\":[\"https:\/\/www.orion-scientific.com\/orisci22\/lavora-con-noi\/\"]}]},{\"@type\":\"ImageObject\",\"inLanguage\":\"it-IT\",\"@id\":\"https:\/\/www.orion-scientific.com\/orisci22\/lavora-con-noi\/#primaryimage\",\"url\":\"https:\/\/www.orion-scientific.com\/orisci22\/wp-content\/uploads\/2023\/06\/lavora_con_noi-1024x281-1.jpg\",\"contentUrl\":\"https:\/\/www.orion-scientific.com\/orisci22\/wp-content\/uploads\/2023\/06\/lavora_con_noi-1024x281-1.jpg\",\"width\":1024,\"height\":281},{\"@type\":\"BreadcrumbList\",\"@id\":\"https:\/\/www.orion-scientific.com\/orisci22\/lavora-con-noi\/#breadcrumb\",\"itemListElement\":[{\"@type\":\"ListItem\",\"position\":1,\"name\":\"Home\",\"item\":\"https:\/\/www.orion-scientific.com\/orisci22\/\"},{\"@type\":\"ListItem\",\"position\":2,\"name\":\"Lavora con noi\"}]},{\"@type\":\"WebSite\",\"@id\":\"https:\/\/www.orion-scientific.com\/orisci22\/#website\",\"url\":\"https:\/\/www.orion-scientific.com\/orisci22\/\",\"name\":\"Orion Scientific Srl\",\"description\":\"The Laboratory World\",\"publisher\":{\"@id\":\"https:\/\/www.orion-scientific.com\/orisci22\/#organization\"},\"potentialAction\":[{\"@type\":\"SearchAction\",\"target\":{\"@type\":\"EntryPoint\",\"urlTemplate\":\"https:\/\/www.orion-scientific.com\/orisci22\/?s={search_term_string}\"},\"query-input\":{\"@type\":\"PropertyValueSpecification\",\"valueRequired\":true,\"valueName\":\"search_term_string\"}}],\"inLanguage\":\"it-IT\"},{\"@type\":\"Organization\",\"@id\":\"https:\/\/www.orion-scientific.com\/orisci22\/#organization\",\"name\":\"Orion Scientific Srl\",\"url\":\"https:\/\/www.orion-scientific.com\/orisci22\/\",\"logo\":{\"@type\":\"ImageObject\",\"inLanguage\":\"it-IT\",\"@id\":\"https:\/\/www.orion-scientific.com\/orisci22\/#\/schema\/logo\/image\/\",\"url\":\"https:\/\/orion-scientific.com\/orisci22\/wp-content\/uploads\/2021\/12\/logo_orion_scientific_011.png\",\"contentUrl\":\"https:\/\/orion-scientific.com\/orisci22\/wp-content\/uploads\/2021\/12\/logo_orion_scientific_011.png\",\"width\":896,\"height\":350,\"caption\":\"Orion Scientific Srl\"},\"image\":{\"@id\":\"https:\/\/www.orion-scientific.com\/orisci22\/#\/schema\/logo\/image\/\"},\"sameAs\":[\"https:\/\/it.linkedin.com\/company\/orion-scientific-srl\"]}]}<\/script>\n<!-- \/ Yoast SEO plugin. -->","yoast_head_json":{"title":"Lavora con noi - Orion Scientific Srl","robots":{"index":"index","follow":"follow","max-snippet":"max-snippet:-1","max-image-preview":"max-image-preview:large","max-video-preview":"max-video-preview:-1"},"canonical":"https:\/\/www.orion-scientific.com\/orisci22\/lavora-con-noi\/","og_locale":"it_IT","og_type":"article","og_title":"Lavora con noi - Orion Scientific Srl","og_description":"Ti piacerebbe lavorare in Orion Scientific SRL? &nbsp; Invia il tuo CV ed entra a far parte della nostra squadra! Ricerchiamo persone dinamiche, brillanti con estrazione scientifica per garantire la migliore qualit\u00e0 in termini di presenza territoriale, supporto tecnico-analitico, professionalit\u00e0 e affidabilit\u00e0 ponendo le necessit\u00e0 dei nostri clienti al centro del nostro processo aziendale. Siamo&hellip;","og_url":"https:\/\/www.orion-scientific.com\/orisci22\/lavora-con-noi\/","og_site_name":"Orion Scientific Srl","article_modified_time":"2024-05-23T12:23:22+00:00","og_image":[{"url":"https:\/\/www.orion-scientific.com\/orisci22\/wp-content\/uploads\/2023\/06\/lavora_con_noi-1024x281-1.jpg","type":"","width":"","height":""}],"twitter_card":"summary_large_image","twitter_misc":{"Tempo di lettura stimato":"2 minuti"},"schema":{"@context":"https:\/\/schema.org","@graph":[{"@type":"WebPage","@id":"https:\/\/www.orion-scientific.com\/orisci22\/lavora-con-noi\/","url":"https:\/\/www.orion-scientific.com\/orisci22\/lavora-con-noi\/","name":"Lavora con noi - Orion Scientific Srl","isPartOf":{"@id":"https:\/\/www.orion-scientific.com\/orisci22\/#website"},"primaryImageOfPage":{"@id":"https:\/\/www.orion-scientific.com\/orisci22\/lavora-con-noi\/#primaryimage"},"image":{"@id":"https:\/\/www.orion-scientific.com\/orisci22\/lavora-con-noi\/#primaryimage"},"thumbnailUrl":"https:\/\/www.orion-scientific.com\/orisci22\/wp-content\/uploads\/2023\/06\/lavora_con_noi-1024x281-1.jpg","datePublished":"2023-06-26T07:55:36+00:00","dateModified":"2024-05-23T12:23:22+00:00","breadcrumb":{"@id":"https:\/\/www.orion-scientific.com\/orisci22\/lavora-con-noi\/#breadcrumb"},"inLanguage":"it-IT","potentialAction":[{"@type":"ReadAction","target":["https:\/\/www.orion-scientific.com\/orisci22\/lavora-con-noi\/"]}]},{"@type":"ImageObject","inLanguage":"it-IT","@id":"https:\/\/www.orion-scientific.com\/orisci22\/lavora-con-noi\/#primaryimage","url":"https:\/\/www.orion-scientific.com\/orisci22\/wp-content\/uploads\/2023\/06\/lavora_con_noi-1024x281-1.jpg","contentUrl":"https:\/\/www.orion-scientific.com\/orisci22\/wp-content\/uploads\/2023\/06\/lavora_con_noi-1024x281-1.jpg","width":1024,"height":281},{"@type":"BreadcrumbList","@id":"https:\/\/www.orion-scientific.com\/orisci22\/lavora-con-noi\/#breadcrumb","itemListElement":[{"@type":"ListItem","position":1,"name":"Home","item":"https:\/\/www.orion-scientific.com\/orisci22\/"},{"@type":"ListItem","position":2,"name":"Lavora con noi"}]},{"@type":"WebSite","@id":"https:\/\/www.orion-scientific.com\/orisci22\/#website","url":"https:\/\/www.orion-scientific.com\/orisci22\/","name":"Orion Scientific Srl","description":"The Laboratory World","publisher":{"@id":"https:\/\/www.orion-scientific.com\/orisci22\/#organization"},"potentialAction":[{"@type":"SearchAction","target":{"@type":"EntryPoint","urlTemplate":"https:\/\/www.orion-scientific.com\/orisci22\/?s={search_term_string}"},"query-input":{"@type":"PropertyValueSpecification","valueRequired":true,"valueName":"search_term_string"}}],"inLanguage":"it-IT"},{"@type":"Organization","@id":"https:\/\/www.orion-scientific.com\/orisci22\/#organization","name":"Orion Scientific Srl","url":"https:\/\/www.orion-scientific.com\/orisci22\/","logo":{"@type":"ImageObject","inLanguage":"it-IT","@id":"https:\/\/www.orion-scientific.com\/orisci22\/#\/schema\/logo\/image\/","url":"https:\/\/orion-scientific.com\/orisci22\/wp-content\/uploads\/2021\/12\/logo_orion_scientific_011.png","contentUrl":"https:\/\/orion-scientific.com\/orisci22\/wp-content\/uploads\/2021\/12\/logo_orion_scientific_011.png","width":896,"height":350,"caption":"Orion Scientific Srl"},"image":{"@id":"https:\/\/www.orion-scientific.com\/orisci22\/#\/schema\/logo\/image\/"},"sameAs":["https:\/\/it.linkedin.com\/company\/orion-scientific-srl"]}]}},"_links":{"self":[{"href":"https:\/\/www.orion-scientific.com\/orisci22\/wp-json\/wp\/v2\/pages\/4677","targetHints":{"allow":["GET"]}}],"collection":[{"href":"https:\/\/www.orion-scientific.com\/orisci22\/wp-json\/wp\/v2\/pages"}],"about":[{"href":"https:\/\/www.orion-scientific.com\/orisci22\/wp-json\/wp\/v2\/types\/page"}],"author":[{"embeddable":true,"href":"https:\/\/www.orion-scientific.com\/orisci22\/wp-json\/wp\/v2\/users\/3"}],"replies":[{"embeddable":true,"href":"https:\/\/www.orion-scientific.com\/orisci22\/wp-json\/wp\/v2\/comments?post=4677"}],"version-history":[{"count":31,"href":"https:\/\/www.orion-scientific.com\/orisci22\/wp-json\/wp\/v2\/pages\/4677\/revisions"}],"predecessor-version":[{"id":5310,"href":"https:\/\/www.orion-scientific.com\/orisci22\/wp-json\/wp\/v2\/pages\/4677\/revisions\/5310"}],"wp:attachment":[{"href":"https:\/\/www.orion-scientific.com\/orisci22\/wp-json\/wp\/v2\/media?parent=4677"}],"curies":[{"name":"wp","href":"https:\/\/api.w.org\/{rel}","templated":true}]}}