{"id":4474,"date":"2023-05-08T12:32:29","date_gmt":"2023-05-08T10:32:29","guid":{"rendered":"https:\/\/www.orion-scientific.com\/orisci22\/?page_id=4474"},"modified":"2023-05-08T12:58:30","modified_gmt":"2023-05-08T10:58:30","slug":"strumentazione-spettrometria-di-massa-lc","status":"publish","type":"page","link":"https:\/\/www.orion-scientific.com\/orisci22\/strumentazione-spettrometria-di-massa-lc\/","title":{"rendered":"Strumentazione &#8211; Spettrometria di Massa LC"},"content":{"rendered":"\n<div style=\"height:25px\" aria-hidden=\"true\" class=\"wp-block-spacer\"><\/div>\n\n\n\n<h2 class=\"wp-block-heading has-text-align-center\" id=\"h-spettrometria-di-massa-lc\">Spettrometria di Massa LC<\/h2>\n\n\n\n<div style=\"height:16px\" aria-hidden=\"true\" class=\"wp-block-spacer\"><\/div>\n\n\n\n<p>I sistemi\u00a0<strong>LC MS<\/strong>\u00a0Thermo Scientific sono la perfetta soluzione per l\u2019<strong>analisi quantitativa<\/strong>\u00a0e l\u2019<strong>analisi qualitativa<\/strong>\u00a0di composti presenti in tracce in matrici complesse. Con analizzatori\u00a0LC MS singolo quadrupolo, LC-MS\/MS triplo quadrupolo\u00a0e\u00a0trappola ionica, tecnologie all\u2019avanguardia, software di controllo e elaborazione dati avanzati, il flusso di lavoro \u00e8 ottimizzato anche per le applicazioni pi\u00f9 impegnative. Le soluzioni LC MS Thermo Scientific nel nostro portfolio sono: ISQ EM, ISQ EC, TSQ FORTIS, TSQ QUANTIS, e TSQ ALTIS PLUS.<\/p>\n\n\n\n<div style=\"height:36px\" aria-hidden=\"true\" class=\"wp-block-spacer\"><\/div>\n\n\n\n<div class=\"wp-block-columns is-layout-flex wp-container-core-columns-is-layout-9d6595d7 wp-block-columns-is-layout-flex\">\n<div class=\"wp-block-column is-layout-flow wp-block-column-is-layout-flow\">\n<h3 class=\"wp-block-heading has-text-align-center\" id=\"h-isq-em\"><strong><br><\/strong>ISQ EM<\/h3>\n\n\n<div class=\"wp-block-image\">\n<figure class=\"aligncenter size-full\"><img fetchpriority=\"high\" decoding=\"async\" width=\"400\" height=\"400\" src=\"https:\/\/www.orion-scientific.com\/orisci22\/wp-content\/uploads\/2021\/11\/01-ISQ-EM-04.png\" alt=\"ISQ EM\" class=\"wp-image-1666\" srcset=\"https:\/\/www.orion-scientific.com\/orisci22\/wp-content\/uploads\/2021\/11\/01-ISQ-EM-04.png 400w, https:\/\/www.orion-scientific.com\/orisci22\/wp-content\/uploads\/2021\/11\/01-ISQ-EM-04-300x300.png 300w, https:\/\/www.orion-scientific.com\/orisci22\/wp-content\/uploads\/2021\/11\/01-ISQ-EM-04-150x150.png 150w\" sizes=\"(max-width: 400px) 100vw, 400px\" \/><\/figure>\n<\/div>\n\n\n<div style=\"height:27px\" aria-hidden=\"true\" class=\"wp-block-spacer\"><\/div>\n\n\n\n<p style=\"text-align: justify;\">L\u2019aggiunta della spettrometria di massa (MS) alle analisi di cromatografia liquida (LC) consente di accedere ai dati preziosi che solo la rivelazione MS pu\u00f2 fornire. Il nuovo spettrometro di massa a quadrupolo singolo ISQ EM, di facile utilizzo, si integra perfettamente con i sistemi LC per analisi di routine LC-MS affidabili, robuste e semplici con un intervallo di massa esteso per una maggiore flessibilit\u00e0. Rilevate e quantificate una variet\u00e0 di analiti scegliendo di utilizzare la ionizzazione elettrospray riscaldata (HESI) o la ionizzazione chimica a pressione atmosferica (APCI). Il software integrato consente sia ai principianti che ad analisi esperti esperti di utilizzare rapidamente la spettrometria di massa per ottenere maggiori informazioni da ogni campione.<\/p>\n<\/div>\n\n\n\n<div class=\"wp-block-column is-layout-flow wp-block-column-is-layout-flow\">\n<h3 class=\"wp-block-heading has-text-align-center\" id=\"h-isq-ec\"><strong><br><\/strong>ISQ EC<\/h3>\n\n\n<div class=\"wp-block-image\">\n<figure class=\"aligncenter size-full\"><img decoding=\"async\" width=\"400\" height=\"400\" src=\"https:\/\/www.orion-scientific.com\/orisci22\/wp-content\/uploads\/2021\/11\/02-isq-ec-single-quad-ms.png\" alt=\"ISQ EC\" class=\"wp-image-1676\" srcset=\"https:\/\/www.orion-scientific.com\/orisci22\/wp-content\/uploads\/2021\/11\/02-isq-ec-single-quad-ms.png 400w, https:\/\/www.orion-scientific.com\/orisci22\/wp-content\/uploads\/2021\/11\/02-isq-ec-single-quad-ms-300x300.png 300w, https:\/\/www.orion-scientific.com\/orisci22\/wp-content\/uploads\/2021\/11\/02-isq-ec-single-quad-ms-150x150.png 150w\" sizes=\"(max-width: 400px) 100vw, 400px\" \/><\/figure>\n<\/div>\n\n\n<div style=\"height:27px\" aria-hidden=\"true\" class=\"wp-block-spacer\"><\/div>\n\n\n\n<p style=\"text-align: justify;\">L\u2019aggiunta della spettrometria di massa (MS) alle analisi IC e LC consente di accedere ai dati preziosi che solo MS pu\u00f2 fornire. Il nuovo spettrometro di massa a quadrupolo singolo Thermo Scientific ISQ EC di facile utilizzo si integra perfettamente con i sistemi di cromatografia ionica (IC) e di cromatografia liquida ad alte prestazioni (HPLC). Sia principianti sia analisti esperti possono padroneggiare rapidamente la spettrometria di massa per ottenere maggiori informazioni da ogni campione.<\/p>\n<\/div>\n<\/div>\n\n\n\n<div style=\"height:56px\" aria-hidden=\"true\" class=\"wp-block-spacer\"><\/div>\n\n\n\n<div class=\"wp-block-columns is-layout-flex wp-container-core-columns-is-layout-9d6595d7 wp-block-columns-is-layout-flex\">\n<div class=\"wp-block-column is-layout-flow wp-block-column-is-layout-flow\">\n<h3 class=\"wp-block-heading has-text-align-center\" id=\"h-tsq-fortis-plus\">TSQ Fortis Plus<\/h3>\n\n\n<div class=\"wp-block-image\">\n<figure class=\"aligncenter size-full\"><img decoding=\"async\" width=\"400\" height=\"400\" src=\"https:\/\/www.orion-scientific.com\/orisci22\/wp-content\/uploads\/2021\/11\/03-tsq-fortis-01.png\" alt=\"TSQ Fortis Plus\" class=\"wp-image-1680\" srcset=\"https:\/\/www.orion-scientific.com\/orisci22\/wp-content\/uploads\/2021\/11\/03-tsq-fortis-01.png 400w, https:\/\/www.orion-scientific.com\/orisci22\/wp-content\/uploads\/2021\/11\/03-tsq-fortis-01-300x300.png 300w, https:\/\/www.orion-scientific.com\/orisci22\/wp-content\/uploads\/2021\/11\/03-tsq-fortis-01-150x150.png 150w\" sizes=\"(max-width: 400px) 100vw, 400px\" \/><\/figure>\n<\/div>\n\n\n<div style=\"height:27px\" aria-hidden=\"true\" class=\"wp-block-spacer\"><\/div>\n\n\n\n<p style=\"text-align: justify;\">Aumento della produttivit\u00e0, con affidabilit\u00e0 e robustezza, per i laboratori focalizzati sull\u2019esecuzione di analisi quantitative mirate con lo spettrometro di massa a triplo quadrupolo Thermo Scientific TSQ Fortis Plus. Questo sistema rende pi\u00f9 facile soddisfare le richieste odierne rispondendo con sicurezza a domande pi\u00f9 complesse per campione, ottenendo risultati riproducibili.<\/p>\n<\/div>\n\n\n\n<div class=\"wp-block-column is-layout-flow wp-block-column-is-layout-flow\">\n<h3 class=\"wp-block-heading has-text-align-center\" id=\"h-tsq-quantis-plus\">TSQ Quantis Plus<\/h3>\n\n\n<div class=\"wp-block-image\">\n<figure class=\"aligncenter size-full\"><img loading=\"lazy\" decoding=\"async\" width=\"400\" height=\"400\" src=\"https:\/\/www.orion-scientific.com\/orisci22\/wp-content\/uploads\/2021\/11\/04-tsq-quantis-01.png\" alt=\"TSQ Quantis Plus\" class=\"wp-image-1681\" srcset=\"https:\/\/www.orion-scientific.com\/orisci22\/wp-content\/uploads\/2021\/11\/04-tsq-quantis-01.png 400w, https:\/\/www.orion-scientific.com\/orisci22\/wp-content\/uploads\/2021\/11\/04-tsq-quantis-01-300x300.png 300w, https:\/\/www.orion-scientific.com\/orisci22\/wp-content\/uploads\/2021\/11\/04-tsq-quantis-01-150x150.png 150w\" sizes=\"(max-width: 400px) 100vw, 400px\" \/><\/figure>\n<\/div>\n\n\n<div style=\"height:27px\" aria-hidden=\"true\" class=\"wp-block-spacer\"><\/div>\n\n\n\n<p style=\"text-align: justify;\">Rispondete facilmente alle sfide analitiche quantitative mirate con lo spettrometro di massa a triplo quadrupolo Thermo Scientific TSQ Quantis Plus. Con i suoi quadrupoli segmentati, una velocit\u00e0 di acquisizione elevata, elettromoltiplicatore pi\u00f9 robusto, lo spettrometro di massa a triplo quadrupolo Thermo Scientific TSQ Quantis Plus offre una robustezza senza precedenti.<\/p>\n<\/div>\n<\/div>\n\n\n\n<div style=\"height:56px\" aria-hidden=\"true\" class=\"wp-block-spacer\"><\/div>\n\n\n\n<div class=\"wp-block-columns is-layout-flex wp-container-core-columns-is-layout-9d6595d7 wp-block-columns-is-layout-flex\">\n<div class=\"wp-block-column is-layout-flow wp-block-column-is-layout-flow\">\n<h3 class=\"wp-block-heading has-text-align-center\" id=\"h-tsq-altis-plus\">TSQ Altis Plus<\/h3>\n\n\n<div class=\"wp-block-image\">\n<figure class=\"aligncenter size-full\"><img loading=\"lazy\" decoding=\"async\" width=\"400\" height=\"400\" src=\"https:\/\/www.orion-scientific.com\/orisci22\/wp-content\/uploads\/2021\/11\/05-tsq-altis-01.png\" alt=\"TSQ Altis Plus\" class=\"wp-image-1682\" srcset=\"https:\/\/www.orion-scientific.com\/orisci22\/wp-content\/uploads\/2021\/11\/05-tsq-altis-01.png 400w, https:\/\/www.orion-scientific.com\/orisci22\/wp-content\/uploads\/2021\/11\/05-tsq-altis-01-300x300.png 300w, https:\/\/www.orion-scientific.com\/orisci22\/wp-content\/uploads\/2021\/11\/05-tsq-altis-01-150x150.png 150w\" sizes=\"(max-width: 400px) 100vw, 400px\" \/><\/figure>\n<\/div>\n\n\n<div style=\"height:27px\" aria-hidden=\"true\" class=\"wp-block-spacer\"><\/div>\n\n\n\n<p style=\"text-align: justify;\">Progettato per affrontare le sfide analitiche quantitative pi\u00f9 impegnative, lo spettrometro di massa a triplo quadrupolo Thermo Scientific TSQ Altis Plus offre velocit\u00e0 di acquisizione superiori, sensibilit\u00e0 migliorata, selettivit\u00e0 e robustezza eccezionale. TSQ Altis Plus permette di raggiungere una sensibilit\u00e0 senza precedenti per tutte le specie molecolari in matrici complesse senza sacrificare la robustezza.<\/p>\n<\/div>\n\n\n\n<div class=\"wp-block-column is-layout-flow wp-block-column-is-layout-flow\">\n<h3 class=\"wp-block-heading has-text-align-center\" id=\"h-ltq-xl\">LTQ XL<\/h3>\n\n\n<div class=\"wp-block-image\">\n<figure class=\"aligncenter size-full\"><img loading=\"lazy\" decoding=\"async\" width=\"400\" height=\"400\" src=\"https:\/\/www.orion-scientific.com\/orisci22\/wp-content\/uploads\/2021\/11\/06-LTQ-XL.jpg-650.png\" alt=\"lc ms thermo\" class=\"wp-image-1683\" srcset=\"https:\/\/www.orion-scientific.com\/orisci22\/wp-content\/uploads\/2021\/11\/06-LTQ-XL.jpg-650.png 400w, https:\/\/www.orion-scientific.com\/orisci22\/wp-content\/uploads\/2021\/11\/06-LTQ-XL.jpg-650-300x300.png 300w, https:\/\/www.orion-scientific.com\/orisci22\/wp-content\/uploads\/2021\/11\/06-LTQ-XL.jpg-650-150x150.png 150w\" sizes=\"(max-width: 400px) 100vw, 400px\" \/><\/figure>\n<\/div>\n\n\n<div style=\"height:27px\" aria-hidden=\"true\" class=\"wp-block-spacer\"><\/div>\n\n\n\n<p style=\"text-align: justify;\">Acquisizioni MS in scansione ad alta sensibilit\u00e0 unite alle funzionalit\u00e0 MSn con lo spettrometro di massa lineare a trappola ionica Thermo Scientific LTQ XL. Un singolo quadrupolo consente l\u2019acquisizione SIR. Un triplo quadrupolo aggiunge l\u2019acquisizione MRM. Una trappola ionica lineare va oltre consentendo il monitoraggio della reazione consecutiva in cui uno ione selezionato viene frammentato in uno ione prodotto e lo ione prodotto risultante viene ulteriormente frammentato in ulteriori passaggi consecutivi. Ogni ulteriore fase di frammentazione rende pi\u00f9 certa l\u2019identificazione del composto e facilita la caratterizzazione strutturale.<\/p>\n<\/div>\n<\/div>\n\n\n\n<h3 class=\"wp-block-heading has-text-align-left\" id=\"h-\"><\/h3>\n\n\n\n<div style=\"height:100px\" aria-hidden=\"true\" class=\"wp-block-spacer\"><\/div>\n\n\n\n<div class=\"wp-block-buttons is-content-justification-center is-layout-flex wp-container-core-buttons-is-layout-16018d1d wp-block-buttons-is-layout-flex\">\n<div class=\"wp-block-button has-custom-font-size is-style-fill\" style=\"font-size:18px\"><a class=\"wp-block-button__link has-white-color has-text-color has-background wp-element-button\" href=\"https:\/\/www.orion-scientific.com\/orisci22\/contatti-strumentazione-analitica\/\" style=\"border-radius:5px;background-color:#396a3a\" target=\"_blank\" rel=\"noreferrer noopener\">Richiedi maggiori informazioni<\/a><\/div>\n<\/div>\n\n\n\n<div style=\"height:48px\" aria-hidden=\"true\" class=\"wp-block-spacer\"><\/div>\n\n\n\n<p class=\"has-text-align-center\">In alternativa puoi inviare una mail all\u2019indirizzo&nbsp;<a href=\"mailto:marketing@orion-scientific.com?subject=Informazioni Spettrometria di Massa LC\" target=\"_blank\" rel=\"noreferrer noopener\">marketing@orion-scientific.com<\/a><\/p>\n\n\n\n<div style=\"height:126px\" aria-hidden=\"true\" class=\"wp-block-spacer\"><\/div>\n","protected":false},"excerpt":{"rendered":"<p>Spettrometria di Massa LC I sistemi\u00a0LC MS\u00a0Thermo Scientific sono la perfetta soluzione per l\u2019analisi quantitativa\u00a0e l\u2019analisi qualitativa\u00a0di composti presenti in tracce in matrici complesse. Con analizzatori\u00a0LC MS singolo quadrupolo, LC-MS\/MS triplo quadrupolo\u00a0e\u00a0trappola ionica, tecnologie all\u2019avanguardia, software di controllo e elaborazione dati avanzati, il flusso di lavoro \u00e8 ottimizzato anche per le applicazioni pi\u00f9 impegnative. Le&hellip;<\/p>\n","protected":false},"author":3,"featured_media":0,"parent":0,"menu_order":0,"comment_status":"closed","ping_status":"closed","template":"","meta":{"_themeisle_gutenberg_block_has_review":false,"footnotes":""},"class_list":["post-4474","page","type-page","status-publish","hentry"],"yoast_head":"<!-- This site is optimized with the Yoast SEO plugin v24.4 - https:\/\/yoast.com\/wordpress\/plugins\/seo\/ -->\n<title>Strumentazione analitica - Spettrometria di Massa LC MS Thermo<\/title>\n<meta name=\"description\" content=\"Siamo distributori di sistemi LC MS Thermo Scientific: ISQ EM, ISQ EC, TSQ FORTIS, TSQ QUANTIS, TSQ ALTIS PLUS.\" \/>\n<meta name=\"robots\" content=\"index, follow, max-snippet:-1, max-image-preview:large, max-video-preview:-1\" \/>\n<link rel=\"canonical\" href=\"https:\/\/www.orion-scientific.com\/orisci22\/strumentazione-spettrometria-di-massa-lc\/\" \/>\n<meta property=\"og:locale\" content=\"it_IT\" \/>\n<meta property=\"og:type\" content=\"article\" \/>\n<meta property=\"og:title\" content=\"Strumentazione analitica - Spettrometria di Massa LC MS Thermo\" \/>\n<meta property=\"og:description\" content=\"Siamo distributori di sistemi LC MS Thermo Scientific: ISQ EM, ISQ EC, TSQ FORTIS, TSQ QUANTIS, TSQ ALTIS PLUS.\" \/>\n<meta property=\"og:url\" content=\"https:\/\/www.orion-scientific.com\/orisci22\/strumentazione-spettrometria-di-massa-lc\/\" \/>\n<meta property=\"og:site_name\" content=\"Orion Scientific Srl\" \/>\n<meta property=\"article:modified_time\" content=\"2023-05-08T10:58:30+00:00\" \/>\n<meta property=\"og:image\" content=\"https:\/\/www.orion-scientific.com\/orisci22\/wp-content\/uploads\/2021\/11\/01-ISQ-EM-04.png\" \/>\n<meta name=\"twitter:card\" content=\"summary_large_image\" \/>\n<meta name=\"twitter:label1\" content=\"Tempo di lettura stimato\" \/>\n\t<meta name=\"twitter:data1\" content=\"5 minuti\" \/>\n<script type=\"application\/ld+json\" class=\"yoast-schema-graph\">{\"@context\":\"https:\/\/schema.org\",\"@graph\":[{\"@type\":\"WebPage\",\"@id\":\"https:\/\/www.orion-scientific.com\/orisci22\/strumentazione-spettrometria-di-massa-lc\/\",\"url\":\"https:\/\/www.orion-scientific.com\/orisci22\/strumentazione-spettrometria-di-massa-lc\/\",\"name\":\"Strumentazione analitica - Spettrometria di Massa LC MS Thermo\",\"isPartOf\":{\"@id\":\"https:\/\/www.orion-scientific.com\/orisci22\/#website\"},\"primaryImageOfPage\":{\"@id\":\"https:\/\/www.orion-scientific.com\/orisci22\/strumentazione-spettrometria-di-massa-lc\/#primaryimage\"},\"image\":{\"@id\":\"https:\/\/www.orion-scientific.com\/orisci22\/strumentazione-spettrometria-di-massa-lc\/#primaryimage\"},\"thumbnailUrl\":\"https:\/\/www.orion-scientific.com\/orisci22\/wp-content\/uploads\/2021\/11\/01-ISQ-EM-04.png\",\"datePublished\":\"2023-05-08T10:32:29+00:00\",\"dateModified\":\"2023-05-08T10:58:30+00:00\",\"description\":\"Siamo distributori di sistemi LC MS Thermo Scientific: ISQ EM, ISQ EC, TSQ FORTIS, TSQ QUANTIS, TSQ ALTIS PLUS.\",\"breadcrumb\":{\"@id\":\"https:\/\/www.orion-scientific.com\/orisci22\/strumentazione-spettrometria-di-massa-lc\/#breadcrumb\"},\"inLanguage\":\"it-IT\",\"potentialAction\":[{\"@type\":\"ReadAction\",\"target\":[\"https:\/\/www.orion-scientific.com\/orisci22\/strumentazione-spettrometria-di-massa-lc\/\"]}]},{\"@type\":\"ImageObject\",\"inLanguage\":\"it-IT\",\"@id\":\"https:\/\/www.orion-scientific.com\/orisci22\/strumentazione-spettrometria-di-massa-lc\/#primaryimage\",\"url\":\"https:\/\/www.orion-scientific.com\/orisci22\/wp-content\/uploads\/2021\/11\/01-ISQ-EM-04.png\",\"contentUrl\":\"https:\/\/www.orion-scientific.com\/orisci22\/wp-content\/uploads\/2021\/11\/01-ISQ-EM-04.png\",\"width\":400,\"height\":400},{\"@type\":\"BreadcrumbList\",\"@id\":\"https:\/\/www.orion-scientific.com\/orisci22\/strumentazione-spettrometria-di-massa-lc\/#breadcrumb\",\"itemListElement\":[{\"@type\":\"ListItem\",\"position\":1,\"name\":\"Home\",\"item\":\"https:\/\/www.orion-scientific.com\/orisci22\/\"},{\"@type\":\"ListItem\",\"position\":2,\"name\":\"Strumentazione &#8211; Spettrometria di Massa LC\"}]},{\"@type\":\"WebSite\",\"@id\":\"https:\/\/www.orion-scientific.com\/orisci22\/#website\",\"url\":\"https:\/\/www.orion-scientific.com\/orisci22\/\",\"name\":\"Orion Scientific Srl\",\"description\":\"The Laboratory World\",\"publisher\":{\"@id\":\"https:\/\/www.orion-scientific.com\/orisci22\/#organization\"},\"potentialAction\":[{\"@type\":\"SearchAction\",\"target\":{\"@type\":\"EntryPoint\",\"urlTemplate\":\"https:\/\/www.orion-scientific.com\/orisci22\/?s={search_term_string}\"},\"query-input\":{\"@type\":\"PropertyValueSpecification\",\"valueRequired\":true,\"valueName\":\"search_term_string\"}}],\"inLanguage\":\"it-IT\"},{\"@type\":\"Organization\",\"@id\":\"https:\/\/www.orion-scientific.com\/orisci22\/#organization\",\"name\":\"Orion Scientific Srl\",\"url\":\"https:\/\/www.orion-scientific.com\/orisci22\/\",\"logo\":{\"@type\":\"ImageObject\",\"inLanguage\":\"it-IT\",\"@id\":\"https:\/\/www.orion-scientific.com\/orisci22\/#\/schema\/logo\/image\/\",\"url\":\"https:\/\/orion-scientific.com\/orisci22\/wp-content\/uploads\/2021\/12\/logo_orion_scientific_011.png\",\"contentUrl\":\"https:\/\/orion-scientific.com\/orisci22\/wp-content\/uploads\/2021\/12\/logo_orion_scientific_011.png\",\"width\":896,\"height\":350,\"caption\":\"Orion Scientific Srl\"},\"image\":{\"@id\":\"https:\/\/www.orion-scientific.com\/orisci22\/#\/schema\/logo\/image\/\"},\"sameAs\":[\"https:\/\/it.linkedin.com\/company\/orion-scientific-srl\"]}]}<\/script>\n<!-- \/ Yoast SEO plugin. -->","yoast_head_json":{"title":"Strumentazione analitica - Spettrometria di Massa LC MS Thermo","description":"Siamo distributori di sistemi LC MS Thermo Scientific: ISQ EM, ISQ EC, TSQ FORTIS, TSQ QUANTIS, TSQ ALTIS PLUS.","robots":{"index":"index","follow":"follow","max-snippet":"max-snippet:-1","max-image-preview":"max-image-preview:large","max-video-preview":"max-video-preview:-1"},"canonical":"https:\/\/www.orion-scientific.com\/orisci22\/strumentazione-spettrometria-di-massa-lc\/","og_locale":"it_IT","og_type":"article","og_title":"Strumentazione analitica - Spettrometria di Massa LC MS Thermo","og_description":"Siamo distributori di sistemi LC MS Thermo Scientific: ISQ EM, ISQ EC, TSQ FORTIS, TSQ QUANTIS, TSQ ALTIS PLUS.","og_url":"https:\/\/www.orion-scientific.com\/orisci22\/strumentazione-spettrometria-di-massa-lc\/","og_site_name":"Orion Scientific Srl","article_modified_time":"2023-05-08T10:58:30+00:00","og_image":[{"url":"https:\/\/www.orion-scientific.com\/orisci22\/wp-content\/uploads\/2021\/11\/01-ISQ-EM-04.png","type":"","width":"","height":""}],"twitter_card":"summary_large_image","twitter_misc":{"Tempo di lettura stimato":"5 minuti"},"schema":{"@context":"https:\/\/schema.org","@graph":[{"@type":"WebPage","@id":"https:\/\/www.orion-scientific.com\/orisci22\/strumentazione-spettrometria-di-massa-lc\/","url":"https:\/\/www.orion-scientific.com\/orisci22\/strumentazione-spettrometria-di-massa-lc\/","name":"Strumentazione analitica - Spettrometria di Massa LC MS Thermo","isPartOf":{"@id":"https:\/\/www.orion-scientific.com\/orisci22\/#website"},"primaryImageOfPage":{"@id":"https:\/\/www.orion-scientific.com\/orisci22\/strumentazione-spettrometria-di-massa-lc\/#primaryimage"},"image":{"@id":"https:\/\/www.orion-scientific.com\/orisci22\/strumentazione-spettrometria-di-massa-lc\/#primaryimage"},"thumbnailUrl":"https:\/\/www.orion-scientific.com\/orisci22\/wp-content\/uploads\/2021\/11\/01-ISQ-EM-04.png","datePublished":"2023-05-08T10:32:29+00:00","dateModified":"2023-05-08T10:58:30+00:00","description":"Siamo distributori di sistemi LC MS Thermo Scientific: ISQ EM, ISQ EC, TSQ FORTIS, TSQ QUANTIS, TSQ ALTIS PLUS.","breadcrumb":{"@id":"https:\/\/www.orion-scientific.com\/orisci22\/strumentazione-spettrometria-di-massa-lc\/#breadcrumb"},"inLanguage":"it-IT","potentialAction":[{"@type":"ReadAction","target":["https:\/\/www.orion-scientific.com\/orisci22\/strumentazione-spettrometria-di-massa-lc\/"]}]},{"@type":"ImageObject","inLanguage":"it-IT","@id":"https:\/\/www.orion-scientific.com\/orisci22\/strumentazione-spettrometria-di-massa-lc\/#primaryimage","url":"https:\/\/www.orion-scientific.com\/orisci22\/wp-content\/uploads\/2021\/11\/01-ISQ-EM-04.png","contentUrl":"https:\/\/www.orion-scientific.com\/orisci22\/wp-content\/uploads\/2021\/11\/01-ISQ-EM-04.png","width":400,"height":400},{"@type":"BreadcrumbList","@id":"https:\/\/www.orion-scientific.com\/orisci22\/strumentazione-spettrometria-di-massa-lc\/#breadcrumb","itemListElement":[{"@type":"ListItem","position":1,"name":"Home","item":"https:\/\/www.orion-scientific.com\/orisci22\/"},{"@type":"ListItem","position":2,"name":"Strumentazione &#8211; Spettrometria di Massa LC"}]},{"@type":"WebSite","@id":"https:\/\/www.orion-scientific.com\/orisci22\/#website","url":"https:\/\/www.orion-scientific.com\/orisci22\/","name":"Orion Scientific Srl","description":"The Laboratory World","publisher":{"@id":"https:\/\/www.orion-scientific.com\/orisci22\/#organization"},"potentialAction":[{"@type":"SearchAction","target":{"@type":"EntryPoint","urlTemplate":"https:\/\/www.orion-scientific.com\/orisci22\/?s={search_term_string}"},"query-input":{"@type":"PropertyValueSpecification","valueRequired":true,"valueName":"search_term_string"}}],"inLanguage":"it-IT"},{"@type":"Organization","@id":"https:\/\/www.orion-scientific.com\/orisci22\/#organization","name":"Orion Scientific Srl","url":"https:\/\/www.orion-scientific.com\/orisci22\/","logo":{"@type":"ImageObject","inLanguage":"it-IT","@id":"https:\/\/www.orion-scientific.com\/orisci22\/#\/schema\/logo\/image\/","url":"https:\/\/orion-scientific.com\/orisci22\/wp-content\/uploads\/2021\/12\/logo_orion_scientific_011.png","contentUrl":"https:\/\/orion-scientific.com\/orisci22\/wp-content\/uploads\/2021\/12\/logo_orion_scientific_011.png","width":896,"height":350,"caption":"Orion Scientific Srl"},"image":{"@id":"https:\/\/www.orion-scientific.com\/orisci22\/#\/schema\/logo\/image\/"},"sameAs":["https:\/\/it.linkedin.com\/company\/orion-scientific-srl"]}]}},"_links":{"self":[{"href":"https:\/\/www.orion-scientific.com\/orisci22\/wp-json\/wp\/v2\/pages\/4474","targetHints":{"allow":["GET"]}}],"collection":[{"href":"https:\/\/www.orion-scientific.com\/orisci22\/wp-json\/wp\/v2\/pages"}],"about":[{"href":"https:\/\/www.orion-scientific.com\/orisci22\/wp-json\/wp\/v2\/types\/page"}],"author":[{"embeddable":true,"href":"https:\/\/www.orion-scientific.com\/orisci22\/wp-json\/wp\/v2\/users\/3"}],"replies":[{"embeddable":true,"href":"https:\/\/www.orion-scientific.com\/orisci22\/wp-json\/wp\/v2\/comments?post=4474"}],"version-history":[{"count":10,"href":"https:\/\/www.orion-scientific.com\/orisci22\/wp-json\/wp\/v2\/pages\/4474\/revisions"}],"predecessor-version":[{"id":4491,"href":"https:\/\/www.orion-scientific.com\/orisci22\/wp-json\/wp\/v2\/pages\/4474\/revisions\/4491"}],"wp:attachment":[{"href":"https:\/\/www.orion-scientific.com\/orisci22\/wp-json\/wp\/v2\/media?parent=4474"}],"curies":[{"name":"wp","href":"https:\/\/api.w.org\/{rel}","templated":true}]}}