{"id":3753,"date":"2023-02-06T12:36:57","date_gmt":"2023-02-06T11:36:57","guid":{"rendered":"https:\/\/www.orion-scientific.com\/orisci22\/?page_id=3753"},"modified":"2023-03-20T13:35:01","modified_gmt":"2023-03-20T12:35:01","slug":"rivenditori-duran","status":"publish","type":"page","link":"https:\/\/www.orion-scientific.com\/orisci22\/rivenditori-duran\/","title":{"rendered":"Rivenditori Duran"},"content":{"rendered":"\n<h3 class=\"has-text-color wp-block-heading\" id=\"h-siamo-distributori-di-vetreria-da-laboratorio-duran\" style=\"color:#639f4c\">Siamo distributori di vetreria da laboratorio Duran<\/h3>\n\n\n\n<div style=\"height:21px\" aria-hidden=\"true\" class=\"wp-block-spacer\"><\/div>\n\n\n\n<h4 class=\"wp-block-heading\">L&#8217;Azienda Duran<\/h4>\n\n\n\n<p>La vetreria da laboratorio ha un nome: DURAN.<\/p>\n\n\n\n<figure class=\"wp-block-image size-large\"><img fetchpriority=\"high\" decoding=\"async\" width=\"1024\" height=\"259\" src=\"https:\/\/www.orion-scientific.com\/orisci22\/wp-content\/uploads\/2023\/02\/duran-1024x259.png\" alt=\"vetreria da laboratorio\" class=\"wp-image-3998\" srcset=\"https:\/\/www.orion-scientific.com\/orisci22\/wp-content\/uploads\/2023\/02\/duran-1024x259.png 1024w, https:\/\/www.orion-scientific.com\/orisci22\/wp-content\/uploads\/2023\/02\/duran-300x76.png 300w, https:\/\/www.orion-scientific.com\/orisci22\/wp-content\/uploads\/2023\/02\/duran-768x194.png 768w, https:\/\/www.orion-scientific.com\/orisci22\/wp-content\/uploads\/2023\/02\/duran-1536x389.png 1536w, https:\/\/www.orion-scientific.com\/orisci22\/wp-content\/uploads\/2023\/02\/duran-2048x518.png 2048w\" sizes=\"(max-width: 1024px) 100vw, 1024px\" \/><\/figure>\n\n\n\n<div style=\"height:22px\" aria-hidden=\"true\" class=\"wp-block-spacer\"><\/div>\n\n\n\n<p>Ottime caratteristiche fisiche e chimiche rendono il vetro DURAN \u00ae il materiale preferito per le applicazioni di laboratorio. Prodotto in Germania da oltre 120 anni, con vetro boro-silicato 3.3, il portafoglio DURAN\u00ae comprende oltre 3.000 prodotti, realizzati principalmente secondo gli standard DIN\/ISO. Il vetro boro-silicato 3.3 DURAN\u00ae, si distingue per la sua qualit\u00e0 costante e riproducibile nel tempo. L&#8217;elevata resistenza chimica, il comportamento inerte, la possibilit\u00e0 di utilizzi ad elevate temperatura con minima espansione termica e conseguente elevata resistenza agli shock termici sono le propriet\u00e0 pi\u00f9 significative. Conforme inoltre ai requisiti delle Pharmacopee USP\/EP\/JP Tipo 1, la vetreria scientifica Duran, \u00e8 la soluzione adottata dall\u2019industria farmaceutica. Il vetro DURAN ha un certificato Batch per la completa tracciabilit\u00e0. Bicchieri, beute, matracci e flaconi dei reagenti sono tutti dotati di un &#8220;codice di rintracciabilit\u00e0&#8221; per assicurare la completa conformit\u00e0 ai requisiti normativi.<\/p>\n\n\n\n<div style=\"height:38px\" aria-hidden=\"true\" class=\"wp-block-spacer\"><\/div>\n\n\n\n<p class=\"has-text-align-center\"><strong>Siamo distributori ufficiali di vetreria da laboratorio<\/strong> <strong>Duran<\/strong><\/p>\n\n\n\n<div style=\"height:55px\" aria-hidden=\"true\" class=\"wp-block-spacer\"><\/div>\n\n\n\n<div class=\"wp-block-buttons is-content-justification-center is-layout-flex wp-container-core-buttons-is-layout-16018d1d wp-block-buttons-is-layout-flex\">\n<div class=\"wp-block-button has-custom-font-size has-small-font-size\"><a class=\"wp-block-button__link has-background wp-element-button\" href=\"https:\/\/www.orion-scientific.com\/orisci22\/richiedi-informazioni\/\" style=\"background-color:#639f4c\">Richiedi informazioni o un preventivo<\/a><\/div>\n<\/div>\n\n\n\n<div style=\"height:18px\" aria-hidden=\"true\" class=\"wp-block-spacer\"><\/div>\n\n\n\n<p class=\"has-text-align-center\">o invia una mail all&#8217;indirizzo <a href=\"mailto:marketing@orion-scientific.com?subject=Richiesta Duran\">marketing@orion-scientific.com<\/a><\/p>\n\n\n\n<div style=\"height:100px\" aria-hidden=\"true\" class=\"wp-block-spacer\"><\/div>\n","protected":false},"excerpt":{"rendered":"<p>Siamo distributori di vetreria da laboratorio Duran L&#8217;Azienda Duran La vetreria da laboratorio ha un nome: DURAN. Ottime caratteristiche fisiche e chimiche rendono il vetro DURAN \u00ae il materiale preferito per le applicazioni di laboratorio. Prodotto in Germania da oltre 120 anni, con vetro boro-silicato 3.3, il portafoglio DURAN\u00ae comprende oltre 3.000 prodotti, realizzati principalmente&hellip;<\/p>\n","protected":false},"author":3,"featured_media":0,"parent":0,"menu_order":0,"comment_status":"closed","ping_status":"closed","template":"","meta":{"_themeisle_gutenberg_block_has_review":false,"footnotes":""},"class_list":["post-3753","page","type-page","status-publish","hentry"],"yoast_head":"<!-- This site is optimized with the Yoast SEO plugin v24.4 - https:\/\/yoast.com\/wordpress\/plugins\/seo\/ -->\n<title>Vetreria da laboratorio Duran - Vetreria scientifica<\/title>\n<meta name=\"description\" content=\"Distribuiamo la vetreria da laboratorio Duran: bottiglie di vetro da laboratorio DURAN, bicchieri, beute Erlenmeyer e i flaconi dei reagenti\" \/>\n<meta name=\"robots\" content=\"index, follow, max-snippet:-1, max-image-preview:large, max-video-preview:-1\" \/>\n<link rel=\"canonical\" href=\"https:\/\/www.orion-scientific.com\/orisci22\/rivenditori-duran\/\" \/>\n<meta property=\"og:locale\" content=\"it_IT\" \/>\n<meta property=\"og:type\" content=\"article\" \/>\n<meta property=\"og:title\" content=\"Vetreria da laboratorio Duran - Vetreria scientifica\" \/>\n<meta property=\"og:description\" content=\"Distribuiamo la vetreria da laboratorio Duran: bottiglie di vetro da laboratorio DURAN, bicchieri, beute Erlenmeyer e i flaconi dei reagenti\" \/>\n<meta property=\"og:url\" content=\"https:\/\/www.orion-scientific.com\/orisci22\/rivenditori-duran\/\" \/>\n<meta property=\"og:site_name\" content=\"Orion Scientific Srl\" \/>\n<meta property=\"article:modified_time\" content=\"2023-03-20T12:35:01+00:00\" \/>\n<meta property=\"og:image\" content=\"https:\/\/www.orion-scientific.com\/orisci22\/wp-content\/uploads\/2023\/02\/duran-1024x259.png\" \/>\n<meta name=\"twitter:card\" content=\"summary_large_image\" \/>\n<meta name=\"twitter:label1\" content=\"Tempo di lettura stimato\" \/>\n\t<meta name=\"twitter:data1\" content=\"2 minuti\" \/>\n<script type=\"application\/ld+json\" class=\"yoast-schema-graph\">{\"@context\":\"https:\/\/schema.org\",\"@graph\":[{\"@type\":\"WebPage\",\"@id\":\"https:\/\/www.orion-scientific.com\/orisci22\/rivenditori-duran\/\",\"url\":\"https:\/\/www.orion-scientific.com\/orisci22\/rivenditori-duran\/\",\"name\":\"Vetreria da laboratorio Duran - Vetreria scientifica\",\"isPartOf\":{\"@id\":\"https:\/\/www.orion-scientific.com\/orisci22\/#website\"},\"primaryImageOfPage\":{\"@id\":\"https:\/\/www.orion-scientific.com\/orisci22\/rivenditori-duran\/#primaryimage\"},\"image\":{\"@id\":\"https:\/\/www.orion-scientific.com\/orisci22\/rivenditori-duran\/#primaryimage\"},\"thumbnailUrl\":\"https:\/\/www.orion-scientific.com\/orisci22\/wp-content\/uploads\/2023\/02\/duran-1024x259.png\",\"datePublished\":\"2023-02-06T11:36:57+00:00\",\"dateModified\":\"2023-03-20T12:35:01+00:00\",\"description\":\"Distribuiamo la vetreria da laboratorio Duran: bottiglie di vetro da laboratorio DURAN, bicchieri, beute Erlenmeyer e i flaconi dei reagenti\",\"breadcrumb\":{\"@id\":\"https:\/\/www.orion-scientific.com\/orisci22\/rivenditori-duran\/#breadcrumb\"},\"inLanguage\":\"it-IT\",\"potentialAction\":[{\"@type\":\"ReadAction\",\"target\":[\"https:\/\/www.orion-scientific.com\/orisci22\/rivenditori-duran\/\"]}]},{\"@type\":\"ImageObject\",\"inLanguage\":\"it-IT\",\"@id\":\"https:\/\/www.orion-scientific.com\/orisci22\/rivenditori-duran\/#primaryimage\",\"url\":\"https:\/\/www.orion-scientific.com\/orisci22\/wp-content\/uploads\/2023\/02\/duran.png\",\"contentUrl\":\"https:\/\/www.orion-scientific.com\/orisci22\/wp-content\/uploads\/2023\/02\/duran.png\",\"width\":3798,\"height\":961},{\"@type\":\"BreadcrumbList\",\"@id\":\"https:\/\/www.orion-scientific.com\/orisci22\/rivenditori-duran\/#breadcrumb\",\"itemListElement\":[{\"@type\":\"ListItem\",\"position\":1,\"name\":\"Home\",\"item\":\"https:\/\/www.orion-scientific.com\/orisci22\/\"},{\"@type\":\"ListItem\",\"position\":2,\"name\":\"Rivenditori Duran\"}]},{\"@type\":\"WebSite\",\"@id\":\"https:\/\/www.orion-scientific.com\/orisci22\/#website\",\"url\":\"https:\/\/www.orion-scientific.com\/orisci22\/\",\"name\":\"Orion Scientific Srl\",\"description\":\"The Laboratory World\",\"publisher\":{\"@id\":\"https:\/\/www.orion-scientific.com\/orisci22\/#organization\"},\"potentialAction\":[{\"@type\":\"SearchAction\",\"target\":{\"@type\":\"EntryPoint\",\"urlTemplate\":\"https:\/\/www.orion-scientific.com\/orisci22\/?s={search_term_string}\"},\"query-input\":{\"@type\":\"PropertyValueSpecification\",\"valueRequired\":true,\"valueName\":\"search_term_string\"}}],\"inLanguage\":\"it-IT\"},{\"@type\":\"Organization\",\"@id\":\"https:\/\/www.orion-scientific.com\/orisci22\/#organization\",\"name\":\"Orion Scientific Srl\",\"url\":\"https:\/\/www.orion-scientific.com\/orisci22\/\",\"logo\":{\"@type\":\"ImageObject\",\"inLanguage\":\"it-IT\",\"@id\":\"https:\/\/www.orion-scientific.com\/orisci22\/#\/schema\/logo\/image\/\",\"url\":\"https:\/\/orion-scientific.com\/orisci22\/wp-content\/uploads\/2021\/12\/logo_orion_scientific_011.png\",\"contentUrl\":\"https:\/\/orion-scientific.com\/orisci22\/wp-content\/uploads\/2021\/12\/logo_orion_scientific_011.png\",\"width\":896,\"height\":350,\"caption\":\"Orion Scientific Srl\"},\"image\":{\"@id\":\"https:\/\/www.orion-scientific.com\/orisci22\/#\/schema\/logo\/image\/\"},\"sameAs\":[\"https:\/\/it.linkedin.com\/company\/orion-scientific-srl\"]}]}<\/script>\n<!-- \/ Yoast SEO plugin. -->","yoast_head_json":{"title":"Vetreria da laboratorio Duran - Vetreria scientifica","description":"Distribuiamo la vetreria da laboratorio Duran: bottiglie di vetro da laboratorio DURAN, bicchieri, beute Erlenmeyer e i flaconi dei reagenti","robots":{"index":"index","follow":"follow","max-snippet":"max-snippet:-1","max-image-preview":"max-image-preview:large","max-video-preview":"max-video-preview:-1"},"canonical":"https:\/\/www.orion-scientific.com\/orisci22\/rivenditori-duran\/","og_locale":"it_IT","og_type":"article","og_title":"Vetreria da laboratorio Duran - Vetreria scientifica","og_description":"Distribuiamo la vetreria da laboratorio Duran: bottiglie di vetro da laboratorio DURAN, bicchieri, beute Erlenmeyer e i flaconi dei reagenti","og_url":"https:\/\/www.orion-scientific.com\/orisci22\/rivenditori-duran\/","og_site_name":"Orion Scientific Srl","article_modified_time":"2023-03-20T12:35:01+00:00","og_image":[{"url":"https:\/\/www.orion-scientific.com\/orisci22\/wp-content\/uploads\/2023\/02\/duran-1024x259.png","type":"","width":"","height":""}],"twitter_card":"summary_large_image","twitter_misc":{"Tempo di lettura stimato":"2 minuti"},"schema":{"@context":"https:\/\/schema.org","@graph":[{"@type":"WebPage","@id":"https:\/\/www.orion-scientific.com\/orisci22\/rivenditori-duran\/","url":"https:\/\/www.orion-scientific.com\/orisci22\/rivenditori-duran\/","name":"Vetreria da laboratorio Duran - Vetreria scientifica","isPartOf":{"@id":"https:\/\/www.orion-scientific.com\/orisci22\/#website"},"primaryImageOfPage":{"@id":"https:\/\/www.orion-scientific.com\/orisci22\/rivenditori-duran\/#primaryimage"},"image":{"@id":"https:\/\/www.orion-scientific.com\/orisci22\/rivenditori-duran\/#primaryimage"},"thumbnailUrl":"https:\/\/www.orion-scientific.com\/orisci22\/wp-content\/uploads\/2023\/02\/duran-1024x259.png","datePublished":"2023-02-06T11:36:57+00:00","dateModified":"2023-03-20T12:35:01+00:00","description":"Distribuiamo la vetreria da laboratorio Duran: bottiglie di vetro da laboratorio DURAN, bicchieri, beute Erlenmeyer e i flaconi dei reagenti","breadcrumb":{"@id":"https:\/\/www.orion-scientific.com\/orisci22\/rivenditori-duran\/#breadcrumb"},"inLanguage":"it-IT","potentialAction":[{"@type":"ReadAction","target":["https:\/\/www.orion-scientific.com\/orisci22\/rivenditori-duran\/"]}]},{"@type":"ImageObject","inLanguage":"it-IT","@id":"https:\/\/www.orion-scientific.com\/orisci22\/rivenditori-duran\/#primaryimage","url":"https:\/\/www.orion-scientific.com\/orisci22\/wp-content\/uploads\/2023\/02\/duran.png","contentUrl":"https:\/\/www.orion-scientific.com\/orisci22\/wp-content\/uploads\/2023\/02\/duran.png","width":3798,"height":961},{"@type":"BreadcrumbList","@id":"https:\/\/www.orion-scientific.com\/orisci22\/rivenditori-duran\/#breadcrumb","itemListElement":[{"@type":"ListItem","position":1,"name":"Home","item":"https:\/\/www.orion-scientific.com\/orisci22\/"},{"@type":"ListItem","position":2,"name":"Rivenditori Duran"}]},{"@type":"WebSite","@id":"https:\/\/www.orion-scientific.com\/orisci22\/#website","url":"https:\/\/www.orion-scientific.com\/orisci22\/","name":"Orion Scientific Srl","description":"The Laboratory World","publisher":{"@id":"https:\/\/www.orion-scientific.com\/orisci22\/#organization"},"potentialAction":[{"@type":"SearchAction","target":{"@type":"EntryPoint","urlTemplate":"https:\/\/www.orion-scientific.com\/orisci22\/?s={search_term_string}"},"query-input":{"@type":"PropertyValueSpecification","valueRequired":true,"valueName":"search_term_string"}}],"inLanguage":"it-IT"},{"@type":"Organization","@id":"https:\/\/www.orion-scientific.com\/orisci22\/#organization","name":"Orion Scientific Srl","url":"https:\/\/www.orion-scientific.com\/orisci22\/","logo":{"@type":"ImageObject","inLanguage":"it-IT","@id":"https:\/\/www.orion-scientific.com\/orisci22\/#\/schema\/logo\/image\/","url":"https:\/\/orion-scientific.com\/orisci22\/wp-content\/uploads\/2021\/12\/logo_orion_scientific_011.png","contentUrl":"https:\/\/orion-scientific.com\/orisci22\/wp-content\/uploads\/2021\/12\/logo_orion_scientific_011.png","width":896,"height":350,"caption":"Orion Scientific Srl"},"image":{"@id":"https:\/\/www.orion-scientific.com\/orisci22\/#\/schema\/logo\/image\/"},"sameAs":["https:\/\/it.linkedin.com\/company\/orion-scientific-srl"]}]}},"_links":{"self":[{"href":"https:\/\/www.orion-scientific.com\/orisci22\/wp-json\/wp\/v2\/pages\/3753","targetHints":{"allow":["GET"]}}],"collection":[{"href":"https:\/\/www.orion-scientific.com\/orisci22\/wp-json\/wp\/v2\/pages"}],"about":[{"href":"https:\/\/www.orion-scientific.com\/orisci22\/wp-json\/wp\/v2\/types\/page"}],"author":[{"embeddable":true,"href":"https:\/\/www.orion-scientific.com\/orisci22\/wp-json\/wp\/v2\/users\/3"}],"replies":[{"embeddable":true,"href":"https:\/\/www.orion-scientific.com\/orisci22\/wp-json\/wp\/v2\/comments?post=3753"}],"version-history":[{"count":10,"href":"https:\/\/www.orion-scientific.com\/orisci22\/wp-json\/wp\/v2\/pages\/3753\/revisions"}],"predecessor-version":[{"id":4177,"href":"https:\/\/www.orion-scientific.com\/orisci22\/wp-json\/wp\/v2\/pages\/3753\/revisions\/4177"}],"wp:attachment":[{"href":"https:\/\/www.orion-scientific.com\/orisci22\/wp-json\/wp\/v2\/media?parent=3753"}],"curies":[{"name":"wp","href":"https:\/\/api.w.org\/{rel}","templated":true}]}}