{"id":3685,"date":"2023-02-06T10:22:59","date_gmt":"2023-02-06T09:22:59","guid":{"rendered":"https:\/\/www.orion-scientific.com\/orisci22\/?page_id=3685"},"modified":"2026-02-13T09:39:10","modified_gmt":"2026-02-13T08:39:10","slug":"rivenditori-macherey-nagel","status":"publish","type":"page","link":"https:\/\/www.orion-scientific.com\/orisci22\/rivenditori-macherey-nagel\/","title":{"rendered":"Rivenditori Macherey Nagel"},"content":{"rendered":"\n<h4 class=\"wp-block-heading has-text-color\" id=\"h-siamo-distributori-di-prodotti-macherey-nagel-dalle-cartucce-spe-chromabond-alle-colonne-lc-nucleosil-nucleodur-e-nucleoshell\" style=\"color:#639f4c\">Siamo distributori di prodotti Macherey Nagel: dalle cartucce SPE Chromabond alle colonne LC Nucleosil, Nucleodur e Nucleoshell<\/h4>\n\n\n\n<div style=\"height:21px\" aria-hidden=\"true\" class=\"wp-block-spacer\"><\/div>\n\n\n\n<h4 class=\"wp-block-heading\">L&#8217; Azienda Macherey Nagel<\/h4>\n\n\n\n<div style=\"height:9px\" aria-hidden=\"true\" class=\"wp-block-spacer\"><\/div>\n\n\n\n<p>MACHEREY-NAGEL \u00e8 stata fondata nel 1911 a D\u00fcren come produttore specializzato di carte da filtro. Un\u2019azienda a conduzione familiare che in questi anni \u00e8 cresciuta diventando leader in soluzioni dedicate alle analisi chimiche e biomolecolari contando pi\u00f9 di 700 dipendenti, 5 siti a D\u00fcren e filiali in Germania, Svizzera, Francia e Stati Uniti.<\/p>\n\n\n\n<p>Un portafoglio di oltre 25.000 prodotti con soluzioni innovative e creative sviluppate internamente, numerosi brevetti e certificazioni internazionali che sottolineano l&#8217;alta qualit\u00e0.<\/p>\n\n\n\n<p><\/p>\n\n\n\n<p>I settori principali dell&#8217;azienda sono cinque:<\/p>\n\n\n\n<ul class=\"wp-block-list\">\n<li>Filtrazione<\/li>\n\n\n\n<li>Test rapidi<\/li>\n\n\n\n<li>Analisi delle acque<\/li>\n\n\n\n<li>Cromatografia<\/li>\n\n\n\n<li>Bioanalisi<\/li>\n<\/ul>\n\n\n\n<div class=\"wp-block-buttons is-content-justification-center is-layout-flex wp-container-core-buttons-is-layout-16018d1d wp-block-buttons-is-layout-flex\"><\/div>\n\n\n<div class=\"wp-block-image\">\n<figure class=\"aligncenter size-full\"><img decoding=\"async\" width=\"800\" height=\"50\" src=\"https:\/\/www.orion-scientific.com\/orisci22\/wp-content\/uploads\/2025\/07\/Linea.png\" alt=\"\" class=\"wp-image-6280\" srcset=\"https:\/\/www.orion-scientific.com\/orisci22\/wp-content\/uploads\/2025\/07\/Linea.png 800w, https:\/\/www.orion-scientific.com\/orisci22\/wp-content\/uploads\/2025\/07\/Linea-300x19.png 300w, https:\/\/www.orion-scientific.com\/orisci22\/wp-content\/uploads\/2025\/07\/Linea-768x48.png 768w\" sizes=\"(max-width: 800px) 100vw, 800px\" \/><\/figure>\n<\/div>\n\n\n<div style=\"height:5px\" aria-hidden=\"true\" class=\"wp-block-spacer\"><\/div>\n\n\n\n<p>In ambito <strong>cromatografia<\/strong>,<strong> <\/strong>l&#8217;azienda propone un gamma completa di prodotti per dalla preparazione del campione alla successiva analisi in Cromatografia Flash, Liquida HPLC\/UHPLC e Gassosa GC e TLC.<\/p>\n\n\n\n<p><\/p>\n\n\n\n<figure class=\"wp-block-image size-large\"><img fetchpriority=\"high\" decoding=\"async\" width=\"1024\" height=\"410\" src=\"https:\/\/www.orion-scientific.com\/orisci22\/wp-content\/uploads\/2023\/02\/Cattura-1024x410.png\" alt=\"Macherey Nagel\" class=\"wp-image-3692\" srcset=\"https:\/\/www.orion-scientific.com\/orisci22\/wp-content\/uploads\/2023\/02\/Cattura-1024x410.png 1024w, https:\/\/www.orion-scientific.com\/orisci22\/wp-content\/uploads\/2023\/02\/Cattura-300x120.png 300w, https:\/\/www.orion-scientific.com\/orisci22\/wp-content\/uploads\/2023\/02\/Cattura-768x307.png 768w, https:\/\/www.orion-scientific.com\/orisci22\/wp-content\/uploads\/2023\/02\/Cattura.png 1205w\" sizes=\"(max-width: 1024px) 100vw, 1024px\" \/><\/figure>\n\n\n\n<div style=\"height:38px\" aria-hidden=\"true\" class=\"wp-block-spacer\"><\/div>\n\n\n\n<h4 class=\"wp-block-heading\">Prodotti Macherey Nagel che rivendiamo:<\/h4>\n\n\n\n<div style=\"height:14px\" aria-hidden=\"true\" class=\"wp-block-spacer\"><\/div>\n\n\n\n<div style=\"height:14px\" aria-hidden=\"true\" class=\"wp-block-spacer\"><\/div>\n\n\n\n<div class=\"wp-block-columns is-layout-flex wp-container-core-columns-is-layout-9d6595d7 wp-block-columns-is-layout-flex\">\n<div class=\"wp-block-column is-layout-flow wp-block-column-is-layout-flow\">\n<p><strong>SPE<\/strong><\/p>\n\n\n\n<p>Le cartucce SPE <strong>Chromabond<\/strong> per l&#8217;estrazione in fase solida (SPE) sono disponibili in un\u2019ampia gamma di sorbenti sia in silice sia polimerici e di formati per rispondere pienamente alle diverse esigenze.<\/p>\n<\/div>\n\n\n\n<div class=\"wp-block-column is-layout-flow wp-block-column-is-layout-flow\">\n<p><strong>COLONNE LC<\/strong><\/p>\n\n\n\n<p>L&#8217;azienda offre un\u2019ampia gamma di selettivit\u00e0 e&nbsp; formati &nbsp;per una completa scalabilit\u00e0 dalla tecnica HPLC tradizionale alla UHPLC alla preparativa, con colonne totalmente porosa&nbsp; come le <strong>Nucleosil<\/strong>, <strong>Nucleodur<\/strong> alla colonne superficialmente porose<strong> Nucleoshell<\/strong>. Inoltre un portafoglio di selettivit\u00e0 speciali quali le SEC e le CHIRALI.<\/p>\n<\/div>\n<\/div>\n\n\n\n<div style=\"height:29px\" aria-hidden=\"true\" class=\"wp-block-spacer\"><\/div>\n\n\n\n<div style=\"height:22px\" aria-hidden=\"true\" class=\"wp-block-spacer\"><\/div>\n\n\n\n<div class=\"wp-block-columns is-layout-flex wp-container-core-columns-is-layout-9d6595d7 wp-block-columns-is-layout-flex\">\n<div class=\"wp-block-column is-layout-flow wp-block-column-is-layout-flow\"><\/div>\n\n\n\n<div class=\"wp-block-column is-layout-flow wp-block-column-is-layout-flow\">\n<p><\/p>\n<\/div>\n<\/div>\n\n\n\n<div class=\"wp-block-buttons is-content-justification-center is-layout-flex wp-container-core-buttons-is-layout-16018d1d wp-block-buttons-is-layout-flex\">\n<div class=\"wp-block-button has-custom-width wp-block-button__width-75\"><a class=\"wp-block-button__link has-background has-custom-font-size wp-element-button\" href=\"https:\/\/www.orion-scientific.com\/orisci22\/richiedi-informazioni\/\" style=\"border-radius:6px;background-color:#639f4c;font-size:18px\">Richiedi maggiori informazioni o un preventivo<\/a><\/div>\n<\/div>\n\n\n\n<div style=\"height:43px\" aria-hidden=\"true\" class=\"wp-block-spacer\"><\/div>\n\n\n\n<p class=\"has-text-align-center\"><strong>Siamo distributori ufficiali di prodotti Macherey Nagel<\/strong><\/p>\n\n\n\n<div style=\"height:32px\" aria-hidden=\"true\" class=\"wp-block-spacer\"><\/div>\n\n\n\n<p class=\"has-text-align-center\"><\/p>\n\n\n\n<div style=\"height:100px\" aria-hidden=\"true\" class=\"wp-block-spacer\"><\/div>\n","protected":false},"excerpt":{"rendered":"<p>Siamo distributori di prodotti Macherey Nagel: dalle cartucce SPE Chromabond alle colonne LC Nucleosil, Nucleodur e Nucleoshell L&#8217; Azienda Macherey Nagel MACHEREY-NAGEL \u00e8 stata fondata nel 1911 a D\u00fcren come produttore specializzato di carte da filtro. Un\u2019azienda a conduzione familiare che in questi anni \u00e8 cresciuta diventando leader in soluzioni dedicate alle analisi chimiche e&hellip;<\/p>\n","protected":false},"author":3,"featured_media":0,"parent":0,"menu_order":0,"comment_status":"closed","ping_status":"closed","template":"","meta":{"_themeisle_gutenberg_block_has_review":false,"footnotes":""},"class_list":["post-3685","page","type-page","status-publish","hentry"],"yoast_head":"<!-- This site is optimized with the Yoast SEO plugin v24.4 - https:\/\/yoast.com\/wordpress\/plugins\/seo\/ -->\n<title>Rivenditori Macherey Nagel: cartucce Chromabond e colonne LC<\/title>\n<meta name=\"description\" content=\"Distribuiamo i prodotti Macherey Nagel: dalle cartucce SPE Chromabond alle colonne LC Nucleosil, Nucleodur e Nucleoshell.\" \/>\n<meta name=\"robots\" content=\"index, follow, max-snippet:-1, max-image-preview:large, max-video-preview:-1\" \/>\n<link rel=\"canonical\" href=\"https:\/\/www.orion-scientific.com\/orisci22\/rivenditori-macherey-nagel\/\" \/>\n<meta property=\"og:locale\" content=\"it_IT\" \/>\n<meta property=\"og:type\" content=\"article\" \/>\n<meta property=\"og:title\" content=\"Rivenditori Macherey Nagel: cartucce Chromabond e colonne LC\" \/>\n<meta property=\"og:description\" content=\"Distribuiamo i prodotti Macherey Nagel: dalle cartucce SPE Chromabond alle colonne LC Nucleosil, Nucleodur e Nucleoshell.\" \/>\n<meta property=\"og:url\" content=\"https:\/\/www.orion-scientific.com\/orisci22\/rivenditori-macherey-nagel\/\" \/>\n<meta property=\"og:site_name\" content=\"Orion Scientific Srl\" \/>\n<meta property=\"article:modified_time\" content=\"2026-02-13T08:39:10+00:00\" \/>\n<meta property=\"og:image\" content=\"https:\/\/www.orion-scientific.com\/orisci22\/wp-content\/uploads\/2025\/07\/Linea.png\" \/>\n\t<meta property=\"og:image:width\" content=\"800\" \/>\n\t<meta property=\"og:image:height\" content=\"50\" \/>\n\t<meta property=\"og:image:type\" content=\"image\/png\" \/>\n<meta name=\"twitter:card\" content=\"summary_large_image\" \/>\n<meta name=\"twitter:label1\" content=\"Tempo di lettura stimato\" \/>\n\t<meta name=\"twitter:data1\" content=\"2 minuti\" \/>\n<script type=\"application\/ld+json\" class=\"yoast-schema-graph\">{\"@context\":\"https:\/\/schema.org\",\"@graph\":[{\"@type\":\"WebPage\",\"@id\":\"https:\/\/www.orion-scientific.com\/orisci22\/rivenditori-macherey-nagel\/\",\"url\":\"https:\/\/www.orion-scientific.com\/orisci22\/rivenditori-macherey-nagel\/\",\"name\":\"Rivenditori Macherey Nagel: cartucce Chromabond e colonne LC\",\"isPartOf\":{\"@id\":\"https:\/\/www.orion-scientific.com\/orisci22\/#website\"},\"primaryImageOfPage\":{\"@id\":\"https:\/\/www.orion-scientific.com\/orisci22\/rivenditori-macherey-nagel\/#primaryimage\"},\"image\":{\"@id\":\"https:\/\/www.orion-scientific.com\/orisci22\/rivenditori-macherey-nagel\/#primaryimage\"},\"thumbnailUrl\":\"https:\/\/www.orion-scientific.com\/orisci22\/wp-content\/uploads\/2025\/07\/Linea.png\",\"datePublished\":\"2023-02-06T09:22:59+00:00\",\"dateModified\":\"2026-02-13T08:39:10+00:00\",\"description\":\"Distribuiamo i prodotti Macherey Nagel: dalle cartucce SPE Chromabond alle colonne LC Nucleosil, Nucleodur e Nucleoshell.\",\"breadcrumb\":{\"@id\":\"https:\/\/www.orion-scientific.com\/orisci22\/rivenditori-macherey-nagel\/#breadcrumb\"},\"inLanguage\":\"it-IT\",\"potentialAction\":[{\"@type\":\"ReadAction\",\"target\":[\"https:\/\/www.orion-scientific.com\/orisci22\/rivenditori-macherey-nagel\/\"]}]},{\"@type\":\"ImageObject\",\"inLanguage\":\"it-IT\",\"@id\":\"https:\/\/www.orion-scientific.com\/orisci22\/rivenditori-macherey-nagel\/#primaryimage\",\"url\":\"https:\/\/www.orion-scientific.com\/orisci22\/wp-content\/uploads\/2025\/07\/Linea.png\",\"contentUrl\":\"https:\/\/www.orion-scientific.com\/orisci22\/wp-content\/uploads\/2025\/07\/Linea.png\",\"width\":800,\"height\":50},{\"@type\":\"BreadcrumbList\",\"@id\":\"https:\/\/www.orion-scientific.com\/orisci22\/rivenditori-macherey-nagel\/#breadcrumb\",\"itemListElement\":[{\"@type\":\"ListItem\",\"position\":1,\"name\":\"Home\",\"item\":\"https:\/\/www.orion-scientific.com\/orisci22\/\"},{\"@type\":\"ListItem\",\"position\":2,\"name\":\"Rivenditori Macherey Nagel\"}]},{\"@type\":\"WebSite\",\"@id\":\"https:\/\/www.orion-scientific.com\/orisci22\/#website\",\"url\":\"https:\/\/www.orion-scientific.com\/orisci22\/\",\"name\":\"Orion Scientific Srl\",\"description\":\"The Laboratory World\",\"publisher\":{\"@id\":\"https:\/\/www.orion-scientific.com\/orisci22\/#organization\"},\"potentialAction\":[{\"@type\":\"SearchAction\",\"target\":{\"@type\":\"EntryPoint\",\"urlTemplate\":\"https:\/\/www.orion-scientific.com\/orisci22\/?s={search_term_string}\"},\"query-input\":{\"@type\":\"PropertyValueSpecification\",\"valueRequired\":true,\"valueName\":\"search_term_string\"}}],\"inLanguage\":\"it-IT\"},{\"@type\":\"Organization\",\"@id\":\"https:\/\/www.orion-scientific.com\/orisci22\/#organization\",\"name\":\"Orion Scientific Srl\",\"url\":\"https:\/\/www.orion-scientific.com\/orisci22\/\",\"logo\":{\"@type\":\"ImageObject\",\"inLanguage\":\"it-IT\",\"@id\":\"https:\/\/www.orion-scientific.com\/orisci22\/#\/schema\/logo\/image\/\",\"url\":\"https:\/\/orion-scientific.com\/orisci22\/wp-content\/uploads\/2021\/12\/logo_orion_scientific_011.png\",\"contentUrl\":\"https:\/\/orion-scientific.com\/orisci22\/wp-content\/uploads\/2021\/12\/logo_orion_scientific_011.png\",\"width\":896,\"height\":350,\"caption\":\"Orion Scientific Srl\"},\"image\":{\"@id\":\"https:\/\/www.orion-scientific.com\/orisci22\/#\/schema\/logo\/image\/\"},\"sameAs\":[\"https:\/\/it.linkedin.com\/company\/orion-scientific-srl\"]}]}<\/script>\n<!-- \/ Yoast SEO plugin. -->","yoast_head_json":{"title":"Rivenditori Macherey Nagel: cartucce Chromabond e colonne LC","description":"Distribuiamo i prodotti Macherey Nagel: dalle cartucce SPE Chromabond alle colonne LC Nucleosil, Nucleodur e Nucleoshell.","robots":{"index":"index","follow":"follow","max-snippet":"max-snippet:-1","max-image-preview":"max-image-preview:large","max-video-preview":"max-video-preview:-1"},"canonical":"https:\/\/www.orion-scientific.com\/orisci22\/rivenditori-macherey-nagel\/","og_locale":"it_IT","og_type":"article","og_title":"Rivenditori Macherey Nagel: cartucce Chromabond e colonne LC","og_description":"Distribuiamo i prodotti Macherey Nagel: dalle cartucce SPE Chromabond alle colonne LC Nucleosil, Nucleodur e Nucleoshell.","og_url":"https:\/\/www.orion-scientific.com\/orisci22\/rivenditori-macherey-nagel\/","og_site_name":"Orion Scientific Srl","article_modified_time":"2026-02-13T08:39:10+00:00","og_image":[{"width":800,"height":50,"url":"https:\/\/www.orion-scientific.com\/orisci22\/wp-content\/uploads\/2025\/07\/Linea.png","type":"image\/png"}],"twitter_card":"summary_large_image","twitter_misc":{"Tempo di lettura stimato":"2 minuti"},"schema":{"@context":"https:\/\/schema.org","@graph":[{"@type":"WebPage","@id":"https:\/\/www.orion-scientific.com\/orisci22\/rivenditori-macherey-nagel\/","url":"https:\/\/www.orion-scientific.com\/orisci22\/rivenditori-macherey-nagel\/","name":"Rivenditori Macherey Nagel: cartucce Chromabond e colonne LC","isPartOf":{"@id":"https:\/\/www.orion-scientific.com\/orisci22\/#website"},"primaryImageOfPage":{"@id":"https:\/\/www.orion-scientific.com\/orisci22\/rivenditori-macherey-nagel\/#primaryimage"},"image":{"@id":"https:\/\/www.orion-scientific.com\/orisci22\/rivenditori-macherey-nagel\/#primaryimage"},"thumbnailUrl":"https:\/\/www.orion-scientific.com\/orisci22\/wp-content\/uploads\/2025\/07\/Linea.png","datePublished":"2023-02-06T09:22:59+00:00","dateModified":"2026-02-13T08:39:10+00:00","description":"Distribuiamo i prodotti Macherey Nagel: dalle cartucce SPE Chromabond alle colonne LC Nucleosil, Nucleodur e Nucleoshell.","breadcrumb":{"@id":"https:\/\/www.orion-scientific.com\/orisci22\/rivenditori-macherey-nagel\/#breadcrumb"},"inLanguage":"it-IT","potentialAction":[{"@type":"ReadAction","target":["https:\/\/www.orion-scientific.com\/orisci22\/rivenditori-macherey-nagel\/"]}]},{"@type":"ImageObject","inLanguage":"it-IT","@id":"https:\/\/www.orion-scientific.com\/orisci22\/rivenditori-macherey-nagel\/#primaryimage","url":"https:\/\/www.orion-scientific.com\/orisci22\/wp-content\/uploads\/2025\/07\/Linea.png","contentUrl":"https:\/\/www.orion-scientific.com\/orisci22\/wp-content\/uploads\/2025\/07\/Linea.png","width":800,"height":50},{"@type":"BreadcrumbList","@id":"https:\/\/www.orion-scientific.com\/orisci22\/rivenditori-macherey-nagel\/#breadcrumb","itemListElement":[{"@type":"ListItem","position":1,"name":"Home","item":"https:\/\/www.orion-scientific.com\/orisci22\/"},{"@type":"ListItem","position":2,"name":"Rivenditori Macherey Nagel"}]},{"@type":"WebSite","@id":"https:\/\/www.orion-scientific.com\/orisci22\/#website","url":"https:\/\/www.orion-scientific.com\/orisci22\/","name":"Orion Scientific Srl","description":"The Laboratory World","publisher":{"@id":"https:\/\/www.orion-scientific.com\/orisci22\/#organization"},"potentialAction":[{"@type":"SearchAction","target":{"@type":"EntryPoint","urlTemplate":"https:\/\/www.orion-scientific.com\/orisci22\/?s={search_term_string}"},"query-input":{"@type":"PropertyValueSpecification","valueRequired":true,"valueName":"search_term_string"}}],"inLanguage":"it-IT"},{"@type":"Organization","@id":"https:\/\/www.orion-scientific.com\/orisci22\/#organization","name":"Orion Scientific Srl","url":"https:\/\/www.orion-scientific.com\/orisci22\/","logo":{"@type":"ImageObject","inLanguage":"it-IT","@id":"https:\/\/www.orion-scientific.com\/orisci22\/#\/schema\/logo\/image\/","url":"https:\/\/orion-scientific.com\/orisci22\/wp-content\/uploads\/2021\/12\/logo_orion_scientific_011.png","contentUrl":"https:\/\/orion-scientific.com\/orisci22\/wp-content\/uploads\/2021\/12\/logo_orion_scientific_011.png","width":896,"height":350,"caption":"Orion Scientific Srl"},"image":{"@id":"https:\/\/www.orion-scientific.com\/orisci22\/#\/schema\/logo\/image\/"},"sameAs":["https:\/\/it.linkedin.com\/company\/orion-scientific-srl"]}]}},"_links":{"self":[{"href":"https:\/\/www.orion-scientific.com\/orisci22\/wp-json\/wp\/v2\/pages\/3685","targetHints":{"allow":["GET"]}}],"collection":[{"href":"https:\/\/www.orion-scientific.com\/orisci22\/wp-json\/wp\/v2\/pages"}],"about":[{"href":"https:\/\/www.orion-scientific.com\/orisci22\/wp-json\/wp\/v2\/types\/page"}],"author":[{"embeddable":true,"href":"https:\/\/www.orion-scientific.com\/orisci22\/wp-json\/wp\/v2\/users\/3"}],"replies":[{"embeddable":true,"href":"https:\/\/www.orion-scientific.com\/orisci22\/wp-json\/wp\/v2\/comments?post=3685"}],"version-history":[{"count":30,"href":"https:\/\/www.orion-scientific.com\/orisci22\/wp-json\/wp\/v2\/pages\/3685\/revisions"}],"predecessor-version":[{"id":6337,"href":"https:\/\/www.orion-scientific.com\/orisci22\/wp-json\/wp\/v2\/pages\/3685\/revisions\/6337"}],"wp:attachment":[{"href":"https:\/\/www.orion-scientific.com\/orisci22\/wp-json\/wp\/v2\/media?parent=3685"}],"curies":[{"name":"wp","href":"https:\/\/api.w.org\/{rel}","templated":true}]}}