{"id":3639,"date":"2023-01-23T14:26:34","date_gmt":"2023-01-23T13:26:34","guid":{"rendered":"https:\/\/www.orion-scientific.com\/orisci22\/?page_id=3639"},"modified":"2023-02-06T10:35:42","modified_gmt":"2023-02-06T09:35:42","slug":"rivenditori-uct","status":"publish","type":"page","link":"https:\/\/www.orion-scientific.com\/orisci22\/rivenditori-uct\/","title":{"rendered":"Rivenditori UCT"},"content":{"rendered":"\n<div style=\"height:38px\" aria-hidden=\"true\" class=\"wp-block-spacer\"><\/div>\n\n\n\n<h3 class=\"has-text-color wp-block-heading\" id=\"h-siamo-distributori-uct\" style=\"color:#639f4c\">Siamo distributori UCT<\/h3>\n\n\n\n<div style=\"height:38px\" aria-hidden=\"true\" class=\"wp-block-spacer\"><\/div>\n\n\n\n<h4 class=\"wp-block-heading\">L&#8217;Azienda UCT<\/h4>\n\n\n\n<p>Fondata nel 1986 a Horsham in Pennsylvania (USA), United Chemical Technologies, Inc. (UCT, Inc.) nasce come produttore di adsorbenti dedicati all\u2019estrazione in fase solida, e diventa, nel corso degli anni, un importante player nell\u2019ambito delle specialit\u00e0 chimiche, della cromatografia e della preparazione del campione. L\u2019acquisizione nel 1993 UCT del ramo di azienda dedicato alle specialit\u00e0 chimiche di Huls America (ex Petrarch\u00ae) consente una ulteriore espansione nell\u2019ambito della produzione di silani, permettendo, quindi, un maggiore controllo dei processi chimici coinvolti nella produzione di fasi funzionalizzate ad alta qualit\u00e0.<\/p>\n\n\n\n<p>Oggi UCT, Inc. opera in due divisioni distinte.<\/p>\n\n\n\n<div style=\"height:38px\" aria-hidden=\"true\" class=\"wp-block-spacer\"><\/div>\n\n\n\n<h4 class=\"wp-block-heading\">I prodotti UCT che rivendiamo<\/h4>\n\n\n\n<p>United Chemical Technologies produce prodotti per cromatografia e per la preparazione del campione per laboratori di chimica analitica. Insieme ai sorbenti per la preparazione del campione, UCT offre anche tutti i reagenti e gli strumenti necessari per eseguire la preparazione dei campioni, derivatizzanti, enzimi idrolizzanti, sali tampone.<\/p>\n\n\n\n<p>UCT Specialties, LLC \u00e8 il produttore della linea Petrarch\u00ae di prodotti chimici a base di silicio. I prodotti di questa linea includono silani, siliconi e catalizzatori.<\/p>\n\n\n\n<figure class=\"wp-block-image size-large\"><img fetchpriority=\"high\" decoding=\"async\" width=\"1024\" height=\"379\" src=\"https:\/\/www.orion-scientific.com\/orisci22\/wp-content\/uploads\/2023\/02\/uct-1024x379.png\" alt=\"\" class=\"wp-image-3698\" srcset=\"https:\/\/www.orion-scientific.com\/orisci22\/wp-content\/uploads\/2023\/02\/uct-1024x379.png 1024w, https:\/\/www.orion-scientific.com\/orisci22\/wp-content\/uploads\/2023\/02\/uct-300x111.png 300w, https:\/\/www.orion-scientific.com\/orisci22\/wp-content\/uploads\/2023\/02\/uct-768x284.png 768w, https:\/\/www.orion-scientific.com\/orisci22\/wp-content\/uploads\/2023\/02\/uct.png 1466w\" sizes=\"(max-width: 1024px) 100vw, 1024px\" \/><\/figure>\n\n\n\n<p><\/p>\n\n\n\n<p><strong>SPE<\/strong><\/p>\n\n\n\n<p>Un portafoglio completo di fasi idrofobici, polari, ionici o miste dedicate ai diversi ambiti applicativi.<\/p>\n\n\n\n<p><strong>Clean Screen<\/strong><strong>\u00ae<\/strong> dal 1986, \u00e8 leader del settore con prodotti e applicazioni di estrazione in fase solida affidabili e riproducibili. Le fasi Clean Screen sono adsorbenti co-polimerici che contengono gruppi funzionali idrofobici, idrofilici,&nbsp; a scambio ionico funzionalizzati in modo univoco su un substrato di silice. Il design e la qualit\u00e0 di Clean Screen offrono pulizia, recupero e riproducibilit\u00e0. Le separazioni in modalit\u00e0 mista consentono la massima selettivit\u00e0 per l&#8217;estrazione di composti acidi, neutri e basici. Questa selettivit\u00e0 rende Clean Screen ideale sia per lo screening che per l&#8217;analisi di conferma praticamente per tutte le analisi cliniche e tossicologiche.<\/p>\n\n\n\n<p>Le cartucce di estrazione in fase solida (SPE) <strong>Enviro-Clean<\/strong><strong>\u00ae<\/strong> sono progettate specificamente per le analisi ambientali e la purificazione di analiti quali pesticidi, erbicidi, idrocarburi poliaromatici, bifenili e policlorurati. Utilizzando adsorbenti di estrazione ultra-puliti insieme a frit in PTFE chimicamente resistenti, \u00e8 possibile purificare matrici complessi, ridurre la soppressione ionica e l\u2019effetto matrici &nbsp;e raggiungere livelli di sensibilit\u00e0 conformi alle stringenti normative.<\/p>\n\n\n\n<p>I sorbenti per estrazione <strong>Styre Screen\u00ae<\/strong> sono formulati con un sorbente copolimero di stirene e divinilbenzene funzionalizzato con fasi idrofiliche, idrofobiche o di scambio ionico standard nonch\u00e9 fasi co-polimeriche come la fase DBX. Le particelle di Styre Screen hanno una dimensione media delle particelle di 30 micron. Il sorbente Styre Screen elimina anche la necessit\u00e0 di una fase iniziale di condizionamento della colonna diventando cos\u00ec vantaggiose anche in termini di tempi e costi.<\/p>\n\n\n\n<p><strong>QuEChERS<\/strong><\/p>\n\n\n\n<p>I prodotti QuEChERS sono dedicati alla preparazione dei campioni rapida e semplice per l&#8217;analisi multi-residuale di pesticidi, micotossine. Includono kit sia per il metodo ORIGINAL, AOAC 2007.01 o del EN 15662 con miscele di Sali dedicate per la d-SPE in funzione della matrice.<\/p>\n\n\n\n<p>Per ottimizzare riproducibilit\u00e0 analitica e produttivit\u00e0 sono stati studiati prodotti innovativi quali ad esempio:<\/p>\n\n\n\n<ul class=\"wp-block-list\">\n<li>ChloroFiltr\u00ae: un sorbente polimerico disponibile in esclusiva, progettato per sostituire il GCB per la rimozione efficiente della clorofilla senza perdita di analiti planari<\/li>\n<\/ul>\n\n\n\n<ul class=\"wp-block-list\">\n<li>LipiFiltr\u00ae: una cartuccia di purificazione push-thru LipiFiltr\u00ae di facile utilizzo progettata per rimuovere i lipidi a seguito dell\u2019estrazione in acetonitrile<\/li>\n<\/ul>\n\n\n\n<ul class=\"wp-block-list\">\n<li>QuICK QuEChERS (Push-thru): le cartucce push-thru QUICK QuEChERS eliminano la necessit\u00e0 di agitare e centrifugare i campioni a seguito della fase di estrazione, riducendo significativamente il tempo di preparazione del campione<\/li>\n<\/ul>\n\n\n\n<figure class=\"wp-block-image size-full\"><img decoding=\"async\" width=\"634\" height=\"230\" src=\"https:\/\/www.orion-scientific.com\/orisci22\/wp-content\/uploads\/2023\/02\/uct2.png\" alt=\"\" class=\"wp-image-3700\" srcset=\"https:\/\/www.orion-scientific.com\/orisci22\/wp-content\/uploads\/2023\/02\/uct2.png 634w, https:\/\/www.orion-scientific.com\/orisci22\/wp-content\/uploads\/2023\/02\/uct2-300x109.png 300w\" sizes=\"(max-width: 634px) 100vw, 634px\" \/><\/figure>\n\n\n\n<div style=\"height:38px\" aria-hidden=\"true\" class=\"wp-block-spacer\"><\/div>\n\n\n\n<h4 class=\"wp-block-heading\">Gli stumenti UCT che distribuiamo<\/h4>\n\n\n\n<p><strong>HydraFlow\u00ae<\/strong> Manifold dedicato ai laboratori che necessitano di purificare grandi volumi d&#8217;acqua dotato di 4 canali indipendenti per evitare eventuali contaminazioni. La raccolta differenziata di solventi organici e acquosi contribuisce ad un efficace sistema di gestione dei rifiuti e ad un risparmio di costi a lungo termine.<\/p>\n\n\n\n<p>Evaporatore <strong>SPeVAP\u00ae<\/strong> per l&#8217;evaporazione di solventi fino a 60 ml di volume, la concentrazione dei campioni, con la possibilit\u00e0 di memorizzare diversi programmi al fine di ottimizzare la produttivit\u00e0 del laboratorio.<\/p>\n\n\n\n<figure class=\"wp-block-image size-full\"><img decoding=\"async\" width=\"779\" height=\"303\" src=\"https:\/\/www.orion-scientific.com\/orisci22\/wp-content\/uploads\/2023\/02\/utc-3.png\" alt=\"\" class=\"wp-image-3701\" srcset=\"https:\/\/www.orion-scientific.com\/orisci22\/wp-content\/uploads\/2023\/02\/utc-3.png 779w, https:\/\/www.orion-scientific.com\/orisci22\/wp-content\/uploads\/2023\/02\/utc-3-300x117.png 300w, https:\/\/www.orion-scientific.com\/orisci22\/wp-content\/uploads\/2023\/02\/utc-3-768x299.png 768w\" sizes=\"(max-width: 779px) 100vw, 779px\" \/><\/figure>\n\n\n\n<div style=\"height:51px\" aria-hidden=\"true\" class=\"wp-block-spacer\"><\/div>\n\n\n\n<p class=\"has-text-align-center\"><strong>Siamo rivenditori ufficiali UCT (United Chemical Technologies)<\/strong><\/p>\n\n\n\n<p><\/p>\n\n\n\n<div style=\"height:55px\" aria-hidden=\"true\" class=\"wp-block-spacer\"><\/div>\n\n\n\n<div class=\"wp-block-buttons is-content-justification-center is-layout-flex wp-container-core-buttons-is-layout-16018d1d wp-block-buttons-is-layout-flex\">\n<div class=\"wp-block-button has-custom-font-size has-small-font-size\"><a class=\"wp-block-button__link has-background wp-element-button\" href=\"mailto:marketing@orion-scientific.com?subject=Richiesta UCT\" style=\"background-color:#639f4c\">Richiedi informazioni o un preventivo<\/a><\/div>\n<\/div>\n","protected":false},"excerpt":{"rendered":"<p>Siamo distributori UCT L&#8217;Azienda UCT Fondata nel 1986 a Horsham in Pennsylvania (USA), United Chemical Technologies, Inc. (UCT, Inc.) nasce come produttore di adsorbenti dedicati all\u2019estrazione in fase solida, e diventa, nel corso degli anni, un importante player nell\u2019ambito delle specialit\u00e0 chimiche, della cromatografia e della preparazione del campione. L\u2019acquisizione nel 1993 UCT del ramo&hellip;<\/p>\n","protected":false},"author":3,"featured_media":0,"parent":0,"menu_order":0,"comment_status":"closed","ping_status":"closed","template":"","meta":{"_themeisle_gutenberg_block_has_review":false,"footnotes":""},"class_list":["post-3639","page","type-page","status-publish","hentry"],"yoast_head":"<!-- This site is optimized with the Yoast SEO plugin v24.4 - https:\/\/yoast.com\/wordpress\/plugins\/seo\/ -->\n<title>Rivenditori ufficiali prodotti UCT - United Chemical Technologies<\/title>\n<meta name=\"description\" content=\"Distribuiamo i prodotti UCT United Chemical Technologies per cromatografia e per la preparazione del campione.\" \/>\n<meta name=\"robots\" content=\"index, follow, max-snippet:-1, max-image-preview:large, max-video-preview:-1\" \/>\n<link rel=\"canonical\" href=\"https:\/\/www.orion-scientific.com\/orisci22\/rivenditori-uct\/\" \/>\n<meta property=\"og:locale\" content=\"it_IT\" \/>\n<meta property=\"og:type\" content=\"article\" \/>\n<meta property=\"og:title\" content=\"Rivenditori ufficiali prodotti UCT - United Chemical Technologies\" \/>\n<meta property=\"og:description\" content=\"Distribuiamo i prodotti UCT United Chemical Technologies per cromatografia e per la preparazione del campione.\" \/>\n<meta property=\"og:url\" content=\"https:\/\/www.orion-scientific.com\/orisci22\/rivenditori-uct\/\" \/>\n<meta property=\"og:site_name\" content=\"Orion Scientific Srl\" \/>\n<meta property=\"article:modified_time\" content=\"2023-02-06T09:35:42+00:00\" \/>\n<meta property=\"og:image\" content=\"https:\/\/www.orion-scientific.com\/orisci22\/wp-content\/uploads\/2023\/02\/uct-1024x379.png\" \/>\n<meta name=\"twitter:card\" content=\"summary_large_image\" \/>\n<meta name=\"twitter:label1\" content=\"Tempo di lettura stimato\" \/>\n\t<meta name=\"twitter:data1\" content=\"5 minuti\" \/>\n<script type=\"application\/ld+json\" class=\"yoast-schema-graph\">{\"@context\":\"https:\/\/schema.org\",\"@graph\":[{\"@type\":\"WebPage\",\"@id\":\"https:\/\/www.orion-scientific.com\/orisci22\/rivenditori-uct\/\",\"url\":\"https:\/\/www.orion-scientific.com\/orisci22\/rivenditori-uct\/\",\"name\":\"Rivenditori ufficiali prodotti UCT - United Chemical Technologies\",\"isPartOf\":{\"@id\":\"https:\/\/www.orion-scientific.com\/orisci22\/#website\"},\"primaryImageOfPage\":{\"@id\":\"https:\/\/www.orion-scientific.com\/orisci22\/rivenditori-uct\/#primaryimage\"},\"image\":{\"@id\":\"https:\/\/www.orion-scientific.com\/orisci22\/rivenditori-uct\/#primaryimage\"},\"thumbnailUrl\":\"https:\/\/www.orion-scientific.com\/orisci22\/wp-content\/uploads\/2023\/02\/uct-1024x379.png\",\"datePublished\":\"2023-01-23T13:26:34+00:00\",\"dateModified\":\"2023-02-06T09:35:42+00:00\",\"description\":\"Distribuiamo i prodotti UCT United Chemical Technologies per cromatografia e per la preparazione del campione.\",\"breadcrumb\":{\"@id\":\"https:\/\/www.orion-scientific.com\/orisci22\/rivenditori-uct\/#breadcrumb\"},\"inLanguage\":\"it-IT\",\"potentialAction\":[{\"@type\":\"ReadAction\",\"target\":[\"https:\/\/www.orion-scientific.com\/orisci22\/rivenditori-uct\/\"]}]},{\"@type\":\"ImageObject\",\"inLanguage\":\"it-IT\",\"@id\":\"https:\/\/www.orion-scientific.com\/orisci22\/rivenditori-uct\/#primaryimage\",\"url\":\"https:\/\/www.orion-scientific.com\/orisci22\/wp-content\/uploads\/2023\/02\/uct.png\",\"contentUrl\":\"https:\/\/www.orion-scientific.com\/orisci22\/wp-content\/uploads\/2023\/02\/uct.png\",\"width\":1466,\"height\":542},{\"@type\":\"BreadcrumbList\",\"@id\":\"https:\/\/www.orion-scientific.com\/orisci22\/rivenditori-uct\/#breadcrumb\",\"itemListElement\":[{\"@type\":\"ListItem\",\"position\":1,\"name\":\"Home\",\"item\":\"https:\/\/www.orion-scientific.com\/orisci22\/\"},{\"@type\":\"ListItem\",\"position\":2,\"name\":\"Rivenditori UCT\"}]},{\"@type\":\"WebSite\",\"@id\":\"https:\/\/www.orion-scientific.com\/orisci22\/#website\",\"url\":\"https:\/\/www.orion-scientific.com\/orisci22\/\",\"name\":\"Orion Scientific Srl\",\"description\":\"The Laboratory World\",\"publisher\":{\"@id\":\"https:\/\/www.orion-scientific.com\/orisci22\/#organization\"},\"potentialAction\":[{\"@type\":\"SearchAction\",\"target\":{\"@type\":\"EntryPoint\",\"urlTemplate\":\"https:\/\/www.orion-scientific.com\/orisci22\/?s={search_term_string}\"},\"query-input\":{\"@type\":\"PropertyValueSpecification\",\"valueRequired\":true,\"valueName\":\"search_term_string\"}}],\"inLanguage\":\"it-IT\"},{\"@type\":\"Organization\",\"@id\":\"https:\/\/www.orion-scientific.com\/orisci22\/#organization\",\"name\":\"Orion Scientific Srl\",\"url\":\"https:\/\/www.orion-scientific.com\/orisci22\/\",\"logo\":{\"@type\":\"ImageObject\",\"inLanguage\":\"it-IT\",\"@id\":\"https:\/\/www.orion-scientific.com\/orisci22\/#\/schema\/logo\/image\/\",\"url\":\"https:\/\/orion-scientific.com\/orisci22\/wp-content\/uploads\/2021\/12\/logo_orion_scientific_011.png\",\"contentUrl\":\"https:\/\/orion-scientific.com\/orisci22\/wp-content\/uploads\/2021\/12\/logo_orion_scientific_011.png\",\"width\":896,\"height\":350,\"caption\":\"Orion Scientific Srl\"},\"image\":{\"@id\":\"https:\/\/www.orion-scientific.com\/orisci22\/#\/schema\/logo\/image\/\"},\"sameAs\":[\"https:\/\/it.linkedin.com\/company\/orion-scientific-srl\"]}]}<\/script>\n<!-- \/ Yoast SEO plugin. -->","yoast_head_json":{"title":"Rivenditori ufficiali prodotti UCT - United Chemical Technologies","description":"Distribuiamo i prodotti UCT United Chemical Technologies per cromatografia e per la preparazione del campione.","robots":{"index":"index","follow":"follow","max-snippet":"max-snippet:-1","max-image-preview":"max-image-preview:large","max-video-preview":"max-video-preview:-1"},"canonical":"https:\/\/www.orion-scientific.com\/orisci22\/rivenditori-uct\/","og_locale":"it_IT","og_type":"article","og_title":"Rivenditori ufficiali prodotti UCT - United Chemical Technologies","og_description":"Distribuiamo i prodotti UCT United Chemical Technologies per cromatografia e per la preparazione del campione.","og_url":"https:\/\/www.orion-scientific.com\/orisci22\/rivenditori-uct\/","og_site_name":"Orion Scientific Srl","article_modified_time":"2023-02-06T09:35:42+00:00","og_image":[{"url":"https:\/\/www.orion-scientific.com\/orisci22\/wp-content\/uploads\/2023\/02\/uct-1024x379.png","type":"","width":"","height":""}],"twitter_card":"summary_large_image","twitter_misc":{"Tempo di lettura stimato":"5 minuti"},"schema":{"@context":"https:\/\/schema.org","@graph":[{"@type":"WebPage","@id":"https:\/\/www.orion-scientific.com\/orisci22\/rivenditori-uct\/","url":"https:\/\/www.orion-scientific.com\/orisci22\/rivenditori-uct\/","name":"Rivenditori ufficiali prodotti UCT - United Chemical Technologies","isPartOf":{"@id":"https:\/\/www.orion-scientific.com\/orisci22\/#website"},"primaryImageOfPage":{"@id":"https:\/\/www.orion-scientific.com\/orisci22\/rivenditori-uct\/#primaryimage"},"image":{"@id":"https:\/\/www.orion-scientific.com\/orisci22\/rivenditori-uct\/#primaryimage"},"thumbnailUrl":"https:\/\/www.orion-scientific.com\/orisci22\/wp-content\/uploads\/2023\/02\/uct-1024x379.png","datePublished":"2023-01-23T13:26:34+00:00","dateModified":"2023-02-06T09:35:42+00:00","description":"Distribuiamo i prodotti UCT United Chemical Technologies per cromatografia e per la preparazione del campione.","breadcrumb":{"@id":"https:\/\/www.orion-scientific.com\/orisci22\/rivenditori-uct\/#breadcrumb"},"inLanguage":"it-IT","potentialAction":[{"@type":"ReadAction","target":["https:\/\/www.orion-scientific.com\/orisci22\/rivenditori-uct\/"]}]},{"@type":"ImageObject","inLanguage":"it-IT","@id":"https:\/\/www.orion-scientific.com\/orisci22\/rivenditori-uct\/#primaryimage","url":"https:\/\/www.orion-scientific.com\/orisci22\/wp-content\/uploads\/2023\/02\/uct.png","contentUrl":"https:\/\/www.orion-scientific.com\/orisci22\/wp-content\/uploads\/2023\/02\/uct.png","width":1466,"height":542},{"@type":"BreadcrumbList","@id":"https:\/\/www.orion-scientific.com\/orisci22\/rivenditori-uct\/#breadcrumb","itemListElement":[{"@type":"ListItem","position":1,"name":"Home","item":"https:\/\/www.orion-scientific.com\/orisci22\/"},{"@type":"ListItem","position":2,"name":"Rivenditori UCT"}]},{"@type":"WebSite","@id":"https:\/\/www.orion-scientific.com\/orisci22\/#website","url":"https:\/\/www.orion-scientific.com\/orisci22\/","name":"Orion Scientific Srl","description":"The Laboratory World","publisher":{"@id":"https:\/\/www.orion-scientific.com\/orisci22\/#organization"},"potentialAction":[{"@type":"SearchAction","target":{"@type":"EntryPoint","urlTemplate":"https:\/\/www.orion-scientific.com\/orisci22\/?s={search_term_string}"},"query-input":{"@type":"PropertyValueSpecification","valueRequired":true,"valueName":"search_term_string"}}],"inLanguage":"it-IT"},{"@type":"Organization","@id":"https:\/\/www.orion-scientific.com\/orisci22\/#organization","name":"Orion Scientific Srl","url":"https:\/\/www.orion-scientific.com\/orisci22\/","logo":{"@type":"ImageObject","inLanguage":"it-IT","@id":"https:\/\/www.orion-scientific.com\/orisci22\/#\/schema\/logo\/image\/","url":"https:\/\/orion-scientific.com\/orisci22\/wp-content\/uploads\/2021\/12\/logo_orion_scientific_011.png","contentUrl":"https:\/\/orion-scientific.com\/orisci22\/wp-content\/uploads\/2021\/12\/logo_orion_scientific_011.png","width":896,"height":350,"caption":"Orion Scientific Srl"},"image":{"@id":"https:\/\/www.orion-scientific.com\/orisci22\/#\/schema\/logo\/image\/"},"sameAs":["https:\/\/it.linkedin.com\/company\/orion-scientific-srl"]}]}},"_links":{"self":[{"href":"https:\/\/www.orion-scientific.com\/orisci22\/wp-json\/wp\/v2\/pages\/3639","targetHints":{"allow":["GET"]}}],"collection":[{"href":"https:\/\/www.orion-scientific.com\/orisci22\/wp-json\/wp\/v2\/pages"}],"about":[{"href":"https:\/\/www.orion-scientific.com\/orisci22\/wp-json\/wp\/v2\/types\/page"}],"author":[{"embeddable":true,"href":"https:\/\/www.orion-scientific.com\/orisci22\/wp-json\/wp\/v2\/users\/3"}],"replies":[{"embeddable":true,"href":"https:\/\/www.orion-scientific.com\/orisci22\/wp-json\/wp\/v2\/comments?post=3639"}],"version-history":[{"count":23,"href":"https:\/\/www.orion-scientific.com\/orisci22\/wp-json\/wp\/v2\/pages\/3639\/revisions"}],"predecessor-version":[{"id":3702,"href":"https:\/\/www.orion-scientific.com\/orisci22\/wp-json\/wp\/v2\/pages\/3639\/revisions\/3702"}],"wp:attachment":[{"href":"https:\/\/www.orion-scientific.com\/orisci22\/wp-json\/wp\/v2\/media?parent=3639"}],"curies":[{"name":"wp","href":"https:\/\/api.w.org\/{rel}","templated":true}]}}