{"id":2336,"date":"2022-02-02T23:15:30","date_gmt":"2022-02-02T22:15:30","guid":{"rendered":"https:\/\/oriscientific243224dfweb.netsons.org\/?page_id=2336"},"modified":"2025-12-09T10:30:33","modified_gmt":"2025-12-09T09:30:33","slug":"consumabile-standard-certificati-crm","status":"publish","type":"page","link":"https:\/\/www.orion-scientific.com\/orisci22\/consumabile-standard-certificati-crm\/","title":{"rendered":"Consumabile &#8211; Standard Certificati CRM"},"content":{"rendered":"\t\t<div data-elementor-type=\"wp-page\" data-elementor-id=\"2336\" class=\"elementor elementor-2336\">\n\t\t\t\t\t\t<section class=\"elementor-section elementor-top-section elementor-element elementor-element-c79d5f9 elementor-section-stretched elementor-section-boxed elementor-section-height-default elementor-section-height-default\" data-id=\"c79d5f9\" data-element_type=\"section\" data-settings=\"{&quot;stretch_section&quot;:&quot;section-stretched&quot;}\">\n\t\t\t\t\t\t<div class=\"elementor-container elementor-column-gap-default\">\n\t\t\t\t\t<div class=\"elementor-column elementor-col-100 elementor-top-column elementor-element elementor-element-740e9ee\" data-id=\"740e9ee\" data-element_type=\"column\">\n\t\t\t<div class=\"elementor-widget-wrap elementor-element-populated\">\n\t\t\t\t\t\t<div class=\"elementor-element elementor-element-4b636bf elementor-widget elementor-widget-heading\" data-id=\"4b636bf\" data-element_type=\"widget\" data-widget_type=\"heading.default\">\n\t\t\t\t<div class=\"elementor-widget-container\">\n\t\t\t\t\t<h2 class=\"elementor-heading-title elementor-size-default\">Thermo Scientific\u2122 Standard Certificati CRM<\/h2>\t\t\t\t<\/div>\n\t\t\t\t<\/div>\n\t\t\t\t\t<\/div>\n\t\t<\/div>\n\t\t\t\t\t<\/div>\n\t\t<\/section>\n\t\t\t\t<section class=\"elementor-section elementor-top-section elementor-element elementor-element-d7e55f5 elementor-section-stretched elementor-section-boxed elementor-section-height-default elementor-section-height-default\" data-id=\"d7e55f5\" data-element_type=\"section\" data-settings=\"{&quot;stretch_section&quot;:&quot;section-stretched&quot;}\">\n\t\t\t\t\t\t<div class=\"elementor-container elementor-column-gap-default\">\n\t\t\t\t\t<div class=\"elementor-column elementor-col-100 elementor-top-column elementor-element elementor-element-9f69868\" data-id=\"9f69868\" data-element_type=\"column\">\n\t\t\t<div class=\"elementor-widget-wrap elementor-element-populated\">\n\t\t\t\t\t\t<div class=\"elementor-element elementor-element-a83ad72 elementor-widget elementor-widget-text-editor\" data-id=\"a83ad72\" data-element_type=\"widget\" data-widget_type=\"text-editor.default\">\n\t\t\t\t<div class=\"elementor-widget-container\">\n\t\t\t\t\t\t\t\t\t<p>Materiali di riferimento certificati <strong>inorganici<\/strong> (per AAS, ICP, ICP e IC) <strong>organici<\/strong> (per GC, LC) sia a catalogo sia personalizzati, per <strong>farmacopea <\/strong>(EU, US, International, Chinese, Japanese, etc), <strong>soluzioni<\/strong> di pH, torbidit\u00e0 e conducibilit\u00e0.<\/p><p>Ogni standard \u00e8 prodotto secondo\u00a0 ISO 9001, ISO\/IEC 17025,\u00a0 ed ISO 17034:2016, rigorosamente testato, analizzato come prodotto finito e accompagnato da un certificato di analisi.<\/p><p>\u00a0<\/p>\t\t\t\t\t\t\t\t<\/div>\n\t\t\t\t<\/div>\n\t\t\t\t\t<\/div>\n\t\t<\/div>\n\t\t\t\t\t<\/div>\n\t\t<\/section>\n\t\t\t\t<section class=\"elementor-section elementor-top-section elementor-element elementor-element-0bd3d53 elementor-section-stretched elementor-section-boxed elementor-section-height-default elementor-section-height-default\" data-id=\"0bd3d53\" data-element_type=\"section\" data-settings=\"{&quot;stretch_section&quot;:&quot;section-stretched&quot;}\">\n\t\t\t\t\t\t<div class=\"elementor-container elementor-column-gap-default\">\n\t\t\t\t\t<div class=\"elementor-column elementor-col-50 elementor-top-column elementor-element elementor-element-a57219e\" data-id=\"a57219e\" data-element_type=\"column\">\n\t\t\t<div class=\"elementor-widget-wrap elementor-element-populated\">\n\t\t\t\t\t\t<div class=\"elementor-element elementor-element-669fa79 elementor-widget elementor-widget-image\" data-id=\"669fa79\" data-element_type=\"widget\" data-widget_type=\"image.default\">\n\t\t\t\t<div class=\"elementor-widget-container\">\n\t\t\t\t\t\t\t\t\t\t\t\t\t\t\t<img decoding=\"async\" width=\"199\" height=\"198\" src=\"https:\/\/www.orion-scientific.com\/orisci22\/wp-content\/uploads\/2021\/11\/021_Standard_ReagentiCertificati.png\" class=\"attachment-large size-large wp-image-1345\" alt=\"Standard Certificati CRM\" srcset=\"https:\/\/www.orion-scientific.com\/orisci22\/wp-content\/uploads\/2021\/11\/021_Standard_ReagentiCertificati.png 199w, https:\/\/www.orion-scientific.com\/orisci22\/wp-content\/uploads\/2021\/11\/021_Standard_ReagentiCertificati-150x150.png 150w\" sizes=\"(max-width: 199px) 100vw, 199px\" \/>\t\t\t\t\t\t\t\t\t\t\t\t\t\t\t<\/div>\n\t\t\t\t<\/div>\n\t\t\t\t\t<\/div>\n\t\t<\/div>\n\t\t\t\t<div class=\"elementor-column elementor-col-50 elementor-top-column elementor-element elementor-element-0d3f999\" data-id=\"0d3f999\" data-element_type=\"column\">\n\t\t\t<div class=\"elementor-widget-wrap elementor-element-populated\">\n\t\t\t\t\t\t<div class=\"elementor-element elementor-element-d625f57 elementor-widget elementor-widget-text-editor\" data-id=\"d625f57\" data-element_type=\"widget\" data-widget_type=\"text-editor.default\">\n\t\t\t\t<div class=\"elementor-widget-container\">\n\t\t\t\t\t\t\t\t\t<h3><strong>Standard e Reagenti Certificati<\/strong><\/h3>\t\t\t\t\t\t\t\t<\/div>\n\t\t\t\t<\/div>\n\t\t\t\t\t<\/div>\n\t\t<\/div>\n\t\t\t\t\t<\/div>\n\t\t<\/section>\n\t\t\t\t<section class=\"elementor-section elementor-top-section elementor-element elementor-element-fc104e4 elementor-section-stretched elementor-section-boxed elementor-section-height-default elementor-section-height-default\" data-id=\"fc104e4\" data-element_type=\"section\" data-settings=\"{&quot;stretch_section&quot;:&quot;section-stretched&quot;}\">\n\t\t\t\t\t\t<div class=\"elementor-container elementor-column-gap-default\">\n\t\t\t\t\t<div class=\"elementor-column elementor-col-100 elementor-top-column elementor-element elementor-element-7de5a98\" data-id=\"7de5a98\" data-element_type=\"column\">\n\t\t\t<div class=\"elementor-widget-wrap elementor-element-populated\">\n\t\t\t\t\t\t<div class=\"elementor-element elementor-element-5c6ce5b elementor-widget elementor-widget-text-editor\" data-id=\"5c6ce5b\" data-element_type=\"widget\" data-widget_type=\"text-editor.default\">\n\t\t\t\t<div class=\"elementor-widget-container\">\n\t\t\t\t\t\t\t\t\t<p>Soluzioni derivatizzanti, reagenti di coppia ionica, standard di peptidi, soluzioni certificate per sviluppare metodi LC e GC robusti e ottenere risultati analitici accurati e sicuri. In particolare:<\/p><ul><li><em>Inorganic Certified Reference Materials<\/em> (CRM) \u2013 per AAS, ICP, ICP\/MS &amp; IC<\/li><li><em>Organic Certified Reference Materials<\/em> (CRM) \u2013 per GC, GC\/MS, LC, LC\/MS<\/li><li><em>Pharmacopoeia Products<\/em><\/li><li><em>Analytical Certified Reference Materials<\/em> (CRM)<\/li><\/ul>\t\t\t\t\t\t\t\t<\/div>\n\t\t\t\t<\/div>\n\t\t\t\t\t<\/div>\n\t\t<\/div>\n\t\t\t\t\t<\/div>\n\t\t<\/section>\n\t\t\t\t<section class=\"elementor-section elementor-top-section elementor-element elementor-element-2b883fe elementor-section-boxed elementor-section-height-default elementor-section-height-default\" data-id=\"2b883fe\" data-element_type=\"section\">\n\t\t\t\t\t\t<div class=\"elementor-container elementor-column-gap-default\">\n\t\t\t\t\t<div class=\"elementor-column elementor-col-100 elementor-top-column elementor-element elementor-element-7a30735\" data-id=\"7a30735\" data-element_type=\"column\">\n\t\t\t<div class=\"elementor-widget-wrap elementor-element-populated\">\n\t\t\t\t\t\t<div class=\"elementor-element elementor-element-13a26e5 elementor-align-right elementor-widget elementor-widget-button\" data-id=\"13a26e5\" data-element_type=\"widget\" data-widget_type=\"button.default\">\n\t\t\t\t<div class=\"elementor-widget-container\">\n\t\t\t\t\t\t\t\t\t<div class=\"elementor-button-wrapper\">\n\t\t\t\t\t<a class=\"elementor-button elementor-button-link elementor-size-md elementor-animation-shrink\" href=\"https:\/\/orion-scientific.com\/orisci22\/contatti\/#titoloform\">\n\t\t\t\t\t\t<span class=\"elementor-button-content-wrapper\">\n\t\t\t\t\t\t\t\t\t<span class=\"elementor-button-text\">RICHIEDI INFORMAZIONI<\/span>\n\t\t\t\t\t<\/span>\n\t\t\t\t\t<\/a>\n\t\t\t\t<\/div>\n\t\t\t\t\t\t\t\t<\/div>\n\t\t\t\t<\/div>\n\t\t\t\t\t<\/div>\n\t\t<\/div>\n\t\t\t\t\t<\/div>\n\t\t<\/section>\n\t\t\t\t<\/div>\n\t\t","protected":false},"excerpt":{"rendered":"<p>Thermo Scientific\u2122 Standard Certificati CRM Materiali di riferimento certificati inorganici (per AAS, ICP, ICP e IC) organici (per GC, LC) sia a catalogo sia personalizzati, per farmacopea (EU, US, International, Chinese, Japanese, etc), soluzioni di pH, torbidit\u00e0 e conducibilit\u00e0. Ogni standard \u00e8 prodotto secondo\u00a0 ISO 9001, ISO\/IEC 17025,\u00a0 ed ISO 17034:2016, rigorosamente testato, analizzato come&hellip;<\/p>\n","protected":false},"author":1,"featured_media":0,"parent":0,"menu_order":0,"comment_status":"closed","ping_status":"closed","template":"","meta":{"_themeisle_gutenberg_block_has_review":false,"footnotes":""},"class_list":["post-2336","page","type-page","status-publish","hentry"],"yoast_head":"<!-- This site is optimized with the Yoast SEO plugin v24.4 - https:\/\/yoast.com\/wordpress\/plugins\/seo\/ -->\n<title>Standard Certificati CRM<\/title>\n<meta name=\"description\" content=\"Soluzioni CRM (Certified Reference Material) ISO 12034 e ISO\/IEC 17025 per AAS, ICP, ICP\/MS &amp; IC, composti organici per GC, LC e Pharmacopeia.\" \/>\n<meta name=\"robots\" content=\"index, follow, max-snippet:-1, max-image-preview:large, max-video-preview:-1\" \/>\n<link rel=\"canonical\" href=\"https:\/\/www.orion-scientific.com\/orisci22\/consumabile-standard-certificati-crm\/\" \/>\n<meta property=\"og:locale\" content=\"it_IT\" \/>\n<meta property=\"og:type\" content=\"article\" \/>\n<meta property=\"og:title\" content=\"Standard Certificati CRM\" \/>\n<meta property=\"og:description\" content=\"Soluzioni CRM (Certified Reference Material) ISO 12034 e ISO\/IEC 17025 per AAS, ICP, ICP\/MS &amp; IC, composti organici per GC, LC e Pharmacopeia.\" \/>\n<meta property=\"og:url\" content=\"https:\/\/www.orion-scientific.com\/orisci22\/consumabile-standard-certificati-crm\/\" \/>\n<meta property=\"og:site_name\" content=\"Orion Scientific Srl\" \/>\n<meta property=\"article:modified_time\" content=\"2025-12-09T09:30:33+00:00\" \/>\n<meta property=\"og:image\" content=\"https:\/\/www.orion-scientific.com\/orisci22\/wp-content\/uploads\/2021\/11\/021_Standard_ReagentiCertificati.png\" \/>\n\t<meta property=\"og:image:width\" content=\"199\" \/>\n\t<meta property=\"og:image:height\" content=\"198\" \/>\n\t<meta property=\"og:image:type\" content=\"image\/png\" \/>\n<meta name=\"twitter:card\" content=\"summary_large_image\" \/>\n<meta name=\"twitter:label1\" content=\"Tempo di lettura stimato\" \/>\n\t<meta name=\"twitter:data1\" content=\"1 minuto\" \/>\n<script type=\"application\/ld+json\" class=\"yoast-schema-graph\">{\"@context\":\"https:\/\/schema.org\",\"@graph\":[{\"@type\":\"WebPage\",\"@id\":\"https:\/\/www.orion-scientific.com\/orisci22\/consumabile-standard-certificati-crm\/\",\"url\":\"https:\/\/www.orion-scientific.com\/orisci22\/consumabile-standard-certificati-crm\/\",\"name\":\"Standard Certificati CRM\",\"isPartOf\":{\"@id\":\"https:\/\/www.orion-scientific.com\/orisci22\/#website\"},\"primaryImageOfPage\":{\"@id\":\"https:\/\/www.orion-scientific.com\/orisci22\/consumabile-standard-certificati-crm\/#primaryimage\"},\"image\":{\"@id\":\"https:\/\/www.orion-scientific.com\/orisci22\/consumabile-standard-certificati-crm\/#primaryimage\"},\"thumbnailUrl\":\"https:\/\/www.orion-scientific.com\/orisci22\/wp-content\/uploads\/2021\/11\/021_Standard_ReagentiCertificati.png\",\"datePublished\":\"2022-02-02T22:15:30+00:00\",\"dateModified\":\"2025-12-09T09:30:33+00:00\",\"description\":\"Soluzioni CRM (Certified Reference Material) ISO 12034 e ISO\/IEC 17025 per AAS, ICP, ICP\/MS & IC, composti organici per GC, LC e Pharmacopeia.\",\"breadcrumb\":{\"@id\":\"https:\/\/www.orion-scientific.com\/orisci22\/consumabile-standard-certificati-crm\/#breadcrumb\"},\"inLanguage\":\"it-IT\",\"potentialAction\":[{\"@type\":\"ReadAction\",\"target\":[\"https:\/\/www.orion-scientific.com\/orisci22\/consumabile-standard-certificati-crm\/\"]}]},{\"@type\":\"ImageObject\",\"inLanguage\":\"it-IT\",\"@id\":\"https:\/\/www.orion-scientific.com\/orisci22\/consumabile-standard-certificati-crm\/#primaryimage\",\"url\":\"https:\/\/www.orion-scientific.com\/orisci22\/wp-content\/uploads\/2021\/11\/021_Standard_ReagentiCertificati.png\",\"contentUrl\":\"https:\/\/www.orion-scientific.com\/orisci22\/wp-content\/uploads\/2021\/11\/021_Standard_ReagentiCertificati.png\",\"width\":199,\"height\":198,\"caption\":\"Standard Certificati CRM\"},{\"@type\":\"BreadcrumbList\",\"@id\":\"https:\/\/www.orion-scientific.com\/orisci22\/consumabile-standard-certificati-crm\/#breadcrumb\",\"itemListElement\":[{\"@type\":\"ListItem\",\"position\":1,\"name\":\"Home\",\"item\":\"https:\/\/www.orion-scientific.com\/orisci22\/\"},{\"@type\":\"ListItem\",\"position\":2,\"name\":\"Consumabile &#8211; Standard Certificati CRM\"}]},{\"@type\":\"WebSite\",\"@id\":\"https:\/\/www.orion-scientific.com\/orisci22\/#website\",\"url\":\"https:\/\/www.orion-scientific.com\/orisci22\/\",\"name\":\"Orion Scientific Srl\",\"description\":\"The Laboratory World\",\"publisher\":{\"@id\":\"https:\/\/www.orion-scientific.com\/orisci22\/#organization\"},\"potentialAction\":[{\"@type\":\"SearchAction\",\"target\":{\"@type\":\"EntryPoint\",\"urlTemplate\":\"https:\/\/www.orion-scientific.com\/orisci22\/?s={search_term_string}\"},\"query-input\":{\"@type\":\"PropertyValueSpecification\",\"valueRequired\":true,\"valueName\":\"search_term_string\"}}],\"inLanguage\":\"it-IT\"},{\"@type\":\"Organization\",\"@id\":\"https:\/\/www.orion-scientific.com\/orisci22\/#organization\",\"name\":\"Orion Scientific Srl\",\"url\":\"https:\/\/www.orion-scientific.com\/orisci22\/\",\"logo\":{\"@type\":\"ImageObject\",\"inLanguage\":\"it-IT\",\"@id\":\"https:\/\/www.orion-scientific.com\/orisci22\/#\/schema\/logo\/image\/\",\"url\":\"https:\/\/orion-scientific.com\/orisci22\/wp-content\/uploads\/2021\/12\/logo_orion_scientific_011.png\",\"contentUrl\":\"https:\/\/orion-scientific.com\/orisci22\/wp-content\/uploads\/2021\/12\/logo_orion_scientific_011.png\",\"width\":896,\"height\":350,\"caption\":\"Orion Scientific Srl\"},\"image\":{\"@id\":\"https:\/\/www.orion-scientific.com\/orisci22\/#\/schema\/logo\/image\/\"},\"sameAs\":[\"https:\/\/it.linkedin.com\/company\/orion-scientific-srl\"]}]}<\/script>\n<!-- \/ Yoast SEO plugin. -->","yoast_head_json":{"title":"Standard Certificati CRM","description":"Soluzioni CRM (Certified Reference Material) ISO 12034 e ISO\/IEC 17025 per AAS, ICP, ICP\/MS & IC, composti organici per GC, LC e Pharmacopeia.","robots":{"index":"index","follow":"follow","max-snippet":"max-snippet:-1","max-image-preview":"max-image-preview:large","max-video-preview":"max-video-preview:-1"},"canonical":"https:\/\/www.orion-scientific.com\/orisci22\/consumabile-standard-certificati-crm\/","og_locale":"it_IT","og_type":"article","og_title":"Standard Certificati CRM","og_description":"Soluzioni CRM (Certified Reference Material) ISO 12034 e ISO\/IEC 17025 per AAS, ICP, ICP\/MS & IC, composti organici per GC, LC e Pharmacopeia.","og_url":"https:\/\/www.orion-scientific.com\/orisci22\/consumabile-standard-certificati-crm\/","og_site_name":"Orion Scientific Srl","article_modified_time":"2025-12-09T09:30:33+00:00","og_image":[{"width":199,"height":198,"url":"https:\/\/www.orion-scientific.com\/orisci22\/wp-content\/uploads\/2021\/11\/021_Standard_ReagentiCertificati.png","type":"image\/png"}],"twitter_card":"summary_large_image","twitter_misc":{"Tempo di lettura stimato":"1 minuto"},"schema":{"@context":"https:\/\/schema.org","@graph":[{"@type":"WebPage","@id":"https:\/\/www.orion-scientific.com\/orisci22\/consumabile-standard-certificati-crm\/","url":"https:\/\/www.orion-scientific.com\/orisci22\/consumabile-standard-certificati-crm\/","name":"Standard Certificati CRM","isPartOf":{"@id":"https:\/\/www.orion-scientific.com\/orisci22\/#website"},"primaryImageOfPage":{"@id":"https:\/\/www.orion-scientific.com\/orisci22\/consumabile-standard-certificati-crm\/#primaryimage"},"image":{"@id":"https:\/\/www.orion-scientific.com\/orisci22\/consumabile-standard-certificati-crm\/#primaryimage"},"thumbnailUrl":"https:\/\/www.orion-scientific.com\/orisci22\/wp-content\/uploads\/2021\/11\/021_Standard_ReagentiCertificati.png","datePublished":"2022-02-02T22:15:30+00:00","dateModified":"2025-12-09T09:30:33+00:00","description":"Soluzioni CRM (Certified Reference Material) ISO 12034 e ISO\/IEC 17025 per AAS, ICP, ICP\/MS & IC, composti organici per GC, LC e Pharmacopeia.","breadcrumb":{"@id":"https:\/\/www.orion-scientific.com\/orisci22\/consumabile-standard-certificati-crm\/#breadcrumb"},"inLanguage":"it-IT","potentialAction":[{"@type":"ReadAction","target":["https:\/\/www.orion-scientific.com\/orisci22\/consumabile-standard-certificati-crm\/"]}]},{"@type":"ImageObject","inLanguage":"it-IT","@id":"https:\/\/www.orion-scientific.com\/orisci22\/consumabile-standard-certificati-crm\/#primaryimage","url":"https:\/\/www.orion-scientific.com\/orisci22\/wp-content\/uploads\/2021\/11\/021_Standard_ReagentiCertificati.png","contentUrl":"https:\/\/www.orion-scientific.com\/orisci22\/wp-content\/uploads\/2021\/11\/021_Standard_ReagentiCertificati.png","width":199,"height":198,"caption":"Standard Certificati CRM"},{"@type":"BreadcrumbList","@id":"https:\/\/www.orion-scientific.com\/orisci22\/consumabile-standard-certificati-crm\/#breadcrumb","itemListElement":[{"@type":"ListItem","position":1,"name":"Home","item":"https:\/\/www.orion-scientific.com\/orisci22\/"},{"@type":"ListItem","position":2,"name":"Consumabile &#8211; Standard Certificati CRM"}]},{"@type":"WebSite","@id":"https:\/\/www.orion-scientific.com\/orisci22\/#website","url":"https:\/\/www.orion-scientific.com\/orisci22\/","name":"Orion Scientific Srl","description":"The Laboratory World","publisher":{"@id":"https:\/\/www.orion-scientific.com\/orisci22\/#organization"},"potentialAction":[{"@type":"SearchAction","target":{"@type":"EntryPoint","urlTemplate":"https:\/\/www.orion-scientific.com\/orisci22\/?s={search_term_string}"},"query-input":{"@type":"PropertyValueSpecification","valueRequired":true,"valueName":"search_term_string"}}],"inLanguage":"it-IT"},{"@type":"Organization","@id":"https:\/\/www.orion-scientific.com\/orisci22\/#organization","name":"Orion Scientific Srl","url":"https:\/\/www.orion-scientific.com\/orisci22\/","logo":{"@type":"ImageObject","inLanguage":"it-IT","@id":"https:\/\/www.orion-scientific.com\/orisci22\/#\/schema\/logo\/image\/","url":"https:\/\/orion-scientific.com\/orisci22\/wp-content\/uploads\/2021\/12\/logo_orion_scientific_011.png","contentUrl":"https:\/\/orion-scientific.com\/orisci22\/wp-content\/uploads\/2021\/12\/logo_orion_scientific_011.png","width":896,"height":350,"caption":"Orion Scientific Srl"},"image":{"@id":"https:\/\/www.orion-scientific.com\/orisci22\/#\/schema\/logo\/image\/"},"sameAs":["https:\/\/it.linkedin.com\/company\/orion-scientific-srl"]}]}},"_links":{"self":[{"href":"https:\/\/www.orion-scientific.com\/orisci22\/wp-json\/wp\/v2\/pages\/2336","targetHints":{"allow":["GET"]}}],"collection":[{"href":"https:\/\/www.orion-scientific.com\/orisci22\/wp-json\/wp\/v2\/pages"}],"about":[{"href":"https:\/\/www.orion-scientific.com\/orisci22\/wp-json\/wp\/v2\/types\/page"}],"author":[{"embeddable":true,"href":"https:\/\/www.orion-scientific.com\/orisci22\/wp-json\/wp\/v2\/users\/1"}],"replies":[{"embeddable":true,"href":"https:\/\/www.orion-scientific.com\/orisci22\/wp-json\/wp\/v2\/comments?post=2336"}],"version-history":[{"count":33,"href":"https:\/\/www.orion-scientific.com\/orisci22\/wp-json\/wp\/v2\/pages\/2336\/revisions"}],"predecessor-version":[{"id":6329,"href":"https:\/\/www.orion-scientific.com\/orisci22\/wp-json\/wp\/v2\/pages\/2336\/revisions\/6329"}],"wp:attachment":[{"href":"https:\/\/www.orion-scientific.com\/orisci22\/wp-json\/wp\/v2\/media?parent=2336"}],"curies":[{"name":"wp","href":"https:\/\/api.w.org\/{rel}","templated":true}]}}